
{"id":51,"date":"2017-06-28T15:17:00","date_gmt":"2017-06-28T13:17:00","guid":{"rendered":"http:\/\/labs.ummto.dz\/lmpa\/?page_id=51"},"modified":"2021-08-25T17:58:21","modified_gmt":"2021-08-25T15:58:21","slug":"nos-objectifs","status":"publish","type":"page","link":"http:\/\/labs.ummto.dz\/lmpa\/index.php\/nos-objectifs\/","title":{"rendered":"Nos Objectifs"},"content":{"rendered":"<pre><span style=\"color: #000000;\">Le Laboratoire LMPA \u00a0place sa visibilit\u00e9 internationale au c\u0153ur de ses pr\u00e9occupations et consid\u00e8re cet aspect comme axe structurant sa politique en mati\u00e8re de formation et de recherche.<\/span><\/pre>\n<p><strong><span style=\"text-decoration: underline;\"><span style=\"color: #000080; text-decoration: underline;\">Objectifs atteints (recherche, formation, autres) :<\/span> <\/span><\/strong><span style=\"color: #000000;\">Depuis 2003 :<\/span><img loading=\"lazy\" class=\"alignnone wp-image-157 alignright\" src=\"http:\/\/labs.ummto.dz\/lmpa\/wp-content\/uploads\/2017\/06\/objectif-650x380-300x175-300x175.jpg\" alt=\"\" width=\"274\" height=\"160\" \/><\/p>\n<ul>\n<li><strong><span style=\"color: #000000;\">131 Publications, dont 118<\/span> <a href=\"http:\/\/labs.ummto.dz\/lmpa\/index.php\/publications-internationales\/\">publications internationales<\/a><\/strong> et <strong>13 <a href=\"http:\/\/labs.ummto.dz\/lmpa\/index.php\/publications-nationales\/\">publications nationales<\/a><\/strong> <span style=\"color: #000000;\">r\u00e9alis\u00e9es.<\/span><\/li>\n<li><span style=\"color: #000000;\"><strong>154 Communications, dont 88<\/strong> <a href=\"http:\/\/labs.ummto.dz\/lmpa\/index.php\/communication-internationale\/\"><strong>Communications Internationales<\/strong><\/a> &amp; <strong>66 <a href=\"http:\/\/labs.ummto.dz\/lmpa\/index.php\/communication-nationale\/\">Communications Nationales<\/a><\/strong><\/span><\/li>\n<li><span style=\"color: #000000;\"><strong>85<\/strong><\/span>\u00a0<a href=\"http:\/\/labs.ummto.dz\/lmpa\/index.php\/masters-soutenus\/\"><strong>m\u00e9moires de master<\/strong><\/a> <span style=\"color: #000000;\">soutenus et encadr\u00e9s dans le laboratoire.<\/span><\/li>\n<li><strong><span style=\"color: #000000;\">29<\/span><\/strong> <a href=\"http:\/\/labs.ummto.dz\/lmpa\/index.php\/memoires-de-magister-encadres-et-soutenus\/\"><strong>th\u00e8ses de magister<\/strong><\/a> <span style=\"color: #000000;\">soutenues et encadr\u00e9es dans le laboratoire.<\/span><\/li>\n<li><strong><span style=\"color: #000000;\">29<\/span><\/strong> <a href=\"http:\/\/labs.ummto.dz\/lmpa\/index.php\/theses-de-doctorat-encadrees-et-soutenues\/\"><strong>th\u00e8ses de doctorat<\/strong><\/a> <span style=\"color: #000000;\">soutenues et encadr\u00e9es dans le laboratoire.<\/span><\/li>\n<li><span style=\"color: #000000;\"><strong>09<\/strong><\/span> <a href=\"http:\/\/labs.ummto.dz\/lmpa\/index.php\/habilitation_universitaire\/\"><strong>Habilitations universitaires<\/strong><\/a> <span style=\"color: #000000;\">soutenues par des membres du laboratoire, leur encadrement (magister et doctorat) \u00e9tait assur\u00e9 par des chercheurs de notre laboratoire.<\/span><\/li>\n<li><span style=\"color: #000000;\">Sur le plan<\/span> <strong><a href=\"http:\/\/labs.ummto.dz\/lmpa\/index.php\/formation-doctorale\/\">formation doctorale<\/a><\/strong>, <span style=\"color: #000000;\"><strong>26<\/strong> th\u00e8ses de doctorat sont en cours d&rsquo;encadrement.\u00a0<\/span><\/li>\n<li><span style=\"color: #000000;\"><strong>02<\/strong> formations Master (Analyse Math\u00e9matique et Probabilit\u00e9s &amp; Statistique) sont adoss\u00e9es au LMPA.<\/span><\/li>\n<li><span style=\"color: #000000;\"><strong>01<\/strong> \u00e9cole doctorale<\/span>\u00a0 <span style=\"color: #000000;\">(Analyse Math\u00e9matique et Probabilit\u00e9s &amp; Statistique) est aussi adoss\u00e9e au LMPA.<\/span><\/li>\n<li><span style=\"color: #000000;\"><strong>16<\/strong> projets CNEPRU\/PRFU et <strong>01<\/strong> projet PNR ont \u00e9t\u00e9 r\u00e9alis\u00e9s. <\/span><\/li>\n<li><span style=\"color: #000000;\"><strong>06<\/strong> PRFU sont en cours de mise en \u0153uvre.\u00a0<\/span><\/li>\n<li><span style=\"color: #000000;\">Deux projets internationaux ont \u00e9t\u00e9 mis en place par les \u00e9quipes du LMPA, notamment:<\/span>\n<ul>\n<li><span style=\"color: #000000;\">Projet Tassili\/CMEP. Partenaire: universit\u00e9 de Rouen (2007-2010).\u00a0<\/span><\/li>\n<li><span style=\"color: #000000;\">Coop\u00e9ration Projet international PCI M\u00e9diterran\u00e9e Alg\u00e9rie-Espagne sur l\u2019ing\u00e9nierie de la \u00a0d\u00e9cision \u00a0statistique avec\u00a0 Rey Juan Carlos university, Madrid, 2009-2010.\u00a0<\/span><\/li>\n<\/ul>\n<\/li>\n<li><span style=\"color: #000000;\">Parall\u00e8lement \u00e0 cela, nous avons anim\u00e9 avec plus ou moins de r\u00e9gularit\u00e9, un s\u00e9minaire hebdomadaire du laboratoire \u00e9largi \u00e0 tous les enseignants.<\/span><\/li>\n<li><span style=\"color: #000000;\">Nous avons aussi particip\u00e9, \u00e0 c\u00f4t\u00e9 du d\u00e9partement de math\u00e9matiques et de la facult\u00e9 des sciences de l&rsquo;UMMTO, \u00e0 l\u2019organisation de<\/span> <strong style=\"color: #000000;\">09 <a href=\"http:\/\/labs.ummto.dz\/lmpa\/index.php\/colloques\/\">manifestations scientifiques<\/a>.<\/strong><\/li>\n<\/ul>\n<p><span style=\"text-decoration: underline;\"><strong><span style=\"color: #000080; text-decoration: underline;\">Objectifs de recherche scientifique et de d\u00e9veloppement technologique<\/span><\/strong><\/span><\/p>\n<ul>\n<li style=\"list-style-type: none;\">\n<ul>\n<li><span style=\"color: #000000;\">Contribuer au d\u00e9veloppement de la recherche sur les diff\u00e9rents th\u00e8mes retenus.<\/span><\/li>\n<li><span style=\"color: #000000;\">Assurer une formation de qualit\u00e9 en post-graduation dans nos sp\u00e9cialit\u00e9s.<\/span><\/li>\n<li><span style=\"color: #000000;\">Mettre en place et favoriser un environnement propice \u00e0 l\u2019activit\u00e9 de recherche et de formation sp\u00e9cialis\u00e9e.<\/span><\/li>\n<\/ul>\n<\/li>\n<\/ul>\n","protected":false},"excerpt":{"rendered":"<p>Le Laboratoire LMPA \u00a0place sa visibilit\u00e9 internationale au c\u0153ur de ses pr\u00e9occupations et consid\u00e8re cet aspect comme axe structurant sa politique en mati\u00e8re de formation et de recherche. Objectifs atteints (recherche, formation, autres) :&#46;&#46;&#46;<\/p>\n","protected":false},"author":1,"featured_media":0,"parent":0,"menu_order":0,"comment_status":"closed","ping_status":"closed","template":"","meta":[],"_links":{"self":[{"href":"http:\/\/labs.ummto.dz\/lmpa\/index.php\/wp-json\/wp\/v2\/pages\/51"}],"collection":[{"href":"http:\/\/labs.ummto.dz\/lmpa\/index.php\/wp-json\/wp\/v2\/pages"}],"about":[{"href":"http:\/\/labs.ummto.dz\/lmpa\/index.php\/wp-json\/wp\/v2\/types\/page"}],"author":[{"embeddable":true,"href":"http:\/\/labs.ummto.dz\/lmpa\/index.php\/wp-json\/wp\/v2\/users\/1"}],"replies":[{"embeddable":true,"href":"http:\/\/labs.ummto.dz\/lmpa\/index.php\/wp-json\/wp\/v2\/comments?post=51"}],"version-history":[{"count":20,"href":"http:\/\/labs.ummto.dz\/lmpa\/index.php\/wp-json\/wp\/v2\/pages\/51\/revisions"}],"predecessor-version":[{"id":857,"href":"http:\/\/labs.ummto.dz\/lmpa\/index.php\/wp-json\/wp\/v2\/pages\/51\/revisions\/857"}],"wp:attachment":[{"href":"http:\/\/labs.ummto.dz\/lmpa\/index.php\/wp-json\/wp\/v2\/media?parent=51"}],"curies":[{"name":"wp","href":"https:\/\/api.w.org\/{rel}","templated":true}]}}