
{"id":53,"date":"2017-06-28T15:17:17","date_gmt":"2017-06-28T13:17:17","guid":{"rendered":"http:\/\/labs.ummto.dz\/lmpa\/?page_id=53"},"modified":"2021-08-20T14:08:45","modified_gmt":"2021-08-20T12:08:45","slug":"presentation","status":"publish","type":"page","link":"http:\/\/labs.ummto.dz\/lmpa\/index.php\/presentation\/","title":{"rendered":"Pr\u00e9sentation"},"content":{"rendered":"<h4><span style=\"color: #000080;\"><strong>Pr\u00e9sentation du laboratoire LMPA: <\/strong><\/span><\/h4>\n<p><span style=\"color: #000000;\">Le Laboratoire de Math\u00e9matiques Pures et Appliqu\u00e9es est une unit\u00e9 de recherche cr\u00e9\u00e9e en 2003 \u00e0 l\u2019Universit\u00e9 Mouloud Mammeri de Tizi-Ouzou. Il a pour mission de cr\u00e9er une dynamique de recherche entre enseignants et \u00e9tudiants et de contribuer \u00e0 la recherche scientifique et le d\u00e9veloppement technologique. <\/span><\/p>\n<p><span style=\"color: #000000;\">Suite aux nouvelles dispositions pr\u00e9vues par la loi d\u2019orientation sur la recherche scientifique et le d\u00e9veloppement technologique N\u00b0 15-21 du 31 D\u00e9cembre 2015, le laboratoire LMPA est affili\u00e9 \u00e0 <a style=\"color: #000000;\" href=\"https:\/\/atrst.dz\/\" target=\"_blank\" rel=\"noopener\">l\u2019<span style=\"color: #0000ff;\"><strong>Agence Th\u00e9matique de Recherche en Sciences et Technologie (ATRST).<\/strong><\/span><\/a><\/span><\/p>\n<p><span style=\"color: #000000;\">Le Laboratoire est compos\u00e9 de 57 Chercheurs r\u00e9partis comme suit:<\/span><\/p>\n<table style=\"height: 228px;\" width=\"253\">\n<tbody>\n<tr>\n<td style=\"padding-left: 40px;\" colspan=\"2\" width=\"236\"><strong>Composante humaine du LMPA<\/strong><\/td>\n<\/tr>\n<tr>\n<td><strong>Professeur<\/strong><\/td>\n<td><strong>6<\/strong><\/td>\n<\/tr>\n<tr>\n<td width=\"190\"><strong>Maitre de conf\u00e9rences A (MCA)<\/strong><\/td>\n<td><strong>4<\/strong><\/td>\n<\/tr>\n<tr>\n<td width=\"190\"><strong>Maitre de conf\u00e9rences B (MCB)<\/strong><\/td>\n<td><strong>20<\/strong><\/td>\n<\/tr>\n<tr>\n<td><strong>Doctorants<\/strong><\/td>\n<td><strong>27<\/strong><\/td>\n<\/tr>\n<tr>\n<td><strong>Total des chercheurs<\/strong><\/td>\n<td><strong>57<\/strong><\/td>\n<\/tr>\n<\/tbody>\n<\/table>\n<p><span style=\"color: #000000;\">Les activit\u00e9s du laboratoire sont essentiellement <\/span><span style=\"color: #000000;\">de deux types :<\/span><\/p>\n<ol>\n<li><span style=\"color: #000000;\">Contributions scientifiques dans les diff\u00e9rents th\u00e8mes de recherche des six \u00e9quipes qui composent actuellement notre laboratoire.<\/span><\/li>\n<li><span style=\"color: #000000;\">Formation post-gradu\u00e9e. Elle est assur\u00e9e \u00e0 travers des sp\u00e9cialit\u00e9s de Master; \u00c9coles doctorales et Magister.<\/span><\/li>\n<\/ol>\n<ul>\n<li style=\"list-style-type: none;\">\n<ul>\n<li style=\"list-style-type: none;\">\n<ul>\n<li><span style=\"color: #000000;\">Magister Optimisation et Recherche op\u00e9rationnelle<\/span><\/li>\n<li><span style=\"color: #000000;\">\u00c9cole doctorale Analyse<\/span><\/li>\n<li><span style=\"color: #000000;\">\u00c9cole doctorale Statistique<\/span><\/li>\n<li><span style=\"color: #000000;\">Masters: Probabilit\u00e9s et statistique; Analyse Math\u00e9matique et Recherche op\u00e9rationnelle.<\/span><\/li>\n<\/ul>\n<\/li>\n<\/ul>\n<\/li>\n<\/ul>\n<p><span style=\"color: #000000;\">Plusieurs th\u00e8ses de Doctorat, essentiellement issues de ces options de Magister et \u00c9coles doctorales sont \u00e9galement en cours de r\u00e9alisation dans le laboratoire, avec un encadrement assur\u00e9 par des chercheurs du laboratoire. Un nombre appr\u00e9ciable de th\u00e8ses est sur la bonne voie \u00e0 c\u00f4t\u00e9 de celles d\u00e9j\u00e0 r\u00e9alis\u00e9es.<\/span><\/p>\n<p><!--more--><\/p>\n<h4><span style=\"color: #000000;\"><strong><span style=\"color: #000080;\">Th\u00e8mes de Recherche du Laboratoire LMPA<\/span><br \/>\n<\/strong><\/span><\/h4>\n<ol>\n<li style=\"list-style-type: none;\">\n<ol>\n<li style=\"list-style-type: none;\">\n<ol>\n<li><span style=\"color: #000000;\">Fonctions et processus presque p\u00e9riodiques.<\/span><\/li>\n<li><span style=\"color: #000000;\">\u00c9quations diff\u00e9rentielles stochastiques.<\/span><\/li>\n<li><span style=\"color: #000000;\">\u00c9quations aux d\u00e9riv\u00e9es partielles<\/span><\/li>\n<li><span style=\"color: #000000;\">G\u00e9om\u00e9trie des espaces du type Orlicz.<\/span><\/li>\n<li><span style=\"color: #000000;\">Robustesse des m\u00e9thodes statistiques et s\u00e9ries chronologiques<\/span><\/li>\n<li><span style=\"color: #000000;\">Techniques statistiques et num\u00e9riques.<\/span><\/li>\n<li><span style=\"color: #000000;\">Processus stochastiques et statistique des processus.<\/span><\/li>\n<li><span style=\"color: #000000;\">Analyse des donn\u00e9es.<\/span><\/li>\n<li><span style=\"color: #000000;\">Contr\u00f4le des syst\u00e8mes dynamiques<\/span><\/li>\n<li><span style=\"color: #000000;\">Observateurs d&rsquo;\u00e9tat des syst\u00e8mes dynamiques<\/span><\/li>\n<\/ol>\n<\/li>\n<\/ol>\n<\/li>\n<\/ol>\n<p><!--more--><\/p>\n<ul>\n<li>\n<h4><strong><span style=\"color: #000080;\">Les \u00c9quipes de Recherche<\/span><\/strong><\/h4>\n<\/li>\n<\/ul>\n<ol>\n<li style=\"list-style-type: none;\">\n<ol>\n<li style=\"list-style-type: none;\">\n<ol>\n<li><span style=\"color: #000000;\"><a style=\"color: #000000;\" href=\"http:\/\/labs.ummto.dz\/lmpa\/index.php\/equipe-01-geometrie-des-espaces-de-type-orlicz-et-approximation\/\">Probabilit\u00e9s et statistique<\/a><\/span><\/li>\n<li><span style=\"color: #000000;\"><a style=\"color: #000000;\" href=\"http:\/\/labs.ummto.dz\/lmpa\/index.php\/equipe-03-convergence-de-processus-stochastiques-et-applications-statistiques\/\" target=\"_blank\" rel=\"noopener\">Statistique<\/a><\/span><\/li>\n<li><span style=\"color: #000000;\"><a style=\"color: #000000;\" href=\"http:\/\/labs.ummto.dz\/lmpa\/index.php\/equipe-04-robustesse-des-series-chronologiques-et-analyse-de-donnees\/\">Statistique de processus<\/a><\/span><\/li>\n<li><span style=\"color: #000000;\"><a style=\"color: #000000;\" href=\"http:\/\/labs.ummto.dz\/lmpa\/index.php\/equipe-5-modelisation-mathematique-et-applications\/\">Mod\u00e9lisation Math\u00e9matique et Applications<\/a><\/span><\/li>\n<li><span style=\"color: #000000;\"><a style=\"color: #000000;\" href=\"http:\/\/labs.ummto.dz\/lmpa\/index.php\/equipe-6-analyse-fonctionnelle\/\">Analyse fonctionnelle<\/a><\/span><\/li>\n<\/ol>\n<\/li>\n<\/ol>\n<\/li>\n<\/ol>\n<p><!--more--><\/p>\n<ul>\n<li>\n<h4><strong><span style=\"color: #000080;\">Les Mots Cl\u00e9s:<\/span><\/strong><\/h4>\n<\/li>\n<\/ul>\n<p><span style=\"color: #000000;\">Bayes, convexit\u00e9, d\u00e9tection, EDP, espaces d\u2019Orlicz, estimation, fonctions presque p\u00e9riodiques, m\u00e9thodes num\u00e9riques, processus, robustesse, s\u00e9ries chronologiques, solution d\u2019un jeu, stochastique, syst\u00e8mes multi agents, test statistique, pr\u00e9diction, champs al\u00e9atoires.<\/span><\/p>\n<p><!--more--><\/p>\n<ul>\n<li>\n<h4><strong><span style=\"color: #000080;\">Les Directeurs:<\/span><\/strong><\/h4>\n<ul>\n<li><span style=\"color: #000000;\">(2003-oct. 2007): Pr. Morsli Mohammed:<\/span><\/li>\n<li><span style=\"color: #000000;\">(oct. 2007- sept. 2016): Pr. Hamadouche Djamel;<\/span><\/li>\n<li><span style=\"color: #000000;\">(sept. 2016-juil. 2019): Pr. Berkoun Youcef;<\/span><\/li>\n<li><span style=\"color: #000000;\">(juil. 2019-&#8230;.): Pr. Fazia Bedouhene;<\/span><\/li>\n<\/ul>\n<\/li>\n<\/ul>\n<p>&nbsp;<\/p>\n<p>&#8211;<\/p>\n","protected":false},"excerpt":{"rendered":"<p>Pr\u00e9sentation du laboratoire LMPA: Le Laboratoire de Math\u00e9matiques Pures et Appliqu\u00e9es est une unit\u00e9 de recherche cr\u00e9\u00e9e en 2003 \u00e0 l\u2019Universit\u00e9 Mouloud Mammeri de Tizi-Ouzou. Il a pour mission de cr\u00e9er une dynamique de&#46;&#46;&#46;<\/p>\n","protected":false},"author":1,"featured_media":0,"parent":0,"menu_order":0,"comment_status":"closed","ping_status":"closed","template":"","meta":[],"_links":{"self":[{"href":"http:\/\/labs.ummto.dz\/lmpa\/index.php\/wp-json\/wp\/v2\/pages\/53"}],"collection":[{"href":"http:\/\/labs.ummto.dz\/lmpa\/index.php\/wp-json\/wp\/v2\/pages"}],"about":[{"href":"http:\/\/labs.ummto.dz\/lmpa\/index.php\/wp-json\/wp\/v2\/types\/page"}],"author":[{"embeddable":true,"href":"http:\/\/labs.ummto.dz\/lmpa\/index.php\/wp-json\/wp\/v2\/users\/1"}],"replies":[{"embeddable":true,"href":"http:\/\/labs.ummto.dz\/lmpa\/index.php\/wp-json\/wp\/v2\/comments?post=53"}],"version-history":[{"count":26,"href":"http:\/\/labs.ummto.dz\/lmpa\/index.php\/wp-json\/wp\/v2\/pages\/53\/revisions"}],"predecessor-version":[{"id":754,"href":"http:\/\/labs.ummto.dz\/lmpa\/index.php\/wp-json\/wp\/v2\/pages\/53\/revisions\/754"}],"wp:attachment":[{"href":"http:\/\/labs.ummto.dz\/lmpa\/index.php\/wp-json\/wp\/v2\/media?parent=53"}],"curies":[{"name":"wp","href":"https:\/\/api.w.org\/{rel}","templated":true}]}}