
{"id":59,"date":"2017-06-28T15:18:07","date_gmt":"2017-06-28T13:18:07","guid":{"rendered":"http:\/\/labs.ummto.dz\/lmpa\/?page_id=59"},"modified":"2021-08-25T16:10:44","modified_gmt":"2021-08-25T14:10:44","slug":"seminaires","status":"publish","type":"page","link":"http:\/\/labs.ummto.dz\/lmpa\/index.php\/seminaires\/","title":{"rendered":"S\u00e9minaires"},"content":{"rendered":"<ul>\n<li>S\u00e9minaire hebdomadaire du Laboratoire LMPA<\/li>\n<li>Groupes de travail anim\u00e9s par les chefs d&rsquo;\u00e9quipe du LMPA.<\/li>\n<\/ul>\n","protected":false},"excerpt":{"rendered":"<p>S\u00e9minaire hebdomadaire du Laboratoire LMPA Groupes de travail anim\u00e9s par les chefs d&rsquo;\u00e9quipe du LMPA.<\/p>\n","protected":false},"author":1,"featured_media":0,"parent":0,"menu_order":0,"comment_status":"closed","ping_status":"closed","template":"","meta":[],"_links":{"self":[{"href":"http:\/\/labs.ummto.dz\/lmpa\/index.php\/wp-json\/wp\/v2\/pages\/59"}],"collection":[{"href":"http:\/\/labs.ummto.dz\/lmpa\/index.php\/wp-json\/wp\/v2\/pages"}],"about":[{"href":"http:\/\/labs.ummto.dz\/lmpa\/index.php\/wp-json\/wp\/v2\/types\/page"}],"author":[{"embeddable":true,"href":"http:\/\/labs.ummto.dz\/lmpa\/index.php\/wp-json\/wp\/v2\/users\/1"}],"replies":[{"embeddable":true,"href":"http:\/\/labs.ummto.dz\/lmpa\/index.php\/wp-json\/wp\/v2\/comments?post=59"}],"version-history":[{"count":5,"href":"http:\/\/labs.ummto.dz\/lmpa\/index.php\/wp-json\/wp\/v2\/pages\/59\/revisions"}],"predecessor-version":[{"id":817,"href":"http:\/\/labs.ummto.dz\/lmpa\/index.php\/wp-json\/wp\/v2\/pages\/59\/revisions\/817"}],"wp:attachment":[{"href":"http:\/\/labs.ummto.dz\/lmpa\/index.php\/wp-json\/wp\/v2\/media?parent=59"}],"curies":[{"name":"wp","href":"https:\/\/api.w.org\/{rel}","templated":true}]}}