
{"id":2,"date":"2017-07-03T16:32:27","date_gmt":"2017-07-03T14:32:27","guid":{"rendered":"http:\/\/labs.ummto.dz\/lmse\/?page_id=2"},"modified":"2021-01-31T14:44:31","modified_gmt":"2021-01-31T13:44:31","slug":"page-d-exemple","status":"publish","type":"page","link":"http:\/\/labs.ummto.dz\/lmse\/","title":{"rendered":""},"content":{"rendered":"<ul>\n<li><span style=\"color: #000000;\">\u00a0 <strong>\u00c9tablissement de tutelle:<\/strong> Universit\u00e9 Mouloud MAMMERI de Tizi-Ouzou \u00ab\u00a0UMMTO\u00a0\u00bb<img loading=\"lazy\" class=\"alignnone wp-image-59 alignright\" src=\"http:\/\/labs.ummto.dz\/lmse\/wp-content\/uploads\/2017\/07\/ruboff475-de314.jpg\" alt=\"\" width=\"214\" height=\"161\" \/><\/span><\/li>\n<li><span style=\"color: #000000;\">\u00a0<strong> Directeur: <\/strong>Pr Makhlouf Said<\/span><\/li>\n<li><span style=\"color: #000000;\"><span style=\"color: #000000;\">\u00a0 <strong>Th\u00e9matiques:\u00a0<\/strong><\/span>M\u00e9canique, Structure &amp; \u00c9nerg\u00e9tique<\/span><\/li>\n<li><span style=\"color: #000000;\">\u00a0<strong> Adresse:<\/strong>\u00a0,Universit\u00e9 Mouloud MAMMERi B.P.17 RP, 15000 Tizi-Ouzou (ALGERIE).<\/span><\/li>\n<li><span style=\"color: #000000;\">\u00a0 <strong>Courriel:<\/strong>\u00a0lmse@ummto.dz<\/span><\/li>\n<li><span style=\"color: #000000;\">\u00a0 <strong>Site web: <span style=\"color: #000080;\"><a style=\"color: #000080;\" href=\"http:\/\/labs.ummto.dz\/lmse\/\">http:\/\/lmse.ummto.dz\/lmse\/<\/a><\/span><\/strong> <\/span><\/li>\n<li><span style=\"color: #800000;\"><strong>Code du laboratoire\u00a0: <\/strong><strong>C1060900<\/strong><\/span><\/li>\n<\/ul>\n<p>&nbsp;<\/p>\n<div class=\"wrapper01\">\n<p><!-- IMG 01 --><\/p>\n<div class=\"cadre_1\">\n<div class=\"titre\">EQUIPE 01<\/div>\n<div class=\"img_header\"><img src=\"wp-content\/uploads\/2017\/07\/reservoir.jpg\" \/><\/div>\n<div class=\"texte\"><span style=\"color: #000080;\"><strong><a style=\"color: #000080;\" href=\"http:\/\/labs.ummto.dz\/lmse\/index.php\/equipe-01\/\">Caract\u00e9risation Statique et Dynamique des Mat\u00e9riaux\u00a0<\/a><\/strong><\/span><\/div>\n<\/div>\n<p><!-- IMG 02 --><\/p>\n<div class=\"cadre_1\">\n<div class=\"titre\">EQUIPE 02<\/div>\n<div class=\"img_header\"><img src=\"wp-content\/uploads\/2017\/07\/t\u00e9l\u00e9chargement-3.jpg\" \/><\/div>\n<div class=\"texte\"><span style=\"color: #000080;\"><strong><a style=\"color: #000080;\" href=\"http:\/\/labs.ummto.dz\/lmse\/index.php\/equipe-02\/\">\u00a0Valorisation Des Ressources Energ\u00e9tiques<\/a><\/strong><\/span><\/div>\n<\/div>\n<p><!-- IMG 03 --><\/p>\n<div class=\"cadre_1\">\n<div class=\"titre\">EQUIPE 03<\/div>\n<div class=\"img_header\"><img src=\"wp-content\/uploads\/2017\/07\/images-5.jpg\" \/><\/div>\n<div class=\"texte\"><span style=\"color: #000080;\"><strong><a style=\"color: #000080;\" href=\"http:\/\/labs.ummto.dz\/lmse\/index.php\/equipe-03\/\">Physique des mat\u00e9riaux<\/a><\/strong><\/span><\/div>\n<\/div>\n<p><!-- IMG 03 --><\/p>\n<div class=\"cadre_1\">\n<div class=\"titre\">EQUIPE 04<\/div>\n<div class=\"img_header\"><img src=\"wp-content\/uploads\/2017\/07\/t\u00e9l\u00e9chargement-4.jpg\" \/><\/div>\n<div class=\"texte\"><span style=\"color: #000080;\"><strong><a style=\"color: #000080;\" href=\"http:\/\/labs.ummto.dz\/lmse\/index.php\/equipe-04\/\">Dynamique des Structures<\/a><\/strong><\/span><\/div>\n<\/div>\n<p><!-- IMG 03 --><\/p>\n<div class=\"cadre_1\">\n<div class=\"titre\">EQUIPE 05<\/div>\n<div class=\"img_header\"><img src=\"wp-content\/uploads\/2017\/07\/fluide_340.jpg\" \/><\/div>\n<p><span style=\"color: #000080;\"><a style=\"color: #000080;\" href=\"http:\/\/labs.ummto.dz\/lmse\/index.php\/equipe-05\/\"><strong>Dynamique des Fluides et Traitement Thermom\u00e9canique des Mat\u00e9riaux<\/strong><\/a><\/span><\/p>\n<\/div>\n<\/div>\n","protected":false},"excerpt":{"rendered":"<p>\u00a0 \u00c9tablissement de tutelle: Universit\u00e9 Mouloud MAMMERI de Tizi-Ouzou \u00ab\u00a0UMMTO\u00a0\u00bb \u00a0 Directeur: Pr Makhlouf Said \u00a0 Th\u00e9matiques:\u00a0M\u00e9canique, Structure &amp; \u00c9nerg\u00e9tique \u00a0 Adresse:\u00a0,Universit\u00e9 Mouloud MAMMERi B.P.17 RP, 15000 Tizi-Ouzou (ALGERIE). \u00a0 Courriel:\u00a0lmse@ummto.dz \u00a0 Site web:&#46;&#46;&#46;<\/p>\n","protected":false},"author":1,"featured_media":0,"parent":0,"menu_order":0,"comment_status":"closed","ping_status":"open","template":"","meta":[],"_links":{"self":[{"href":"http:\/\/labs.ummto.dz\/lmse\/index.php\/wp-json\/wp\/v2\/pages\/2"}],"collection":[{"href":"http:\/\/labs.ummto.dz\/lmse\/index.php\/wp-json\/wp\/v2\/pages"}],"about":[{"href":"http:\/\/labs.ummto.dz\/lmse\/index.php\/wp-json\/wp\/v2\/types\/page"}],"author":[{"embeddable":true,"href":"http:\/\/labs.ummto.dz\/lmse\/index.php\/wp-json\/wp\/v2\/users\/1"}],"replies":[{"embeddable":true,"href":"http:\/\/labs.ummto.dz\/lmse\/index.php\/wp-json\/wp\/v2\/comments?post=2"}],"version-history":[{"count":24,"href":"http:\/\/labs.ummto.dz\/lmse\/index.php\/wp-json\/wp\/v2\/pages\/2\/revisions"}],"predecessor-version":[{"id":245,"href":"http:\/\/labs.ummto.dz\/lmse\/index.php\/wp-json\/wp\/v2\/pages\/2\/revisions\/245"}],"wp:attachment":[{"href":"http:\/\/labs.ummto.dz\/lmse\/index.php\/wp-json\/wp\/v2\/media?parent=2"}],"curies":[{"name":"wp","href":"https:\/\/api.w.org\/{rel}","templated":true}]}}