
{"id":21,"date":"2017-07-04T11:02:30","date_gmt":"2017-07-04T09:02:30","guid":{"rendered":"http:\/\/labs.ummto.dz\/lmse\/?page_id=21"},"modified":"2021-02-01T14:42:58","modified_gmt":"2021-02-01T13:42:58","slug":"communication-nationale","status":"publish","type":"page","link":"http:\/\/labs.ummto.dz\/lmse\/index.php\/communication-nationale\/","title":{"rendered":"Communication Nationale"},"content":{"rendered":"<p><span style=\"color: #000000;\"><strong><span style=\"color: #000080;\">Equipe 01: CARACT\u00c9RISATION STATIQUE ET DYNAMIQUE DES MAT\u00c9RIAUX (CSDM)<\/span><\/strong><\/span><\/p>\n<p><img loading=\"lazy\" class=\"alignnone size-medium wp-image-133 alignright\" src=\"http:\/\/labs.ummto.dz\/lmse\/wp-content\/uploads\/2017\/07\/communication-300x169-300x169.png\" alt=\"\" width=\"300\" height=\"169\" \/><\/p>\n<p><span style=\"color: #000000;\">1) Kacimi Bachir, Teklal Fatiha,Djebbar Arezki.\u00a0<sup>\u00ab<\/sup>D\u00e9fects of forming processes and induced properties on the composite laminate<sup>\u00bb.<\/sup> The fourth international Conference on fracture Mechanics\u00a0\u00bb, Chlef 25-29 Novembre 2018. Algeria.<\/span><\/p>\n<hr \/>\n<p><strong><span style=\"color: #000080;\">\u00c9quipe 02: Valorisation Des Ressources\u00a0<\/span><\/strong><span style=\"color: #000080;\"><b>\u00c9nerg\u00e9tiques<\/b><\/span><\/p>\n<p><span style=\"color: #000000;\">1- Djefel Dihia, Makhlouf Said, Khedache Souad, Lefbvre Gilles, Royon Laurent. Pr\u00e9paration et caract\u00e9risation d\u2019un nouveau composite MCP paraffine\/ Poudre cellulosique\/ Graphite comme mat\u00e9riau de stockage d\u2019\u00e9nergie thermique.. Journ\u00e9es Maghr\u00e9bines des Sciences des Mat\u00e9riaux JMSM 2020, qui se sont tenues le 09-11 Mars 2020 \u00e0 l\u2019Universit\u00e9 d\u2019Oran 1.<\/span><\/p>\n<p><span style=\"color: #000000;\">2- I. Mitiche, T. Bennour, S. Makhlouf et O. Lamrous \u00ab\u00a0\u00c9tude des propri\u00e9t\u00e9s thermo-optiques de nanofluides m\u00e9talliques\/fluide pour am\u00e9liorer l\u2019efficacit\u00e9 de la conversion photo-thermique\u00a0\u00bb, Ecole th\u00e9matique\u00a0: Nano-optique et plasmonique, Du 23 au 26 juin 2018 \u00e0 Tizi-Ouzou, Alg\u00e9rie.<\/span><\/p>\n<p><span style=\"color: #000000;\">3- Lisa Boussaba, Said Makhlouf\u00a0, Amina Abdessemed-Foufa, Gilles Lefebvre, Laurent Royon. Etude Exp\u00e9rimentale d\u2019un Mat\u00e9riau \u00e0 Changement de Phase Composite pour le Confort Thermique dans le B\u00e2timent. International Symposium on Materials Chemistry (ISyMC), March 19-20<sup>th <\/sup>2018, Boumerdes (Algeria).<\/span><\/p>\n<p><span style=\"color: #000000;\">4- I. Mitiche, S. Makhlouf et O. Lamrous, \u00ab\u00a0\u00c9tudes par dynamique mol\u00e9culaire de la conductivit\u00e9 thermique de nanofluides en vue de l&rsquo;am\u00e9lioration de l\u2019efficacit\u00e9 d&rsquo;un distillateur solaire\u00a0\u00bb, 4\u00e8me journ\u00e9e des doctorants, 25 et 26 mars 2018 \u00e0 Tizi-Ouzou, Alg\u00e9rie.<\/span><\/p>\n<p><span style=\"color: #000000;\">5- L. Boussaba, S. Makhlouf, A. A. Foufa, Experimentation of a Novel Composite Phase Change Material for Thermal Comfort Improvement and Energy Saving in Buildings. International Symposium on Materials and Sustainable Development (ISMDD), November 07-08 <sup>th<\/sup> 2017, Boumerdes (Algeria).<\/span><\/p>\n<p><span style=\"color: #000000;\">6- Lisa Boussaba, Said Makhlouf, Amina Foufa. Elaboration and Characterization of a New Ecological and Low-Cost Composite-PCM for an Application of Thermal Energy Storage in Buildings. International Conference on Civil Engineering and Materials (ICCEM&rsquo;2017) 2017 May 11-12, El Hoceima Marocco.<\/span><\/p>\n<p><span style=\"color: #000000;\">7- I. Mitiche, S. Makhlouf et O. Lamrous, \u00ab\u00a0Study of thermal conductivity of nanofluids using molecular dynamics method\u00a0\u00bb, 1st International Workshop on Multifunctional Materials (IW2M-2017), du 10 au 12 Octobre 2017 \u00e0 Mostaganem, Alg\u00e9rie.<\/span><\/p>\n<p><span style=\"color: #000000;\">8- L. Boussaba, S. Makhlouf, A. A. Foufa. Experimentation of a Novel Composite Phase Change Material for Thermal Comfort Improvement and Energy Saving in Buildings. 3<sup>rd <\/sup>International Symposium on Materials and Sustainable Development ISMSD2017. November 07 &amp; 08, 2017 Boumerdes \u2013 Algeria.<\/span><\/p>\n<p><span style=\"color: #000000;\">9- Dihia Djefel, Said Makhlouf, Souad Khedache, Gilles Lefebvre, Laurent Royon. Pr\u00e9paration et Etude Thermique d&rsquo;un Composite MCP Paraffine\/Charbon pour le Stockage d&rsquo;\u00e9nergie Par Chaleur Latente. 11\u00e8me Congr\u00e8s National de la Physique et de ses Applications (CNPA\u20192014). Blida, Alg\u00e9rie\/21 &#8211; 23 D\u00e9cembre 2014.<\/span><\/p>\n<p><span style=\"color: #000000;\">10- Souad Khedache, Said Makhlouf, Dihia Djefel, Gilles Lefebvre, Laurent Royon, \u00ab\u00a0Nouveaux composites MCPs \u00e0 base de poudres min\u00e9rales pour le stockage de l\u2019\u00e9nergie thermique\u00a0\u00bb, Second International Conference on Applied Energetics and Pollution. ICAEP2014, Constantine, Alg\u00e9rie, 14-15 D\u00e9cembre 2014.<\/span><\/p>\n<p><span style=\"color: #000000;\">11- Souad Khedache, Said Makhlouf, Dihia Djefel, Gilles Lefebvre, Laurent Royon, \u00ab\u00a0Composite Paraffine\/Bentonite pour le stockage d\u2019\u00e9nergie thermique\u00a0\u00bb, colloque sur\u00a0Caract\u00e9risation et Mod\u00e9lisation des Mat\u00e9riaux et Structures, CMMS14, Tizi-Ouzou, Alg\u00e9rie, 12-13 Novembre 2014.<\/span><\/p>\n<p><span style=\"color: #000000;\">12- Dihia Djefel, Said Makhlouf, Souad Khedache, Gilles Lefebvre, Laurent Royon, \u00ab\u00a0Caract\u00e9risation d\u2019un MCP par analyse thermique DSC\u00bb. Colloque International sur\u00a0Caract\u00e9risation et Mod\u00e9lisation des Mat\u00e9riaux et Structures, CMMS14, Tizi-Ouzou, Alg\u00e9rie, 12-13 Novembre 2014.<\/span><\/p>\n<p><span style=\"color: #000000;\">13- Souad Khedache, Said Makhlouf, Dihia Djefel, Gilles Lefebvre, Laurent Royon, \u00ab\u00a0Preparation of composite paraffin \/ mineral powder as a novel form-stable phase change material for thermal energy storage\u00a0\u00bb, The 3nd International Seminar on New and Renewable Energies, SIENR14, Gharda\u00efa, Alg\u00e9rie, 13-14 Octobre 2014.<\/span><\/p>\n<p><span style=\"color: #000000;\">14- Dihia Djefel, Said Makhlouf, Souad Khedache, Gilles Lefebvre, Laurent Royon, \u00ab\u00a0Preparation and characterization of paraffin \/ graphite composite as thermal energy storage material\u00a0\u00bb, The 3nd International Seminar on New and Renewable Energies, SIENR14, Gharda\u00efa, Alg\u00e9rie, 13-14 Octobre 2014.<\/span><\/p>\n<p><span style=\"color: #000000;\">15- Hafidha Maoual, Said Makhlouf. \u00ab\u00a0D\u00e9shumidification, par chauffage ventilation, d\u2019une serre de culture\u00a0\u00bb. 8 \u00e8mes Journ\u00e9es JM08. Ecole Militaire Polytechnique d\u2019Alger. 14 Avril 2012.<\/span><\/p>\n<p><span style=\"color: #000000;\">16- Hafidha Maoual, Said Makhlouf, Slimane Lebik. \u00ab\u00a0Contribution \u00e0 la mod\u00e9lisation et \u00e0 la simulation des \u00e9coulements d\u2019air dans une serre chauff\u00e9e en p\u00e9riode hivernale\u00bb. Conf\u00e9rence Nationale de M\u00e9canique Aplliqu\u00e9e. CNMA\u20192011. Universit\u00e9 des Sciences et Technologie d\u2019Oran. 20 et 21 Novembre 2011.<\/span><\/p>\n<p><span style=\"color: #000000;\">17- Said MAKHLOUF, Samir Kaced, Gilles Lefebvre. 2006. Transferts coupl\u00e9s de chaleur et de masse dans un milieu poreux; R\u00e9ponse du sol dans un mod\u00e8le 1D \u00e0 un signal de temp\u00e9rature p\u00e9riodique annuel en surface, 8th International Meeting on Energetical Physics, B\u00e9char 10-11et 12 Nov.2006.<\/span><\/p>\n<p><span style=\"color: #000000;\">\u00a0&#8212;&#8212;&#8212;&#8212;&#8212;&#8212;&#8212;&#8212;&#8212;&#8212;&#8212;&#8212;&#8212;&#8212;&#8212;&#8212;&#8212;&#8212;&#8212;&#8212;&#8212;&#8212;&#8212;&#8212;&#8212;&#8212;&#8212;&#8212;&#8212;&#8212;&#8212;&#8212;&#8212;&#8212;&#8212;&#8212;&#8212;&#8212;&#8212;&#8212;&#8212;&#8212;&#8212;&#8212;&#8212;&#8212;&#8212;&#8212;&#8212;&#8212;&#8212;&#8212;&#8212;&#8212;&#8212;&#8212;&#8212;&#8212;&#8212;&#8212;&#8212;&#8212;<\/span><\/p>\n<p><span style=\"color: #000000;\"> <strong><span style=\"color: #000080;\">\u00c9quipe 03: Physique des mat\u00e9riaux\u00a0<\/span><\/strong><\/span><\/p>\n<p><span style=\"color: #000000;\">1 \u2013 Sections efficaces diff\u00e9rentielles et int\u00e9grales de la diffusion \u00e9lastique d\u2019\u00e9lectrons par une cible biomol\u00e9culaire\u00a0; S.\u00a0Mokrani, H.\u00a0Aouchiche et C.\u00a0Champion 12<sup>\u00e8me<\/sup>Congr\u00e8s\u00a0 National de la Physique et de ses Applications (CNPA) USTHB Alger, 13-15 Novembre 2018.<\/span><\/p>\n<hr \/>\n<p><span style=\"color: #000080;\"><strong>\u00c9quipe 04: Dynamique des Structures<\/strong><\/span><\/p>\n<ol>\n<li><span style=\"color: #000000;\">R. Zenzen, I. Belaidi, S. Khatir, T. Khatir, <strong>S Tiachacht<\/strong> and M. A Wahab. \u00ab Damage Detection in CFRP (Carbon FibreRenforced Polymer) Structures by Vibration Measurement Approach \u00bb. 11<sup>\u00e8mes<\/sup> Journ\u00e9es de M\u00e9canique de l\u2019EMP (JM\u201911\u2013EMP) Bordj El Bahri, Alger 2018.<\/span><\/li>\n<li><span style=\"color: #000000;\"><strong> S. Tiachacht<\/strong>, A. Bouazzouni, M. Almansba. \u00ab Crack damage indicator detection using the first mode shape measured \u00bb. The Third International Conference on FRACTURE MECHANICS \u00ab\u00a0Engineering Applied Fracture Mechanics and Environment, Chlef 27-30 November 2016. Algeria.<\/span><\/li>\n<\/ol>\n<hr \/>\n<p><span style=\"color: #000080;\"><strong>\u00c9quipe 05: Dynamique des Fluides et Traitement Thermom\u00e9canique des Mat\u00e9riaux<\/strong><\/span><\/p>\n<p><span style=\"color: #000000;\">1-<strong> ZOUAOUI Salah, DJEBOURI Hassane<\/strong>, MOHAMMEDI Kamal, <strong>HAMZAOUI Malek<\/strong>. Simulation Num\u00e9rique de la D\u00e9pollution d\u2019un Milieu Poreux Contamin\u00e9 par un Hydrocarbure. International Symposium on Technology &amp; Sustainable Industry Development, ISTSID\u20192019 EL OUED, Algeria, 24-26 February 2019.<\/span><\/p>\n<p><span style=\"color: #000000;\"><strong>\u00a0<\/strong>2-<strong> DJEBOURI Hassane, ZOUAOUI Salah<\/strong>, MOHAMMEDI Kamal. Contribution des \u00e9nergies renouvelables \u00e0 la r\u00e9duction de l\u2019empreinte carbone de la zone industrielle de Oued &#8211; Aissi de Tizi Ouzou. International Symposium on Technology &amp; Sustainable Industry Development, ISTSID\u20192019 EL OUED, Algeria, 24-26 February 2019.<\/span><\/p>\n<p>&nbsp;<\/p>\n<p><span style=\"color: #000000;\">3- FERHAT Brahim, <strong>ZOUAOUI Salah<\/strong>, KARI Djamel, MOHAMMEDI Kamal, YAMANI Nordine. Contribution of Solid Particles Receivers to Improvement of Solar Thermal Power Plants Storage Capacity. International Symposium on Technology &amp; Sustainable Industry Development, ISTSID\u20192019 EL OUED, Algeria, 24-26 February 2019.<\/span><\/p>\n<p><span style=\"color: #000000;\">4-<strong> Zouaoui Salah, Hamzaoui Malek<\/strong>. \u00c9tude de Faisabilit\u00e9 de la R\u00e9cup\u00e9ration de L\u2019\u00e9nergie de D\u00e9tente Du Gaz Naturel dans une Centrale Thermique. Congr\u00e8s National sur les Energies et Mat\u00e9riaux (CNEM) Na\u00e2ma, 17-18 D\u00e9cembre 2018.<\/span><\/p>\n<p><span style=\"color: #000000;\">5-<strong> Djebouri Hassane, Zouaoui Salah<\/strong>, Ounar Lounes, Redaoui Youcef. Digitations Visqueuses dans un \u00c9coulement Multiphasique en Milieu Poreux. Congr\u00e8s National sur les Energies et Mat\u00e9riaux (CNEM) Na\u00e2ma, 17-18 D\u00e9cembre 2018.<\/span><\/p>\n<p><span style=\"color: #000000;\">6-<strong> Salah Zouaoui, Hassane Djebouri<\/strong>, Kamal Mohammedi Mod\u00e9lisation et Simulation des \u00c9coulements Fluide\/Particules par une M\u00e9thode des Domaines Fictifs. 11\u00e8mes Journ\u00e9es de M\u00e9canique de l\u2019EMP Bordj El-Bahri, 10 \u2013 11 Avril 2018. ALGERIE.<\/span><\/p>\n<p>&nbsp;<\/p>\n<p><span style=\"color: #000000;\">7-<strong> Zouaoui Salah, Djebouri Hassane<\/strong>, Mohammedi Kamal. Mod\u00e9lisation et simulation de l&rsquo;\u00e9coulement fluide\/particules solides avec un nouveau mod\u00e8le de contact. 2\u00e8me Conf\u00e9rence Nationale sur les CFD et la Technologie (CFD &amp; Tech 2018) 12, 13 et 14 Novembre 2018 Biblioth\u00e8que Nationale d\u2019El Hamma, Alg\u00e9rie.<\/span><\/p>\n<p><span style=\"color: #000000;\">8- <strong>Youcef Hadj Ali, Nacer Zazi, Rabeh Slimani<\/strong>, Djamila Kasdi, <strong>Belkacem\u00a0 Koraichi, Mohammed El Amine Faid<\/strong>, jean-Paul Chopart, Effets de la d\u00e9formation sur le comportement a la corrosion d\u2019aluminum (SNMPE\u201918), Universit\u00e9 M\u2019hamed Bougara\u00a0de Boumerd\u00e8s, 12-13 Novembre\u00a0 2018.<\/span> <a href=\"https:\/\/snmpe2018.wixsite.com\/umbb\">https:\/\/snmpe2018.wixsite.com\/umbb<\/a>.<\/p>\n<p><span style=\"color: #000000;\">9- <strong>Youcef Hadj Ali , Nacer Zazi, Rabeh<\/strong> <strong>Slimani<\/strong>, Djamila Kasdi, <strong>Belkacem\u00a0 Koraichi , Mohammed El Amine Faid<\/strong>, jean-Paul Chopart, Uniaxial Compression Effect on Corrosion Behavior of Aluminum Wire (AA1370).The Fourth International Conference on Fracture Mechanics, (FRACT&rsquo;4), November 26-29, 2018, Chlef, Algeria,<\/span> <a href=\"https:\/\/www.univ-chlef.dz\/uc\/?mec-events=4th-international-conference-on-fracture-mechanics-fract4\">https:\/\/www.univ-chlef.dz\/uc\/?mec-events=4th-international-conference-on-fracture-mechanics-fract4<\/a>.<\/p>\n<p><span style=\"color: #000000;\">10- Belamri Oussama, <strong>Faid Amin<\/strong>, Dokhan Nahed, <strong>Zazi Nacer<\/strong>, Chalal Mohand, Eletrodeposition and characterzation of diamand-like carbon LM on austenitic stainless steel substrate. 3<sup>rd <\/sup>International Symposium on Materials and Sustainable Development ISMSD2017, November 07 &amp; 08, 2017, Boumerdes \u2013 Algeria.<\/span><\/p>\n<p><span style=\"color: #000000;\">11- Belkacem KORICHI, Nacer ZAZI, Youcef HADJ ALI, Mohamed El amine FAID, Corrosion behavior of aluminum AlSi10Mg cast alloy in sodium chloride solution, 3rd International Symposium on Materials and Sustainable Development ISMSD2017, November 07 &amp; 08, 2017, Boumerdes \u2013 Algeria,<\/span> <a href=\"https:\/\/www.univ-boumerdes.dz\/3%C3%A8me%20CIMDD2017\/ISMSD2017_First%20announcement_Call%20%20%20%20for%20paper%20(1).pdf\">https:\/\/www.univ-boumerdes.dz\/3%C3%A8me%20CIMDD2017\/ISMSD2017_First%20announcement_Call%20%20%20%20for%20paper%20(1).pdf<\/a><\/p>\n<p><span style=\"color: #000000;\">12- <strong>Nacer. Zazi, Youcef Hadj Ali, Belkacem korichi,\u00a0 Mohamed El Amin Faid<\/strong>,\u00a0 Jean-Paul Chopart, Effet de l\u2019\u00e9crouissage et du traitement thermique sur la microstructure et la duret\u00e9 de l\u2019alliage d\u2019aluminium AA5083-H321 (CAM2017), Congr\u00e8s Alg\u00e9rien de M\u00e9canique, Constantine, 26 au 30 Novembre 2017.<\/span> (<a href=\"http:\/\/www.cam-dz.org\/home_uc_cam2017.html\">http:\/\/www.cam-dz.org\/home_uc_cam2017.html<\/a>)<\/p>\n<p><span style=\"color: #000000;\">13- <strong>Mohamed El Amin Faid<\/strong>, <strong>Nacer Zazi, Youcef Hadj Ali, Korichi<\/strong> Belkacem, Ketih\u00a0 Said, Comportement \u00e0 la corrosion du papier aluminium \u00e0 usage alimentaire, 4\u00e8mecolloque Doctorat Meso, Mod\u00e9lisation et simulation pour l\u2019ing\u00e9nierie Durable Magreb pipe industries M\u2019sila 17 Mai 2017.<\/span><\/p>\n<p>(<a href=\"http:\/\/www.maghrebpipe.com\/avantages-du-prv\/14-eme-colloque-doctorial-meso-modelisation-et-simulation-pour-lingenierie-durable\/\">http:\/\/www.maghrebpipe.com\/avantages-du-prv\/14-eme-colloque-doctorial-meso-modelisation-et-simulation-pour-lingenierie-durable\/<\/a>).<\/p>\n<p><span style=\"color: #000000;\">14- Belamri Oussama, <strong>Faid Amin<\/strong>, Dokhan Nahed, <strong>Zazi Nacer<\/strong>, Chalal Mohand, Eletrodeposition and characterzation of diamand-like carbon LM on austenitic stainless steel substrate \u00a0\u00a0\u00a0\u00a0\u00a0\u00a0\u00a0 3<sup>rd<\/sup>International Symposium on Materials and Sustainable Development ISMSD2017, November 07 &amp; 08, 2017, Boumerdes Algeria,<\/span> <a href=\"https:\/\/cimdd2017.sciencesconf.org\/\">https:\/\/cimdd2017.sciencesconf.org\/<\/a> .<\/p>\n<p>1<span style=\"color: #000000;\">5-<strong> Belkacem KORICHI<\/strong>, <strong>Nacer ZAZI<\/strong>, <strong>Youcef HADJ ALI<\/strong>, <strong>Mohamed El amine FAID<\/strong>, Corrosion behavior of aluminum AlSi10Mg cast alloy in sodium chloride solution, 3<sup>rd <\/sup>International Symposium on Materials and Sustainable Development ISMSD2017, November 07 &amp; 08, 2017, Boumerdes \u2013 Algeria.<\/span><\/p>\n<p><span style=\"color: #000000;\">16-<strong> Salah Zouaoui<\/strong>, <strong>Hassane Djebouri<\/strong>, Kamal Mohammedi Impact sur l&rsquo;environnement de l&rsquo;\u00e9cr\u00eatage des pics de consommation d&rsquo;\u00e9lectricit\u00e9 par int\u00e9gration des \u00e9nergies renouvelables 1 st International Seminar on Renewable Energy Applications \u201cSIERA\u20192017\u201d 18th &#8211; 20th December 2017 Boumerd\u00e8s.<\/span><\/p>\n<p><span style=\"color: #000000;\">17-<strong> Salah Zouaoui<\/strong>, Karim BENALIA Optimisation de transport du gaz naturel par des algorithmes g\u00e9n\u00e9tiques. Les 4\u00e9mes Journ\u00e9es Scientifiques de LAROMAD, U.M.M.T.O, 29-30 Novembre 2017. Tizi-Ouzou, ALGERIE.<\/span><\/p>\n<p><span style=\"color: #000000;\">18-<strong> Zouaoui Salah, Djebouri Hassane<\/strong>, Mohammedi Kamal, Ait Aider Aomar. SIMULATION DE LA S\u00c9DIMENTATION D\u2019UNE PARTICULE RIGIDE DANS UN FLUIDE NEWTONIEN 1 \u00e8re Conf\u00e9rence Nationale sur les CFD et la Technologie (CFD &amp; Tech 2016) 2 et 3 Mai 2016 Draria, Alg\u00e9rie.<\/span><\/p>\n<p><span style=\"color: #000000;\">19-<strong> Djebouri Hassane, Zouaoui Salah<\/strong>, Mohammedi Kamal, Ait Aider Aomar. SIMULATION D\u2019UN DEPLACEMENT DIPHASIQUE DANS UN MILIEU POREUX . 1 \u00e8re Conf\u00e9rence Nationale sur les CFD et la Technologie (CFD &amp; Tech 2016) 2 et 3 Mai 2016 Draria, Alg\u00e9rie.<\/span><\/p>\n<p><span style=\"color: #000000;\">20-<strong> K. Boussafeur<\/strong>. Etude exp\u00e9rimentale de la vitesse et de la turbulence radiales dans un jet pari\u00e9tal tournant d\u00e9velopp\u00e9, Colloque International Caract\u00e9ristique et mod\u00e9lisation des mat\u00e9riaux et structures CMMS14\u00a0; 12&amp;13 novembre 2014 \u00e0 l\u2019UMMTO.<\/span><\/p>\n<p><span style=\"color: #000000;\">21-<strong> Zazi Nacer<\/strong>, Etude de l\u2019effet des bases temp\u00e9ratures sur les param\u00e8tres d\u2019anodisation \u00a0sulfurique\u00a0 et la duret\u00e9 de\u00a0 la couche d\u2019oxyde de l\u2019alliage d\u2019aluminium 2017, 3<sup>\u00e8me<\/sup>\u00a0 Conf\u00e9rence Internationale sur le Soudage, le CND et l\u2019Industrie des Mat\u00e9riaux et Alliages (IC-WNDT-MI\u201912) Oran du 26 au 28 (Novembre 2012).<\/span><\/p>\n<p><span style=\"color: #000000;\">22-<strong> Rabeh Slimani<\/strong>, <strong>Nacer Zazi<\/strong>, Hania\u00a0 Boukharoub, Effet d\u2019un faible champ magn\u00e9tique et\u00a0 d\u2019un potentiel impose sur le comportement \u00e0 la corrosion de d\u2019aluminium (AA1370)\u00a0, 3<sup>\u00e8me<\/sup> Conf\u00e9rence Internationale sur le Soudage, le CND et l\u2019Industrie des Mat\u00e9riaux et Alliages (IC-WNDT-MI\u201912) Oran du 26 au 28\u00a0 (Novembre 2012).<\/span><\/p>\n<p><span style=\"color: #000000;\">23-<strong> Nacer Zazi<\/strong>, Kamel Chekkai,\u00a0 Slimani\u00a0 Rabeh, J.P. Chopart, \u00a0Comportement \u00e0 la corrosion et approche du circuit \u00e9lectrique \u00e9quivalent\u00a0 de l\u2019imp\u00e9dance\u00a0 de la surface perpendiculaire \u00e0 la direction du laminage de l\u2019alliage\u00a0 AA5083-H321, ,\u00a0 3<sup>\u00e8me<\/sup>\u00a0 Conf\u00e9rence Internationale sur le Soudage, le CND et l\u2019Industrie des Mat\u00e9riaux et Alliages (IC-WNDT-MI\u201912) Oran du 26 au 28 (Novembre 2012).<\/span><\/p>\n<p><span style=\"color: #000000;\">24- Ismail. GHEMRAS, <strong>Nacer ZAZI<\/strong>, M.A. BELOUCHRANI, Effet du vieillissement et de l\u2019anodisation sulfurique et sulfurique-borique sur\u00a0 le comportement m\u00e9canique et sur la r\u00e9sistance \u00e0 la fatigue de l\u2019alliage d\u2019aluminium 2017A, 8<sup>\u00e8me<\/sup> Journ\u00e9e de M\u00e9canique EMP Alger,\u00a0\u00a0 10-11\u00a0 (Avril 2012).<\/span><\/p>\n<p><span style=\"color: #000000;\">25-<strong> N. Zazi<\/strong>, A. Benakli, S. Haroun, \u00a0Etude de l\u2019influence su champ magn\u00e9tique induit sur le comportement \u00e0 la corrosion de l\u2019alliage AlMn1 utilis\u00e9 pour la fabrication des \u00e9changeurs de chaleur d\u2019automobiles, \u00a0 Rencontre sur les mat\u00e9riaux m\u00e9talliques, Biskra (Juillet 2011).<\/span><\/p>\n<p><span style=\"color: #000000;\">26-<strong> N. Zazi<\/strong>, J.P. Chopart, A. Bouabdallah, O. Aaboubi, Influence des traitements thermom\u00e9caniques sur la corrosion de l\u2019alliage d\u2019aluminium 5083-H321, ICM\u2019, Biskra Alg\u00e9rie (2009).<\/span><\/p>\n<p><span style=\"color: #000000;\">27-<strong> N. Zazi<\/strong>, Influence change of microstructure and mechanical properties in cold rolling on the evaluation of corrosion of Aluminum &#8211; 4,40%Mg, \u00a0FDMP Alger (Juin 2007).<\/span><\/p>\n<p><span style=\"color: #000000;\">28-<strong> N. Zazi<\/strong>, Effet du changement de la duret\u00e9 au cours du vieillissement sur la sensibilit\u00e9 \u00e0 la\u00a0 corrosion de l&rsquo;alliage poreux d&rsquo;Al-8% de Mg\u00a0\u00bb\u00a0 JIPMA, Annaba 25-27 Novembre 2007,<\/span><\/p>\n<p><span style=\"color: #000000;\">29-<strong> N. ZAZI<\/strong>, M. Nedjar, Influence des op\u00e9rations thermiques et m\u00e9caniques sur la microstructure et la duret\u00e9 de l\u2019alliage d\u2019aluminium 5083,\u00a0\u00a0 ELACAM\u00a0 Bab-El-Zouar (Juin 1998).<\/span><\/p>\n<p><span style=\"color: #000000;\">30- M. Nedjar, <strong>N. ZAZI<\/strong>, Influence du taux de plastifiant sur les propri\u00e9t\u00e9s du polychlorure de vinyle,\u00a0 ELACAM Bab-El- Zouar (Juin 1998).<\/span><\/p>\n<p><span style=\"color: #000000;\">31- M. Nedjar, M. Bournane, R. Khaili et <strong>N. Zazi <\/strong>: Influence de la vitesse de d\u00e9formation sur la rupture du cuivre, 6\u00e8mes Journ\u00e9es Maghr\u00e9bines sur les Sciences des Mat\u00e9riaux, Annaba, (Novembre 1998).<\/span><\/p>\n<p><span style=\"color: #000000;\">32- M. Nedjar, S. Nedil, M. Bournane et <strong>N. Zazi <\/strong>: Application du mod\u00e8le statistique de Weibull \u00e0 l\u2019\u00e9tude du vieillissement \u00e9lectrique \u00e0 court terme du polym\u00e9thacrylate de m\u00e9thyle, 6\u00e8mes Journ\u00e9es Maghr\u00e9bines sur les Sciences des Mat\u00e9riaux, Annaba, (Novembre 1998).<\/span><\/p>\n","protected":false},"excerpt":{"rendered":"<p>Equipe 01: CARACT\u00c9RISATION STATIQUE ET DYNAMIQUE DES MAT\u00c9RIAUX (CSDM) 1) Kacimi Bachir, Teklal Fatiha,Djebbar Arezki.\u00a0\u00abD\u00e9fects of forming processes and induced properties on the composite laminate\u00bb. The fourth international Conference on fracture Mechanics\u00a0\u00bb, Chlef 25-29&#46;&#46;&#46;<\/p>\n","protected":false},"author":1,"featured_media":0,"parent":0,"menu_order":0,"comment_status":"closed","ping_status":"closed","template":"","meta":[],"_links":{"self":[{"href":"http:\/\/labs.ummto.dz\/lmse\/index.php\/wp-json\/wp\/v2\/pages\/21"}],"collection":[{"href":"http:\/\/labs.ummto.dz\/lmse\/index.php\/wp-json\/wp\/v2\/pages"}],"about":[{"href":"http:\/\/labs.ummto.dz\/lmse\/index.php\/wp-json\/wp\/v2\/types\/page"}],"author":[{"embeddable":true,"href":"http:\/\/labs.ummto.dz\/lmse\/index.php\/wp-json\/wp\/v2\/users\/1"}],"replies":[{"embeddable":true,"href":"http:\/\/labs.ummto.dz\/lmse\/index.php\/wp-json\/wp\/v2\/comments?post=21"}],"version-history":[{"count":9,"href":"http:\/\/labs.ummto.dz\/lmse\/index.php\/wp-json\/wp\/v2\/pages\/21\/revisions"}],"predecessor-version":[{"id":314,"href":"http:\/\/labs.ummto.dz\/lmse\/index.php\/wp-json\/wp\/v2\/pages\/21\/revisions\/314"}],"wp:attachment":[{"href":"http:\/\/labs.ummto.dz\/lmse\/index.php\/wp-json\/wp\/v2\/media?parent=21"}],"curies":[{"name":"wp","href":"https:\/\/api.w.org\/{rel}","templated":true}]}}