
{"id":255,"date":"2021-02-01T09:50:00","date_gmt":"2021-02-01T08:50:00","guid":{"rendered":"http:\/\/labs.ummto.dz\/lmse\/?page_id=255"},"modified":"2021-02-01T14:31:00","modified_gmt":"2021-02-01T13:31:00","slug":"soutenance-de-these-magister","status":"publish","type":"page","link":"http:\/\/labs.ummto.dz\/lmse\/index.php\/soutenance-de-these-magister\/","title":{"rendered":"Soutenance de th\u00e8se magister"},"content":{"rendered":"<p><strong><span style=\"color: #000080;\">\u00c9quipe 01: CARACT\u00c9RISATION STATIQUE ET DYNAMIQUE DES MAT\u00c9RIAUX (CSDM)<\/span><\/strong><\/p>\n<p><span style=\"color: #000000;\"><span style=\"color: #000080;\">L\u2019imp\u00e9trant\u00a0:<\/span> <strong>KACED Ahmed\u00a0 <\/strong><\/span><\/p>\n<p><span style=\"color: #000000;\"><span style=\"color: #000080;\">Intitul\u00e9\u00a0:<\/span> <strong>Caract\u00e9risation m\u00e9canique et tol\u00e9rance \u00e0 l\u2019endommagement des mat\u00e9riaux composites \u00e0 renfort verre et matrice organique<\/strong><\/span><\/p>\n<p><span style=\"color: #000000;\"><span style=\"color: #000080;\">Directeur de th\u00e8se\u00a0:<\/span> DJEBAR Arezki<\/span><\/p>\n<p><span style=\"color: #000080;\"><strong>soutenu le 28\/04 \/2016<\/strong><\/span><\/p>\n<hr \/>\n<p><span style=\"color: #000080;\"><strong>\u00c9quipe 02: Valorisation Des Ressources\u00a0<\/strong><\/span><span style=\"color: #000080;\"><b>\u00c9nerg\u00e9tiques<\/b><\/span><\/p>\n<p><span style=\"color: #000000;\">1- Intitul\u00e9\u00a0du m\u00e9moire : Caract\u00e9risation d\u2019un substrat de culture<\/span><\/p>\n<p><span style=\"color: #000000;\">Nom et pr\u00e9nom de l\u2019imp\u00e9trant\u00a0: Hadid Mohamed Rachid<\/span><\/p>\n<p><span style=\"color: #000000;\">Nom et pr\u00e9nom du directeur de m\u00e9moire\u00a0:\u00a0<strong>Makhlouf Said<\/strong><\/span><\/p>\n<p><span style=\"color: #000000;\">Date de soutenance\u00a0: 04 Juillet 2006<\/span><\/p>\n<p><span style=\"color: #000000;\">2- Intitul\u00e9\u00a0du m\u00e9moire : Etude des transferts coupl\u00e9s de chaleur et de masse dans un milieu poreux. Application \u00e0 un mod\u00e8le monocouche d\u2019un sol pour la prise en compte du gel.<\/span><\/p>\n<p><span style=\"color: #000000;\">Nom et pr\u00e9nom de l\u2019imp\u00e9trant\u00a0: Kaced Samir<\/span><\/p>\n<p><span style=\"color: #000000;\">Nom et pr\u00e9nom du directeur de m\u00e9moire\u00a0: <strong>Makhlouf Said<\/strong><\/span><\/p>\n<p><span style=\"color: #000000;\">Date de soutenance\u00a0: 18 D\u00e9cembre 2006<\/span><\/p>\n<p><span style=\"color: #000000;\">3- Intitul\u00e9\u00a0du m\u00e9moire\u00a0: Simulation \u00e0 l\u2019aide du code de calcul CFD des m\u00e9canismes mis jeu dans le chauffage coupl\u00e9 au renouvellement d\u2019air dans une serre.<\/span><\/p>\n<p><span style=\"color: #000000;\">Nom et pr\u00e9nom de l\u2019imp\u00e9trant\u00a0: Maoual Hafida<\/span><\/p>\n<p><span style=\"color: #000000;\">Nom et pr\u00e9nom du directeur de m\u00e9moire\u00a0: <strong>Makhlouf Said<\/strong><\/span><\/p>\n<p><span style=\"color: #000000;\">Date de soutenance\u00a0: 23 Octobre 2008<\/span><\/p>\n<p><span style=\"color: #000000;\">4- Intitul\u00e9\u00a0du m\u00e9moire\u00a0: Simulation \u00e0 l\u2019aide du code de calcul CFD des m\u00e9canismes mis jeu dans le refroidissement \u00e9vaporatif combin\u00e9 au renouvellement d\u2019air dans une serre.<\/span><\/p>\n<p><span style=\"color: #000000;\">Nom et pr\u00e9nom de l\u2019imp\u00e9trant\u00a0: Lebik Slimane<\/span><\/p>\n<p><span style=\"color: #000000;\">Nom et pr\u00e9nom du directeur de m\u00e9moire\u00a0: <strong>Makhlouf Said<\/strong><\/span><\/p>\n<p><span style=\"color: #000000;\">Date de soutenance\u00a0: 09 Octobre 2008<\/span><\/p>\n<p><span style=\"color: #000000;\">5- Intitul\u00e9\u00a0du m\u00e9moire\u00a0: Simulation d\u2019un \u00e9coulement \u00e0 l\u2019int\u00e9rieur d\u2019un \u00e9jecteur \u00e0 3D.<\/span><\/p>\n<p><span style=\"color: #000000;\">Nom et pr\u00e9nom de l\u2019imp\u00e9trant\u00a0: Mouloudj Djamal<\/span><\/p>\n<p><span style=\"color: #000000;\">Nom et pr\u00e9nom du directeur de m\u00e9moire\u00a0: <strong>Makhlouf Said<\/strong><\/span><\/p>\n<p><span style=\"color: #000000;\">Date de soutenance\u00a0: 09 Octobre 2008<\/span><\/p>\n<p><span style=\"color: #000000;\">6- Intitul\u00e9\u00a0du m\u00e9moire\u00a0: Simulation Num\u00e9rique du Climat d\u2019une Serre Solaire Ferm\u00e9e.<\/span><\/p>\n<p><span style=\"color: #000000;\">Nom et pr\u00e9nom de l\u2019imp\u00e9trant\u00a0: Fouchene Sid Ali<\/span><\/p>\n<p><span style=\"color: #000000;\">Nom et pr\u00e9nom du directeur de m\u00e9moire\u00a0: <strong>Makhlouf Said<\/strong><\/span><\/p>\n<p><span style=\"color: #000000;\">Date de soutenance\u00a0: 16 Mai 2010<\/span><\/p>\n<p><span style=\"color: #000000;\">7- Intitul\u00e9\u00a0du m\u00e9moire\u00a0: Int\u00e9gration du concept bioclimatique et utilisation rationnelle de l\u2019\u00e9nergie dans le b\u00e2timent tertiaire en climat m\u00e9diterran\u00e9en.<\/span><\/p>\n<p><span style=\"color: #000000;\">Nom et pr\u00e9nom de l\u2019imp\u00e9trant\u00a0: Kesraoui Nadia<\/span><\/p>\n<p><span style=\"color: #000000;\">Nom et pr\u00e9nom du directeur de m\u00e9moire\u00a0: <strong>Makhlouf Said<\/strong><\/span><\/p>\n<p><span style=\"color: #000000;\">Date de soutenance\u00a0: 04 Novembre 2010<\/span><\/p>\n<p><span style=\"color: #000000;\">8- Intitul\u00e9\u00a0du m\u00e9moire\u00a0: Utilisation de l\u2019\u00e9nergie g\u00e9othermique de surface pour la climatisation dans le b\u00e2timent.<\/span><\/p>\n<p><span style=\"color: #000000;\">Nom et pr\u00e9nom de l\u2019imp\u00e9trant\u00a0: Zermout Ratiba<\/span><\/p>\n<p><span style=\"color: #000000;\">Nom et pr\u00e9nom du directeur de m\u00e9moire\u00a0: <strong>Makhlouf Said<\/strong><\/span><\/p>\n<p><span style=\"color: #000000;\">Date de soutenance\u00a0: 30 juin 2011<\/span><\/p>\n<p><span style=\"color: #000000;\">9- Intitul\u00e9\u00a0du m\u00e9moire\u00a0: Simulation Num\u00e9rique de l\u2019inertie du sol d\u2019une serre ferm\u00e9e.<\/span><\/p>\n<p><span style=\"color: #000000;\">Nom et pr\u00e9nom de l\u2019imp\u00e9trant\u00a0: Belkaid Nora<\/span><\/p>\n<p><span style=\"color: #000000;\">Nom et pr\u00e9nom du directeur de m\u00e9moire\u00a0: <strong>Makhlouf Said<\/strong><\/span><\/p>\n<p><span style=\"color: #000000;\">Date de soutenance\u00a0: 2011<\/span><\/p>\n<p><span style=\"color: #000000;\">10- Intitul\u00e9\u00a0du m\u00e9moire\u00a0: Etude et caract\u00e9risation des fibres k\u00e9ratiniques en vue de leur utilisation comme capteur d\u2019humidit\u00e9.<\/span><\/p>\n<p><span style=\"color: #000000;\">Nom et pr\u00e9nom de l\u2019imp\u00e9trant\u00a0: Hammouche Hayat.<\/span><\/p>\n<p><span style=\"color: #000000;\">Nom et pr\u00e9nom du directeur de m\u00e9moire\u00a0: <strong>Makhlouf Said<\/strong><\/span><\/p>\n<p><span style=\"color: #000000;\">Date de soutenance\u00a0: 31\/10\/ 2012<\/span><\/p>\n<p><span style=\"color: #000000;\">11- Intitul\u00e9\u00a0du m\u00e9moire\u00a0: Etude de la protection thermique des cellules photovolta\u00efques par un d\u00e9p\u00f4t d\u2019un film k\u00e9ratinique transparent de la cellule.<\/span><\/p>\n<p><span style=\"color: #000000;\">Nom et pr\u00e9nom de l\u2019imp\u00e9trant\u00a0: Khtaoui Nadia.<\/span><\/p>\n<p><span style=\"color: #000000;\">Nom et pr\u00e9nom du directeur de m\u00e9moire\u00a0: Directeur de m\u00e9moire Pr Laghrouche Mourad\u00a0\u00a0 co-directeur\u00a0: <strong>Makhlouf Said<\/strong><\/span><\/p>\n<p><span style=\"color: #000000;\">Date de soutenance\u00a0: 22\/09\/2012<\/span><\/p>\n<p><span style=\"color: #000080;\">THESES DE DOCTORAT EN COURS<\/span><\/p>\n<p>1) Nom &amp; Pr\u00e9nom\u00a0du Candidat : Mitiche Ilyes<\/p>\n<p>\u00c9tablissement : Universit\u00e9 Mouloud Mammeri de Tizi-Ouzou (UMMTO)<\/p>\n<p>Grade\u00a0: Etudiant Master<\/p>\n<p>Domaine \/ Fili\u00e8re\u00a0: Sciences\u00a0 Sp\u00e9cialit\u00e9\u00a0: Physique<\/p>\n<p>Date de 1\u00e8re inscription en th\u00e8se\u00a0: 2016-2017 \u00e0 l\u2019Universit\u00e9 Mouloud Mammeri de Tizi-Ouzou<\/p>\n<p>Intitul\u00e9e de la th\u00e8se\u00a0: \u00c9tude des propri\u00e9t\u00e9s thermo-physiques des nanofluides utilis\u00e9s pour la distillation solaire.<\/p>\n<p>Nom &amp; Pr\u00e9nom\u00a0du Directeur de th\u00e8se\u00a0: <strong>Pr. Makhlouf Said\u00a0 <\/strong>et Pr Lamrous Omar<strong>\u00a0\u00a0 <\/strong>co-directrice\u00a0: Laidani Nadhira (FBK, Univ Trento, Italie).<\/p>\n<p>2) Nom &amp; Pr\u00e9nom\u00a0de la Candidate: Dahmani Kam\u00e9lia<\/p>\n<p>\u00c9tablissement : Universit\u00e9 Saad Dahlab de Blida<\/p>\n<p>Grade\u00a0: Etudiante Master<\/p>\n<p>Domaine \/ Fili\u00e8re\u00a0: Architecture\u00a0 Sp\u00e9cialit\u00e9\u00a0: Energ\u00e9tique<\/p>\n<p>Date de 1\u00e8re inscription en th\u00e8se\u00a0: 2018-2019 \u00e0 l\u2019Universit\u00e9 Saad Dahlab de Blida.<\/p>\n<p>Intitul\u00e9e de la th\u00e8se\u00a0: Am\u00e9lioration du confort thermique dans l\u2019habitat saharien par introduction de mat\u00e9riaux \u00e0 changement de phase.<\/p>\n<p>Nom &amp; Pr\u00e9nom\u00a0du Directeur de th\u00e8se\u00a0: <strong>Pr.\u00a0 Makhlouf Said<\/strong><\/p>\n<p>3) Nom &amp; Pr\u00e9nom\u00a0du Candidat : DJAROUN Noredine<\/p>\n<p>\u00c9tablissement : Universit\u00e9 Mouloud Mammeri de Tizi-Ouzou (UMMTO)<\/p>\n<p>Grade\u00a0: Etudiant Master<\/p>\n<p>Domaine \/ Fili\u00e8re\u00a0: G\u00e9nie M\u00e9canique\u00a0 Sp\u00e9cialit\u00e9\u00a0: Energ\u00e9tique<\/p>\n<p>Date de 1\u00e8re inscription en th\u00e8se\u00a0: 2019-2020 \u00e0 l\u2019Universit\u00e9 Mouloud Mammeri de Tizi-Ouzou<\/p>\n<p>Intitul\u00e9e de la th\u00e8se\u00a0: Int\u00e9gration de nouveaux mat\u00e9riaux composites biosourc\u00e9s \u00e0 forme stabilis\u00e9e dans l\u2019enveloppe du b\u00e2timent pour un meilleur confort thermique.<\/p>\n<p>Nom &amp; Pr\u00e9nom\u00a0du Directeur de th\u00e8se\u00a0: <strong>Pr. Makhlouf Said<\/strong><\/p>\n<p>4) Nom &amp; Pr\u00e9nom\u00a0du Candidat : M. BOUMENDIL Ramdane<\/p>\n<p>\u00c9tablissement : Universit\u00e9 Mouloud Mammeri de Tizi Ouzou (UMMTO)<\/p>\n<p>Grade\u00a0: Etudiant<\/p>\n<p>Domaine \/ Fili\u00e8re\u00a0: G\u00e9nie M\u00e9canique\u00a0\u00a0 Sp\u00e9cialit\u00e9\u00a0: Energ\u00e9tique<\/p>\n<p>Date de 1\u00e8re inscription en th\u00e8se\u00a0: 2016\/2017<\/p>\n<p>Intitul\u00e9e de la th\u00e8se\u00a0: Etude et r\u00e9alisation d\u2019un s\u00e9choir \u00e9lectro solaire \u00e9cologique pour les produits agroalimentaires.<\/p>\n<p>Nom &amp; Pr\u00e9nom\u00a0du Directeur de th\u00e8se\u00a0: Dr.\u00a0 LAMROUS Nacer<\/p>\n<p>Nom &amp; Pr\u00e9nom\u00a0du Co-directeur de th\u00e8se: Pr. MAKHLOUF Sa\u00efd<\/p>\n<p>5) Nom &amp; Pr\u00e9nom\u00a0du Candidat : M. DEHMOUS M\u2019hand<\/p>\n<p>\u00c9tablissement : Universit\u00e9 Mouloud Mammeri de Tizi-Ouzou (UMMTO)<\/p>\n<p>Grade\u00a0: Maitre assistant (B)<\/p>\n<p>Domaine \/ Fili\u00e8re\u00a0: Architecture\u00a0\u00a0 Sp\u00e9cialit\u00e9\u00a0: Architecture et environnement<\/p>\n<p>Date de 1\u00e8re inscription en th\u00e8se\u00a0: 06\/12\/2016\u00a0 \u00e0 l\u2019Universit\u00e9 de Biskra<\/p>\n<p>Intitul\u00e9e de la th\u00e8se\u00a0: Confort thermique des habitations \u00e0 panneaux de fa\u00e7ade en b\u00e9ton pr\u00e9fabriqu\u00e9 comportant des mat\u00e9riaux \u00e0 changement de phase dans le contexte d\u2019un climat de type m\u00e9diterran\u00e9en\u00a0;<\/p>\n<p>Nom &amp; Pr\u00e9nom\u00a0du Directeur de th\u00e8se\u00a0: <strong>Dr.\u00a0 LAMROUS Nacer<\/strong><\/p>\n<p>Nom &amp; Pr\u00e9nom\u00a0du Co-directeur de th\u00e8se \u00e0 l\u2019\u00e9tranger : Pr. FRANQUET Erwin<\/p>\n<p>Pays : France\u00a0\u00a0\u00a0 \u00c9tablissement\u00a0: Universit\u00e9 de Pau et des pays de l\u2019Adour<\/p>\n<p>Grade\u00a0: Professeur<\/p>\n<p>&#8212;&#8212;&#8212;&#8212;&#8212;&#8212;&#8212;&#8212;&#8212;&#8212;&#8212;&#8212;&#8212;&#8212;&#8212;&#8212;&#8212;&#8212;&#8212;&#8212;&#8212;&#8212;&#8212;&#8212;&#8212;&#8212;&#8212;&#8212;&#8212;&#8212;&#8212;&#8212;&#8212;&#8212;&#8212;&#8212;&#8212;&#8212;&#8212;&#8212;&#8212;&#8212;&#8212;&#8212;&#8212;&#8212;&#8212;&#8212;&#8212;&#8212;&#8212;&#8212;&#8212;&#8212;&#8212;&#8212;&#8212;&#8212;&#8212;&#8212;&#8212;&#8212;<\/p>\n<p><span style=\"color: #000080;\"><strong>\u00c9quipe 03: Physique des mat\u00e9riaux\u00a0<\/strong><strong><u>Pr AOUCHICHE HOCINE<\/u><\/strong><\/span><\/p>\n<p><span style=\"color: #000000;\"><strong>1 \u2013 L\u2019imp\u00e9trante\u00a0:<\/strong> Si Mohammed Leila<\/span><\/p>\n<p><span style=\"color: #000000;\"><strong>Intitul\u00e9\u00a0:<\/strong> Simulation d\u2019interaction du faisceau d\u2019ions \u00e9nerg\u00e9tiques avec le fer massif par le logiciel SRIM<\/span><\/p>\n<p><span style=\"color: #000000;\"><strong>Directrice de m\u00e9moire\u00a0:<\/strong> Hammoum Karima<\/span><\/p>\n<p><span style=\"color: #000000;\"><strong>Date de soutenance\u00a0:<\/strong> 12\/07\/2018<\/span><\/p>\n<p><span style=\"color: #000000;\"><strong>2 \u2013 L\u2019imp\u00e9trant\u00a0:<\/strong> Si Tayeb Belkacem<\/span><\/p>\n<p><span style=\"color: #000000;\"><strong>Intitul\u00e9\u00a0:<\/strong> Diffusion \u00e9lastique d\u2019\u00e9lectrons par une\u00a0 mol\u00e9cule-base de l\u2019ADN.<\/span><\/p>\n<p><span style=\"color: #000000;\"><strong>Directrice de m\u00e9moire\u00a0:<\/strong> Mokrani Saida<\/span><\/p>\n<p><span style=\"color: #000000;\"><strong>Date de soutenance\u00a0:<\/strong> 10\/07\/2018<\/span><\/p>\n<p>&nbsp;<\/p>\n<p>&nbsp;<\/p>\n","protected":false},"excerpt":{"rendered":"<p>\u00c9quipe 01: CARACT\u00c9RISATION STATIQUE ET DYNAMIQUE DES MAT\u00c9RIAUX (CSDM) L\u2019imp\u00e9trant\u00a0: KACED Ahmed\u00a0 Intitul\u00e9\u00a0: Caract\u00e9risation m\u00e9canique et tol\u00e9rance \u00e0 l\u2019endommagement des mat\u00e9riaux composites \u00e0 renfort verre et matrice organique Directeur de th\u00e8se\u00a0: DJEBAR Arezki soutenu&#46;&#46;&#46;<\/p>\n","protected":false},"author":1,"featured_media":0,"parent":0,"menu_order":0,"comment_status":"closed","ping_status":"closed","template":"","meta":[],"_links":{"self":[{"href":"http:\/\/labs.ummto.dz\/lmse\/index.php\/wp-json\/wp\/v2\/pages\/255"}],"collection":[{"href":"http:\/\/labs.ummto.dz\/lmse\/index.php\/wp-json\/wp\/v2\/pages"}],"about":[{"href":"http:\/\/labs.ummto.dz\/lmse\/index.php\/wp-json\/wp\/v2\/types\/page"}],"author":[{"embeddable":true,"href":"http:\/\/labs.ummto.dz\/lmse\/index.php\/wp-json\/wp\/v2\/users\/1"}],"replies":[{"embeddable":true,"href":"http:\/\/labs.ummto.dz\/lmse\/index.php\/wp-json\/wp\/v2\/comments?post=255"}],"version-history":[{"count":7,"href":"http:\/\/labs.ummto.dz\/lmse\/index.php\/wp-json\/wp\/v2\/pages\/255\/revisions"}],"predecessor-version":[{"id":310,"href":"http:\/\/labs.ummto.dz\/lmse\/index.php\/wp-json\/wp\/v2\/pages\/255\/revisions\/310"}],"wp:attachment":[{"href":"http:\/\/labs.ummto.dz\/lmse\/index.php\/wp-json\/wp\/v2\/media?parent=255"}],"curies":[{"name":"wp","href":"https:\/\/api.w.org\/{rel}","templated":true}]}}