
{"id":27,"date":"2017-07-04T11:07:27","date_gmt":"2017-07-04T09:07:27","guid":{"rendered":"http:\/\/labs.ummto.dz\/lmse\/?page_id=27"},"modified":"2021-02-01T14:47:41","modified_gmt":"2021-02-01T13:47:41","slug":"equipe-01","status":"publish","type":"page","link":"http:\/\/labs.ummto.dz\/lmse\/index.php\/equipe-01\/","title":{"rendered":"\u00c9quipe 01: Caract\u00e9risation Statique et Dynamique des Mat\u00e9riaux (CSDM)"},"content":{"rendered":"<p><span style=\"color: #000000;\"><span style=\"color: #000080;\"><strong>Chef d\u2019\u00e9quipe:<\/strong><\/span>\u00a0<strong>Pr\u00a0DJEBBAR Arezki<\/strong><\/span><\/p>\n<p><img loading=\"lazy\" class=\"alignnone size-full wp-image-102 alignright\" src=\"http:\/\/labs.ummto.dz\/lmse\/wp-content\/uploads\/2017\/07\/reservoir.jpg\" alt=\"\" width=\"236\" height=\"247\" \/><\/p>\n<p><span style=\"color: #000080;\"><strong>Domaine<\/strong>:\u00a0<strong>Sciences et Techniques<\/strong><\/span><\/p>\n<p><span style=\"color: #000000;\"><span style=\"color: #000080;\"><strong>Mots cl\u00e9s <\/strong>:<\/span>\u00a0Mat\u00e9riaux, Composites,\u00a0 Fatigue Endommagement, Rupture, Contact, Usure.<\/span><\/p>\n<p><span style=\"color: #000000;\"><span style=\"color: #000080;\"><strong>Acronyme\u00a0: <\/strong><\/span><strong>CSDM<\/strong><\/span><\/p>\n<p><span style=\"color: #000000;\"><span style=\"color: #000080;\"><strong>Code\u00a0: <\/strong><\/span><strong>C1060901<\/strong><\/span><\/p>\n<p><span style=\"color: #000080;\"><strong><span style=\"text-decoration: underline;\">Description de la th\u00e9matique de recherche de l\u2019\u00e9quipe:\u00a0<\/span><\/strong><\/span><\/p>\n<p><span style=\"color: #000000;\"><strong>L&rsquo;\u00e9quipe de recherche travaille sur deux axes compl\u00e9mentaires\u00a0:<\/strong><\/span><\/p>\n<p><span style=\"color: #000080;\"><strong>\u00a0<\/strong><strong>1) Etude de la durabilit\u00e9 des mat\u00e9riaux composites stratifi\u00e9s\u00a0:<\/strong><\/span><\/p>\n<p><strong>\u00a0<span style=\"color: #000000;\">&#8211; \u00a0\u00a0 Optimisation des stratifi\u00e9s (dispositions des couches)<\/span><\/strong><\/p>\n<p><span style=\"color: #000000;\"><strong>\u00a0&#8211; \u00a0\u00a0 Prise en compte de l&rsquo;environnement (humidit\u00e9 et temp\u00e9rature)<\/strong><\/span><\/p>\n<p><strong>\u00a0<\/strong><\/p>\n<p><span style=\"color: #000080;\"><strong>2) Etude ducomportement tribologique des surfaces en contact (pr\u00e9sence de lubrifiant)\u00a0:<\/strong><\/span><\/p>\n<p><span style=\"color: #000000;\"><strong>\u00a0&#8211; \u00a0\u00a0 Etude th\u00e9orique du champ de contrainte de diff\u00e9rents types de contact.<\/strong><\/span><\/p>\n<p><span style=\"color: #000000;\"><strong>\u00a0&#8211; \u00a0\u00a0 Etude num\u00e9rique et exp\u00e9rimentale du comportement de diff\u00e9rents contacts en modifiant les param\u00e8tres (vitesse&#8230;).<\/strong><\/span><\/p>\n<p><span style=\"color: #000080;\"><strong><u>Travaux en cours\u00a0: <\/u><\/strong><\/span><\/p>\n<p><span style=\"color: #000000;\"><strong>&#8211;\u00a0 D\u00e9termination exp\u00e9rimentale et num\u00e9rique des contraintes dans les contacts en pr\u00e9sence de lubrifiants.<\/strong><\/span><\/p>\n<ul>\n<li><span style=\"color: #000000;\"><strong>Finalisation de quatre th\u00e8ses de doctorat (en instance de soutenance)\u00a0:<\/strong><\/span><\/li>\n<\/ul>\n<p><span style=\"color: #000080;\"><strong>Mme TEKLAL\u00a0\u00a0 FATIHA, Mr KACIMI\u00a0\u00a0 BACHIR, Mme MANSOURI\u00a0\u00a0 LILA, Mr BELDI\u00a0\u00a0 MUSTAPHA<\/strong><\/span><\/p>\n<ul>\n<li><strong>\u00a0<\/strong><span style=\"color: #000000;\">L\u2019activit\u00e9 de recherche a consist\u00e9 \u00e0 suivre le travail de recherche de 04 \u00e9tudiants inscrits en th\u00e8se de doctorat. Les sujets sont ax\u00e9s sur le comportement des mat\u00e9riaux composites. Les th\u00e8mes abordent avec acuit\u00e9 la r\u00e9ponse des stratifi\u00e9s aux diff\u00e9rentes sollicitations m\u00e9caniques en int\u00e9grant les diff\u00e9rents milieux. L\u2019\u00e9quipement d\u2019un un banc d\u2019essai exp\u00e9rimental avec acquisition de donn\u00e9es. Ce banc d\u2019essai nous a permis de r\u00e9aliser des essais de caract\u00e9risation en fluage sous diff\u00e9rentes temp\u00e9ratures et milieux de stratifi\u00e9s. En outre des encadrements de m\u00e9moires de fin d\u2019\u00e9tudes de Master option construction M\u00e9canique et g\u00e9nie des mat\u00e9riaux. Les travaux de recherche ont permis de pr\u00e9senter plusieurs communications et publications internationales.<\/span><\/li>\n<\/ul>\n<p>&nbsp;<\/p>\n<ul>\n<li><span style=\"color: #000000;\">Etude de l&rsquo;influence d&rsquo;un ajout de lubrifiant solide sur la tenue \u00e0 l&rsquo;usure d&rsquo;un couple de mat\u00e9riaux en contact.<\/span><\/li>\n<li><span style=\"color: #000000;\">Instrumentation d&rsquo;un banc d&rsquo;essai de fluage pour la caract\u00e9risation de mat\u00e9riaux composites dans<\/span> des milieux contr\u00f4l\u00e9s.<\/li>\n<\/ul>\n<p><span style=\"color: #000000;\">Deux projets de recherche sont en cours au niveau de notre \u00e9quipe. Ces projets permettent d&rsquo;int\u00e9grer plusieurs Masters pour pr\u00e9parer leurs s de fin d\u2019\u00e9tudes<strong>. <\/strong><\/span><\/p>\n<p><span style=\"color: #000080;\"><strong><u>Liste exhaustive des membres permanents de l\u2019\u00e9quipe:<\/u><\/strong><\/span><\/p>\n<table width=\"680\">\n<thead>\n<tr>\n<td width=\"85\"><span style=\"color: #000080;\"><strong>Nom<\/strong><\/span><\/td>\n<td width=\"62\"><span style=\"color: #000080;\"><strong>Pr\u00e9nom<\/strong><\/span><\/td>\n<td width=\"104\"><span style=\"color: #000080;\"><strong>Dipl\u00f4me<\/strong><\/span><\/td>\n<td width=\"76\"><span style=\"color: #000080;\"><strong>Grade<\/strong><\/span><\/td>\n<td width=\"94\"><span style=\"color: #000080;\"><strong>Sp\u00e9cialit\u00e9<\/strong><\/span><\/td>\n<td colspan=\"3\" width=\"95\"><span style=\"color: #000080;\"><strong>Structure de rattachement<\/strong><\/span><\/td>\n<td width=\"165\"><span style=\"color: #000080;\"><strong>Adresse Electronique<\/strong><\/span><\/td>\n<\/tr>\n<\/thead>\n<tbody>\n<tr>\n<td width=\"85\"><span style=\"color: #800000;\"><strong>DJEBBAR\u00a0\u00a0\u00a0\u00a0\u00a0\u00a0\u00a0\u00a0\u00a0\u00a0\u00a0\u00a0\u00a0 <\/strong><\/span><\/td>\n<td width=\"62\"><span style=\"color: #800000;\"><strong>AREZKI<\/strong><\/span><\/td>\n<td width=\"104\">Doctorat d\u2019\u00e9tat<\/td>\n<td width=\"76\">Prof<\/td>\n<td width=\"94\">G. M\u00e9canique<\/td>\n<td colspan=\"3\" width=\"95\">UMMTO<\/td>\n<td width=\"165\"><span style=\"color: #000080;\">ar.djebbar@yahoo.fr<\/span><\/td>\n<\/tr>\n<tr>\n<td width=\"85\"><span style=\"color: #800000;\"><strong>BILEK<\/strong><\/span><\/td>\n<td width=\"62\"><span style=\"color: #800000;\"><strong>ALI<\/strong><\/span><\/td>\n<td width=\"104\">Doctoratd\u2019\u00e9tat<\/td>\n<td width=\"76\">Prof<\/td>\n<td width=\"94\">G. M\u00e9canique<\/td>\n<td colspan=\"3\" width=\"95\">UMMTO<\/td>\n<td width=\"165\"><span style=\"color: #000080;\">alibilek2000@yahoo.fr<\/span><\/td>\n<\/tr>\n<tr>\n<td width=\"85\"><span style=\"color: #800000;\"><strong>DJEBALI <\/strong><\/span><\/td>\n<td width=\"62\"><span style=\"color: #800000;\"><strong>SAID<\/strong><\/span><\/td>\n<td width=\"104\">Doctorat<\/td>\n<td width=\"76\">MCA<\/td>\n<td width=\"94\">G. M\u00e9canique<\/td>\n<td colspan=\"3\" width=\"95\">UMMTO<\/td>\n<td width=\"165\"><span style=\"color: #000080;\">djebalisaid@yahoo.fr<\/span><\/td>\n<\/tr>\n<tr>\n<td width=\"85\"><span style=\"color: #800000;\"><strong>LARBI\u00a0\u00a0\u00a0\u00a0\u00a0\u00a0\u00a0\u00a0\u00a0\u00a0\u00a0\u00a0\u00a0\u00a0\u00a0\u00a0\u00a0\u00a0 <\/strong><\/span><\/td>\n<td width=\"62\"><span style=\"color: #800000;\"><strong>SAID<\/strong><\/span><\/td>\n<td width=\"104\">Magister<\/td>\n<td width=\"76\">MCA<\/td>\n<td width=\"94\">G. M\u00e9canique<\/td>\n<td colspan=\"3\" width=\"95\">UMMTO<\/td>\n<td width=\"165\"><span style=\"color: #000080;\"><a style=\"color: #000080;\" href=\"mailto:slarbi58@yahoo.fr\">slarbi58@yahoo.fr<\/a><\/span><\/td>\n<\/tr>\n<tr>\n<td width=\"85\"><span style=\"color: #800000;\"><strong>MENOUAR\u00a0\u00a0\u00a0\u00a0\u00a0\u00a0\u00a0\u00a0\u00a0 <\/strong><\/span><\/td>\n<td width=\"62\"><span style=\"color: #800000;\"><strong>AHCENE<\/strong><\/span><\/td>\n<td width=\"104\">Magister<\/td>\n<td width=\"76\">MCB<\/td>\n<td width=\"94\">G. <span style=\"color: #000000;\">M\u00e9canique<\/span><\/td>\n<td colspan=\"3\" width=\"95\"><span style=\"color: #000000;\">UMMTO<\/span><\/td>\n<td width=\"165\"><span style=\"color: #800000;\">ahmenouar@hotmail.com<\/span><\/td>\n<\/tr>\n<tr>\n<td width=\"85\"><strong><span style=\"color: #800000;\">KACIMI\u00a0\u00a0<\/span>\u00a0\u00a0\u00a0\u00a0\u00a0\u00a0\u00a0\u00a0\u00a0\u00a0\u00a0\u00a0\u00a0 <\/strong><\/td>\n<td width=\"62\"><span style=\"color: #800000;\"><strong>BACHIR<\/strong><\/span><\/td>\n<td width=\"104\">Magister<\/td>\n<td width=\"76\">MAA<\/td>\n<td width=\"94\">G. M\u00e9canique<\/td>\n<td colspan=\"3\" width=\"95\">UMMTO<\/td>\n<td width=\"165\"><span style=\"color: #000080;\">kacimiummto@yahoo.fr<\/span><\/td>\n<\/tr>\n<tr>\n<td width=\"85\"><strong><span style=\"color: #800000;\">MANSOURI\u00a0\u00a0\u00a0<\/span>\u00a0\u00a0\u00a0\u00a0 <\/strong><\/td>\n<td width=\"62\"><span style=\"color: #800000;\"><strong>LILA<\/strong><\/span><\/td>\n<td width=\"104\">Magister<\/td>\n<td width=\"76\">MAA<\/td>\n<td width=\"94\">G. M\u00e9canique<\/td>\n<td colspan=\"3\" width=\"95\">UMMTO<\/td>\n<td width=\"165\"><span style=\"color: #000080;\">mansouri_lila@yahoo.fr<\/span><\/td>\n<\/tr>\n<tr>\n<td width=\"85\"><strong><span style=\"color: #800000;\">TEKLAL\u00a0\u00a0\u00a0<\/span>\u00a0\u00a0\u00a0\u00a0\u00a0\u00a0\u00a0\u00a0\u00a0\u00a0\u00a0\u00a0 <\/strong><\/td>\n<td width=\"62\"><span style=\"color: #800000;\"><strong>FATIHA<\/strong><\/span><\/td>\n<td width=\"104\">Magister<\/td>\n<td width=\"76\">MAA<\/td>\n<td width=\"94\">G. M\u00e9canique<\/td>\n<td colspan=\"3\" width=\"95\">UMMTO<\/td>\n<td width=\"165\"><span style=\"color: #000080;\">fatihagm07@yahoo.fr<\/span><\/td>\n<\/tr>\n<tr>\n<td width=\"85\"><span style=\"color: #800000;\"><strong>BELDI\u00a0 \u00a0 \u00a0 \u00a0 \u00a0<\/strong><\/span><\/td>\n<td width=\"62\"><strong style=\"color: #800000;\">MUSTAPHA<\/strong><\/td>\n<td width=\"104\">Magister<\/td>\n<td width=\"76\">MAA<\/td>\n<td colspan=\"2\" width=\"104\">G. M\u00e9canique<\/td>\n<td width=\"80\">UMMTO<\/td>\n<td colspan=\"2\" width=\"170\"><span style=\"color: #000080;\">beldimustapha@yahoo.fr<\/span><\/td>\n<\/tr>\n<tr>\n<td width=\"85\"><\/td>\n<td width=\"62\"><\/td>\n<td width=\"104\"><\/td>\n<td width=\"76\"><\/td>\n<td width=\"94\"><\/td>\n<td width=\"9\"><\/td>\n<td width=\"80\"><\/td>\n<td width=\"5\"><\/td>\n<td width=\"165\"><\/td>\n<\/tr>\n<\/tbody>\n<\/table>\n<p><strong>\u00a0<\/strong><\/p>\n<p><span style=\"color: #000080;\"><strong><u>Liste exhaustive des doctorants membres de l\u2019\u00e9quipe<\/u><\/strong><strong> :<\/strong><\/span><\/p>\n<table width=\"638\">\n<thead>\n<tr>\n<td><span style=\"color: #000080;\"><strong>N\u00b0<\/strong><\/span><\/td>\n<td width=\"196\"><span style=\"color: #000080;\"><strong>Nomet Pr\u00e9nom<\/strong><\/span><\/td>\n<td width=\"104\"><span style=\"color: #000080;\"><strong>Inscrit depuis (Mois\/Ann\u00e9e)<\/strong><\/span><\/td>\n<td width=\"312\"><span style=\"color: #000080;\"><strong>Nom et Pr\u00e9nom du ou des encadreurs<\/strong><\/span><\/td>\n<\/tr>\n<\/thead>\n<tbody>\n<tr>\n<td>01<\/td>\n<td width=\"196\"><strong>\u00a0<span style=\"color: #800000;\">KACED AHMED \u00a0 \u00a0 \u00a0 \u00a0 \u00a0<\/span><\/strong><strong>\u00a0 \u00a0 \u00a0 \u00a0 \u00a0 \u00a0 \u00a0 \u00a0 \u00a0 \u00a0 \u00a0 \u00a0 \u00a0 \u00a0 \u00a0 \u00a0 \u00a0 \u00a0 \u00a0 \u00a0 \u00a0 \u00a0 \u00a0 \u00a0 \u00a0 \u00a0 \u00a0 \u00a0 \u00a0 \u00a0 \u00a0 \u00a0 \u00a0 \u00a0 \u00a0 \u00a0 \u00a0 \u00a0 \u00a0\u00a0<\/strong><\/td>\n<td width=\"104\">Septembre 2016<\/td>\n<td width=\"312\">\u00a0\u00a0\u00a0\u00a0\u00a0\u00a0\u00a0\u00a0\u00a0\u00a0\u00a0\u00a0\u00a0\u00a0\u00a0\u00a0\u00a0\u00a0\u00a0 DJEBBAR\u00a0\u00a0\u00a0\u00a0 Arezki<\/td>\n<\/tr>\n<tr>\n<td>02<\/td>\n<td width=\"196\"><strong>\u00a0\u00a0 <span style=\"color: #800000;\">KHARFANE\u00a0\u00a0\u00a0\u00a0 OUSSAMA\u00a0\u00a0\u00a0\u00a0\u00a0\u00a0<\/span>\u00a0\u00a0\u00a0\u00a0\u00a0\u00a0\u00a0 <\/strong><\/td>\n<td width=\"104\">Septembre2019<\/td>\n<td width=\"312\">\u00a0 \u00a0 \u00a0 \u00a0 \u00a0 \u00a0 \u00a0 \u00a0 \u00a0 \u00a0 \u00a0DJEBALI\u00a0\u00a0\u00a0\u00a0\u00a0\u00a0 SAID<\/td>\n<\/tr>\n<tr>\n<td>03<\/td>\n<td width=\"196\">\u00a0<strong><span style=\"color: #800000;\">BOUGUERROUMA\u00a0 KAHINA<\/span><\/strong><\/td>\n<td width=\"104\">\u00a0 Septembre2017<\/td>\n<td width=\"312\">\u00a0 \u00a0 \u00a0 \u00a0 \u00a0 \u00a0 \u00a0 \u00a0 \u00a0 \u00a0 \u00a0DJEBALI\u00a0\u00a0\u00a0\u00a0\u00a0\u00a0 SAID<\/td>\n<\/tr>\n<\/tbody>\n<\/table>\n<p><strong>\u00a0<\/strong><\/p>\n<p><strong>\u00a0<\/strong><\/p>\n<p>&nbsp;<\/p>\n","protected":false},"excerpt":{"rendered":"<p>Chef d\u2019\u00e9quipe:\u00a0Pr\u00a0DJEBBAR Arezki Domaine:\u00a0Sciences et Techniques Mots cl\u00e9s :\u00a0Mat\u00e9riaux, Composites,\u00a0 Fatigue Endommagement, Rupture, Contact, Usure. Acronyme\u00a0: CSDM Code\u00a0: C1060901 Description de la th\u00e9matique de recherche de l\u2019\u00e9quipe:\u00a0 L&rsquo;\u00e9quipe de recherche travaille sur deux axes&#46;&#46;&#46;<\/p>\n","protected":false},"author":1,"featured_media":0,"parent":0,"menu_order":0,"comment_status":"closed","ping_status":"closed","template":"","meta":[],"_links":{"self":[{"href":"http:\/\/labs.ummto.dz\/lmse\/index.php\/wp-json\/wp\/v2\/pages\/27"}],"collection":[{"href":"http:\/\/labs.ummto.dz\/lmse\/index.php\/wp-json\/wp\/v2\/pages"}],"about":[{"href":"http:\/\/labs.ummto.dz\/lmse\/index.php\/wp-json\/wp\/v2\/types\/page"}],"author":[{"embeddable":true,"href":"http:\/\/labs.ummto.dz\/lmse\/index.php\/wp-json\/wp\/v2\/users\/1"}],"replies":[{"embeddable":true,"href":"http:\/\/labs.ummto.dz\/lmse\/index.php\/wp-json\/wp\/v2\/comments?post=27"}],"version-history":[{"count":15,"href":"http:\/\/labs.ummto.dz\/lmse\/index.php\/wp-json\/wp\/v2\/pages\/27\/revisions"}],"predecessor-version":[{"id":316,"href":"http:\/\/labs.ummto.dz\/lmse\/index.php\/wp-json\/wp\/v2\/pages\/27\/revisions\/316"}],"wp:attachment":[{"href":"http:\/\/labs.ummto.dz\/lmse\/index.php\/wp-json\/wp\/v2\/media?parent=27"}],"curies":[{"name":"wp","href":"https:\/\/api.w.org\/{rel}","templated":true}]}}