
{"id":29,"date":"2017-07-04T11:07:52","date_gmt":"2017-07-04T09:07:52","guid":{"rendered":"http:\/\/labs.ummto.dz\/lmse\/?page_id=29"},"modified":"2021-01-31T14:23:31","modified_gmt":"2021-01-31T13:23:31","slug":"equipe-02","status":"publish","type":"page","link":"http:\/\/labs.ummto.dz\/lmse\/index.php\/equipe-02\/","title":{"rendered":"\u00c9quipe 02: Valorisation Des Ressources Energ\u00e9tiques"},"content":{"rendered":"<p><span style=\"color: #000080;\"><strong>Chef d\u2019\u00e9quipe:<\/strong><\/span>\u00a0\u00a0<strong><span style=\"color: #000000;\">Mr\u00a0MAKHLOUF Sa\u00efd<\/span><\/strong><img loading=\"lazy\" class=\"wp-image-104 size-full alignright\" src=\"http:\/\/labs.ummto.dz\/lmse\/wp-content\/uploads\/2017\/07\/t\u00e9l\u00e9chargement-3.jpg\" alt=\"\" width=\"275\" height=\"183\" \/><\/p>\n<p><span style=\"color: #000080;\"><strong>Domaine <\/strong>:<\/span>\u00a0<span style=\"color: #000000;\"><strong>Sciences et Techniques<\/strong><\/span><\/p>\n<p><span style=\"color: #000080;\"><strong>Mots cl\u00e9s <\/strong>:<\/span> <span style=\"color: #000000;\">Stockage thermique, MCP, confort thermique, efficacit\u00e9 energ\u00e9tique, physique des serres<\/span><span style=\"color: #000080;\">\u00a0<\/span><\/p>\n<p><span style=\"color: #000080;\"><strong><span style=\"text-decoration: underline;\">Description de la th\u00e9matique de recherche de l\u2019\u00e9quipe:\u00a0<\/span><\/strong><\/span><\/p>\n<p><span style=\"color: #000000;\">Le programme de recherche initi\u00e9 par l&rsquo;\u00e9quipe \u00ab\u00a0Valorisation des Ressources \u00c9nerg\u00e9tiques\u00a0\u00bb porte essentiellement sur les mat\u00e9riaux composites \u00e0 forte chaleur latente de changement de phase pour le stockage de l\u2019\u00e9nergie thermique \u00e0 basse et moyenne temp\u00e9rature. Le travail consiste \u00e0 utiliser\u00a0 des matrices \u00a0\u00e0 l\u2019\u00e9tat poudre fine d\u2019origine min\u00e9rale, v\u00e9g\u00e9tale ou animale et \u00e0 les impr\u00e9gner d\u2019un mat\u00e9riau \u00e0 changement de phase (MCP) en fusion. La compression \u00e0 froid est \u00e9galement pratiqu\u00e9e sur les composites afin d\u2019am\u00e9liorer la capacit\u00e9 de stockage volumique. Les composites retenus apr\u00e8s caract\u00e9risation des propri\u00e9t\u00e9s chimiques, thermiques et physiques (DSC, FT-IR, MEB, Granulom\u00e9trie Laser, ATG\u2026) peuvent \u00eatre test\u00e9s dans les parois de b\u00e2timent pour l\u2019am\u00e9lioration du confort thermique ou pour d\u2019autres applications de thermique. Six th\u00e8ses de doctorat sont initi\u00e9es sur ce th\u00e8me dont trois ont abouti (finalis\u00e9es et soutenues en 2019), trois autres sont en cours. En parall\u00e8le, des sujets de Master sont chaque ann\u00e9e engag\u00e9s sur des r\u00e9alisations portant sur le stockage thermique (capteur solaire \u00e0 air avec stockage thermique, capteur solaire \u00e0 eau chaude avec stockage thermique, capteur cylindro-parabolique \u00e0 stockage, concentrateur solaire avec stockage). L&rsquo;\u00e9quipe de recherche traite \u00e9galement de la distillation solaire. Par ailleurs, l\u2019\u00e9quipe de recherche travaille \u00e9galement sur la convection en milieu semi ouvert et le s\u00e9chage solaire et la distillation solaire. Trois th\u00e8ses de doctorat ont \u00e9t\u00e9 engag\u00e9es dont une a abouti (soutenue en 2019), la deuxi\u00e8me est en phase finale (r\u00e9daction de m\u00e9moire pour une soutenance en 2021).<\/span><\/p>\n<p><span style=\"color: #000080;\"><strong><u>Travaux de recherche en cours<\/u><\/strong><strong>\u00a0:<\/strong><\/span><\/p>\n<p><span style=\"color: #000000;\">Melle Djefel Dihia qui a soutenu sa th\u00e8se de doctorat en Juillet 2019 a \u00e9t\u00e9 recrut\u00e9e et a rejoint notre laboratoire en tant que chercheur pour pr\u00e9parer son habilitation. Des applications de stockage de chaleur suivies de tests de validation sont envisag\u00e9es pour la suite des travaux de th\u00e8se de Melle Djefel Dihia . Mme Khedache Souad qui a \u00e9galement soutenu sa th\u00e8se sous la direction de du Pr Makhlouf Said a rejoint notre \u00e9quipe de recherche en tant que chercheur dans le cadre de son habilitation universitaire. Des tests de parois \u00e9quip\u00e9es de moyens de stockage thermique par chaleur latente seront initi\u00e9s pour la validation de\u00a0 ses futurs travaux. De plus, Melle Boussaba Lisa (architecte de formation) doctorante qui a travaille sous ma direction sur l&rsquo;am\u00e9lioration du confort thermique dans le b\u00e2timent a soutenu sa th\u00e8se en F\u00e9vrier 2020. Ces travaux ont l&rsquo;objet de plusieurs publications et la suite de ces travaux est envisag\u00e9e dans le cadre de son habilitation. Apr\u00e8s la premi\u00e8re phase d&rsquo;\u00e9laboration, de caract\u00e9risation et de validation des nouveaux composites, des prototypes sont en cours de r\u00e9alisation pour introduire les composites pr\u00e9alablement s\u00e9lectionn\u00e9s dans une structure. Des tests de mesures de flux et de temp\u00e9ratures seront men\u00e9s et des mod\u00e8les de simulation sont en cours. Les r\u00e9sultats de ces simulations seront confront\u00e9s aux r\u00e9sultats des mesures effectu\u00e9es pour leur validation. Cette partie est finalis\u00e9e pour Mme Khedache Souad et Melle Boussaba Lisa et des articles sont attendus. Pour le doctorant Dahmous M&rsquo;hand architecte (sous la direction de mon collaborateur Lamrous Nacer), il a finalis\u00e9 sa partie \u00e9laboration et caract\u00e9risation. Un prototype exp\u00e9rimental (mur pr\u00e9fabriqu\u00e9 avec stockage d&rsquo;\u00e9nergie) est mont\u00e9 et des essais sur une cellule test sont en cours. D&rsquo;autre part, les prototypes r\u00e9alis\u00e9s dans le cadre des projets de Master (capteur cylindro-parabolique avec stockage d&rsquo;\u00e9nergie, distillateur solaire avec stockage d&rsquo;\u00e9nergie, capteur \u00e0 air pour le s\u00e9chage solaire&#8230;) feront l&rsquo;objet de plusieurs tests. Enfin, un nouveau sujet de th\u00e8se de doctorat en Architecture est lanc\u00e9 et porte sur l&rsquo;introduction de nouveaux mat\u00e9riaux composites \u00e0 forte chaleur latente de changement de phase pour l&rsquo;am\u00e9lioration du confort thermique en climat saharien. La doctorante engag\u00e9e, en collaboration avec Mme Foufa Abdessalem de l&rsquo;universit\u00e9 de Blida, est Mme Dahmani Kam\u00e9lia. Son travail de th\u00e8se est en cours. La partie \u00e9laboration est bien avanc\u00e9e, il reste la caract\u00e9risation physicochimique et thermique pour pouvoir s\u00e9lectionner des candidats potentiels pour une op\u00e9ration de stockage thermique applicable dans un premier temps sur un prototype \u00e0 concevoir.<\/span><\/p>\n<p><span style=\"color: #000080;\"><strong><span style=\"text-decoration: underline;\">Liste exhaustive des membres permanents de l\u2019\u00e9quipe:<\/span><\/strong><\/span><\/p>\n<table width=\"638\">\n<thead>\n<tr>\n<td width=\"87\"><span style=\"color: #000080;\"><strong>Nom<\/strong><\/span><\/td>\n<td width=\"75\"><span style=\"color: #000080;\"><strong>Pr\u00e9nom<\/strong><\/span><\/td>\n<td width=\"117\"><span style=\"color: #000080;\"><strong>Dipl\u00f4me<\/strong><\/span><\/td>\n<td width=\"57\"><span style=\"color: #000080;\"><strong>Grade<\/strong><\/span><\/td>\n<td width=\"94\"><span style=\"color: #000080;\"><strong>Sp\u00e9cialit\u00e9<\/strong><\/span><\/td>\n<td width=\"104\"><span style=\"color: #000080;\"><strong>Structure de rattachement<\/strong><\/span><\/td>\n<td width=\"104\"><span style=\"color: #000080;\"><strong>Adresse \u00e9lectronique<\/strong><\/span><\/td>\n<\/tr>\n<\/thead>\n<tbody>\n<tr>\n<td width=\"87\"><span style=\"color: #800000;\"><strong>MAKHLOUF\u00a0\u00a0\u00a0\u00a0\u00a0\u00a0\u00a0 <\/strong><\/span><\/td>\n<td width=\"75\"><span style=\"color: #800000;\"><strong>SAID <\/strong><\/span><\/td>\n<td width=\"117\"><strong>Doctorat d\u2019\u00e9tat<\/strong><\/td>\n<td width=\"57\"><strong>Prof<\/strong><\/td>\n<td width=\"94\"><strong>Energ\u00e9tique<\/strong><\/td>\n<td width=\"104\"><strong>UMMTO<\/strong><\/td>\n<td width=\"104\">said.makhlouf@ummto.dz<\/td>\n<\/tr>\n<tr>\n<td width=\"87\"><span style=\"color: #800000;\"><strong>LAMROUS\u00a0\u00a0\u00a0\u00a0\u00a0\u00a0 <\/strong><\/span><\/td>\n<td width=\"75\"><span style=\"color: #800000;\"><strong>NACER <\/strong><\/span><\/td>\n<td width=\"117\"><strong>Doct 3\u00e8me cycle<\/strong><\/td>\n<td width=\"57\"><strong>MCA<\/strong><\/td>\n<td width=\"94\"><strong>Energ\u00e9tique<\/strong><\/td>\n<td width=\"104\"><strong>ENPI Rouiba<\/strong><\/td>\n<td width=\"104\">lamrous.nacer@gmail.com<\/td>\n<\/tr>\n<tr>\n<td width=\"87\"><span style=\"color: #800000;\"><strong>BOUDAOUD\u00a0\u00a0 <\/strong><\/span><\/td>\n<td width=\"75\"><span style=\"color: #800000;\"><strong>SALAH <\/strong><\/span><\/td>\n<td width=\"117\"><strong>Magister<\/strong><\/td>\n<td width=\"57\"><strong>MCB<\/strong><\/td>\n<td width=\"94\"><strong>Energ\u00e9tique<\/strong><\/td>\n<td width=\"104\"><strong>UMMTO <\/strong><\/td>\n<td width=\"104\">sboudaoud@gmail.com<\/td>\n<\/tr>\n<tr>\n<td width=\"87\"><span style=\"color: #800000;\"><strong>DEHMOUS <\/strong><\/span><\/td>\n<td width=\"75\"><span style=\"color: #800000;\"><strong>MOHAND <\/strong><\/span><\/td>\n<td width=\"117\"><strong>Magister<\/strong><\/td>\n<td width=\"57\"><strong>MAA<\/strong><\/td>\n<td width=\"94\"><strong>Architecture<\/strong><\/td>\n<td width=\"104\"><strong>Univ Biskra<\/strong><\/td>\n<td width=\"104\">Mhanddehmous@gmail.com<\/td>\n<\/tr>\n<tr>\n<td width=\"87\"><span style=\"color: #800000;\"><strong>DJEFEL\u00a0\u00a0\u00a0\u00a0\u00a0\u00a0\u00a0\u00a0\u00a0\u00a0 <\/strong><\/span><\/td>\n<td width=\"75\"><span style=\"color: #800000;\"><strong>DIHIA <\/strong><\/span><\/td>\n<td width=\"117\"><strong>Master<\/strong><\/td>\n<td width=\"57\"><strong>MAB<\/strong><\/td>\n<td width=\"94\"><strong>Energ\u00e9tique<\/strong><\/td>\n<td width=\"104\"><strong>UMMTO<\/strong><\/td>\n<td width=\"104\">dihia.dj@ gmail.com<\/td>\n<\/tr>\n<tr>\n<td width=\"87\"><span style=\"color: #800000;\"><strong>KHEDACHE\u00a0\u00a0\u00a0\u00a0\u00a0\u00a0 <\/strong><\/span><\/td>\n<td width=\"75\"><span style=\"color: #800000;\"><strong>SOUAD <\/strong><\/span><\/td>\n<td width=\"117\"><strong>Master<\/strong><\/td>\n<td width=\"57\"><strong>MAB<\/strong><\/td>\n<td width=\"94\"><strong>Energ\u00e9tique<\/strong><\/td>\n<td width=\"104\"><strong>UMMTO<\/strong><\/td>\n<td width=\"104\">souadkhedache01@gmail.com<\/td>\n<\/tr>\n<\/tbody>\n<\/table>\n<p><span style=\"color: #000080;\"><strong><u>Liste exhaustive des doctorants membres de l\u2019\u00e9quipe<\/u><\/strong><strong> :<\/strong><\/span><\/p>\n<table width=\"638\">\n<thead>\n<tr>\n<td><span style=\"color: #000080;\"><strong>N\u00b0<\/strong><\/span><\/td>\n<td width=\"196\"><span style=\"color: #000080;\"><strong>Nom\u00a0\u00a0\u00a0\u00a0\u00a0\u00a0 et \u00a0\u00a0\u00a0\u00a0\u00a0\u00a0\u00a0\u00a0\u00a0Pr\u00e9nom<\/strong><\/span><\/td>\n<td width=\"104\"><span style=\"color: #000080;\"><strong>Inscrit depuis (Mois\/Ann\u00e9e)<\/strong><\/span><\/td>\n<td width=\"312\"><span style=\"color: #000080;\"><strong>Nom et Pr\u00e9nom du ou des encadreurs<\/strong><\/span><\/td>\n<\/tr>\n<\/thead>\n<tbody>\n<tr>\n<td>01<\/td>\n<td width=\"196\"><span style=\"color: #800000;\"><strong>BOUMENDIL\u00a0\u00a0\u00a0\u00a0\u00a0 AHMED <\/strong><\/span><\/td>\n<td width=\"104\">2016<\/td>\n<td width=\"312\">Lamrous Nacer, Makhlouf Said<\/td>\n<\/tr>\n<tr>\n<td>02<\/td>\n<td width=\"196\"><span style=\"color: #800000;\"><strong>DAHMANI\u00a0 \u00a0KAMELIA<\/strong><\/span><\/td>\n<td width=\"104\">2018<\/td>\n<td width=\"312\">Makhlouf Said,<\/td>\n<\/tr>\n<tr>\n<td>03<\/td>\n<td width=\"196\"><span style=\"color: #800000;\"><strong>DJAROUN\u00a0 NOREDINE<\/strong><\/span><\/td>\n<td width=\"104\">2019<\/td>\n<td width=\"312\">\u00a0Makhlouf Said<\/td>\n<\/tr>\n<\/tbody>\n<\/table>\n<p>&nbsp;<\/p>\n<p>&nbsp;<\/p>\n","protected":false},"excerpt":{"rendered":"<p>Chef d\u2019\u00e9quipe:\u00a0\u00a0Mr\u00a0MAKHLOUF Sa\u00efd Domaine :\u00a0Sciences et Techniques Mots cl\u00e9s : Stockage thermique, MCP, confort thermique, efficacit\u00e9 energ\u00e9tique, physique des serres\u00a0 Description de la th\u00e9matique de recherche de l\u2019\u00e9quipe:\u00a0 Le programme de recherche initi\u00e9 par&#46;&#46;&#46;<\/p>\n","protected":false},"author":1,"featured_media":0,"parent":0,"menu_order":0,"comment_status":"closed","ping_status":"closed","template":"","meta":[],"_links":{"self":[{"href":"http:\/\/labs.ummto.dz\/lmse\/index.php\/wp-json\/wp\/v2\/pages\/29"}],"collection":[{"href":"http:\/\/labs.ummto.dz\/lmse\/index.php\/wp-json\/wp\/v2\/pages"}],"about":[{"href":"http:\/\/labs.ummto.dz\/lmse\/index.php\/wp-json\/wp\/v2\/types\/page"}],"author":[{"embeddable":true,"href":"http:\/\/labs.ummto.dz\/lmse\/index.php\/wp-json\/wp\/v2\/users\/1"}],"replies":[{"embeddable":true,"href":"http:\/\/labs.ummto.dz\/lmse\/index.php\/wp-json\/wp\/v2\/comments?post=29"}],"version-history":[{"count":12,"href":"http:\/\/labs.ummto.dz\/lmse\/index.php\/wp-json\/wp\/v2\/pages\/29\/revisions"}],"predecessor-version":[{"id":236,"href":"http:\/\/labs.ummto.dz\/lmse\/index.php\/wp-json\/wp\/v2\/pages\/29\/revisions\/236"}],"wp:attachment":[{"href":"http:\/\/labs.ummto.dz\/lmse\/index.php\/wp-json\/wp\/v2\/media?parent=29"}],"curies":[{"name":"wp","href":"https:\/\/api.w.org\/{rel}","templated":true}]}}