
{"id":31,"date":"2017-07-04T11:08:45","date_gmt":"2017-07-04T09:08:45","guid":{"rendered":"http:\/\/labs.ummto.dz\/lmse\/?page_id=31"},"modified":"2021-01-31T14:28:46","modified_gmt":"2021-01-31T13:28:46","slug":"equipe-03","status":"publish","type":"page","link":"http:\/\/labs.ummto.dz\/lmse\/index.php\/equipe-03\/","title":{"rendered":"\u00c9quipe 03:  Physique des mat\u00e9riaux"},"content":{"rendered":"<p><span style=\"color: #000080;\"><strong>Chef d\u2019\u00e9quipe:<\/strong>\u00a0<strong><span style=\"color: #000000;\">Mr\u00a0AOUCHICHE Hocine<\/span><\/strong><img loading=\"lazy\" class=\"wp-image-111 size-full alignright\" src=\"http:\/\/labs.ummto.dz\/lmse\/wp-content\/uploads\/2017\/07\/images-5.jpg\" alt=\"\" width=\"259\" height=\"194\" \/><\/span><\/p>\n<p><span style=\"color: #000000;\"><span style=\"color: #000080;\"><strong>Domaine <\/strong>:<\/span>\u00a0<strong>Sciences et Techniques <\/strong><\/span><\/p>\n<p><span style=\"color: #000000;\"><span style=\"color: #000080;\"><strong>Mots cl\u00e9s <\/strong>:<\/span>\u00a0section efficaces diff\u00e9rentielles et int\u00e9grales, double ionisation, diffusion \u00e9lastique, faisceaux d\u2019\u00e9lectrons<\/span><\/p>\n<p><span style=\"color: #000000;\"><strong><span style=\"color: #000080;\">Acronyme\u00a0:<\/span> <\/strong><strong>PM <\/strong><strong>\u00a0<\/strong><\/span><\/p>\n<p><span style=\"color: #000080;\"><strong>Code de l\u2019\u00e9quipe :<\/strong><\/span> <span style=\"color: #000000;\"><strong>C1060903<\/strong><\/span><\/p>\n<p><span style=\"text-decoration: underline;\"><span style=\"color: #000080; text-decoration: underline;\"><strong>Description de la th\u00e9matique de recherche de l\u2019\u00e9quipe:\u00a0<\/strong><\/span><\/span><\/p>\n<p><span style=\"color: #000000;\">L\u2019interaction du rayonnement particulaire avec la mati\u00e8re vivante ou inerte constitue, sans aucun doute, l\u2019un des domaines de grande importance dans l\u2019univers de la recherche, \u00e9tant donn\u00e9 les nombreuses applications qu\u2019elle trouve dans diff\u00e9rents domaines : nous mentionnons ici l\u2019imagerie m\u00e9dicale, la radiobiologie, la biologie, les plasmas, la mati\u00e8re condens\u00e9e, l\u2019environnement etc\u2026 L&rsquo;objectif de ce travail est l&rsquo;\u00e9tude th\u00e9orique et exp\u00e9rimentale des ph\u00e9nom\u00e8nes li\u00e9s aux effets de l\u2019irradiation de la mati\u00e8re vivante ou inerte par des particules charg\u00e9es (\u00e9lectrons, positrons ou ions). Concernant la partie th\u00e9orique du probl\u00e8me, nous d\u00e9veloppons \u00e0 partir des mod\u00e8les consid\u00e9r\u00e9s des calculs analytiques et num\u00e9riques afin de d\u00e9terminer les sections efficaces diff\u00e9rentielles et int\u00e9grales de diffusion \u00e9lastique et in\u00e9lastique telle que la double ionisation des mol\u00e9cules constituant le mat\u00e9riau consid\u00e9r\u00e9. Concr\u00e8tement, nous soumettons des\u00a0 mol\u00e9cules constituant l\u2019ADN (ad\u00e9nine, guanine, thymine, purine etc\u2026) ou inerte (HCl, H2S, HF, PH3, NH3 etc\u2026) \u00e0 des faisceaux d&rsquo;\u00e9lectrons de diff\u00e9rentes \u00e9nergies cin\u00e9tiques et nous \u00e9tudions les r\u00e9actions de simple diffusion \u00e9lastique et\/ou in\u00e9lastique telle que la double ionisation en calculant les sections efficaces multi-diff\u00e9rentielles et int\u00e9grales. Ainsi, certaines caract\u00e9ristiques physiques des mat\u00e9riaux consid\u00e9r\u00e9s seront \u00e9lucid\u00e9es. Par ailleurs, la partie exp\u00e9rimentale du projet est r\u00e9alis\u00e9e en coop\u00e9ration avec des partenaires \u00e0 l\u2019\u00e9tranger. Nous bombardons des \u00e9chantillons d\u2019un mat\u00e9riau consid\u00e9r\u00e9 et ses oxydes par des faisceaux d&rsquo;ions de Krypton de 5 keV. Les surfaces seront ainsi pulv\u00e9ris\u00e9es et les esp\u00e8ces \u00e9ject\u00e9es (produits de pulv\u00e9risation) \u00e9tant dans des \u00e9tats excit\u00e9s se d\u00e9sexcitent en \u00e9mettant des radiations. Nous mesurons ainsi l&rsquo;intensit\u00e9 de ces \u00e9missions et leurs \u00e9nergies. Ces mesures permettent d&rsquo;identifier les \u00e9tats \u00e9lectroniques mis en jeu. Les analyses quantitative et qualitative permettent d\u2019acc\u00e9der \u00e0 des caract\u00e9ristiques de ces mat\u00e9riaux et d&rsquo;identifier les impuret\u00e9s d\u00e9pos\u00e9es sur les surfaces des \u00e9chantillons analys\u00e9s<strong>.<\/strong><\/span><\/p>\n<p><span style=\"color: #000080;\"><strong><u>Travaux de recherche\u00a0en cours<\/u><\/strong><strong> :<\/strong><\/span><\/p>\n<p><span style=\"color: #000000;\">La partie th\u00e9orique du projet de recherche d\u00e9velopp\u00e9e au sein de notre \u00e9quipe porte, actuellement, sur le d\u00e9veloppement et l&rsquo;application de la m\u00e9thode analytique sur les mol\u00e9cules ad\u00e9nines, guanines, thymines, cytosines composantes bases de l&rsquo;ADN, dont l&rsquo;int\u00e9r\u00eat est av\u00e9r\u00e9 en radioth\u00e9rapie. Nous \u00e9crivons, d&rsquo;abord, les expressions analytiques des sections efficaces multiplement diff\u00e9rentielles et int\u00e9grales de la diffusion \u00e9lastiques d\u2019\u00e9lectrons de diff\u00e9rentes \u00e9nergies d\u2019impact dans le mod\u00e8le (PW2C) en tenant compte des effets fins du potentiel d\u2019interaction, tels que la corr\u00e9lation-polarisation et l\u2019\u00e9change. Par la suite, nous \u00e9crivons les codes num\u00e9riques pour entamer r\u00e9ellement les calculs. Concernant la partie exp\u00e9rimentale, le travail entam\u00e9 porte sur la distribution angulaire des particules pulv\u00e9ris\u00e9es de la surface des alliages ternaires <em>Fe71:9Cr5:6Al22:5 <\/em>sous un bombardement ionique Kr<sup>+<\/sup> \u00e0 une incidence normale.<\/span><\/p>\n<p><span style=\"color: #000080;\"><strong><u>Liste exhaustive des membres permanents de l\u2019\u00e9quipe<\/u><\/strong><strong> :<\/strong><\/span><\/p>\n<table width=\"662\">\n<thead>\n<tr>\n<td width=\"104\"><span style=\"color: #000080;\"><strong>Nom<\/strong><\/span><\/td>\n<td width=\"80\"><span style=\"color: #000080;\"><strong>Pr\u00e9nom<\/strong><\/span><\/td>\n<td width=\"104\"><span style=\"color: #000080;\"><strong>Dipl\u00f4me<\/strong><\/span><\/td>\n<td width=\"85\"><span style=\"color: #000080;\"><strong>Grade<\/strong><\/span><\/td>\n<td width=\"80\"><span style=\"color: #000080;\"><strong>Sp\u00e9cialit\u00e9<\/strong><\/span><\/td>\n<td width=\"95\"><span style=\"color: #000080;\"><strong>Structure de rattachement<\/strong><\/span><\/td>\n<td width=\"114\"><span style=\"color: #000080;\"><strong>Adresse Electronique<\/strong><\/span><\/td>\n<\/tr>\n<\/thead>\n<tbody>\n<tr>\n<td width=\"104\"><strong><span style=\"color: #800000;\">AOUCHICHE\u00a0\u00a0\u00a0\u00a0\u00a0<\/span><\/strong><\/td>\n<td width=\"80\"><strong><span style=\"color: #800000;\">HOCINE<\/span><\/strong><\/td>\n<td width=\"104\"><span style=\"color: #000000;\">Doctorat d\u2019\u00e9tat<\/span><\/td>\n<td width=\"85\"><span style=\"color: #000000;\">Professeur<\/span><\/td>\n<td width=\"80\"><span style=\"color: #000000;\">Physique<\/span><\/td>\n<td width=\"95\"><span style=\"color: #000000;\">UMMTO<\/span><\/td>\n<td width=\"114\">hocine.aouchiche@ummto.dz<\/td>\n<\/tr>\n<tr>\n<td width=\"104\"><strong><span style=\"color: #800000;\">MOKRANI\u00a0\u00a0\u00a0\u00a0\u00a0\u00a0\u00a0\u00a0<\/span><\/strong><\/td>\n<td width=\"80\"><strong><span style=\"color: #800000;\">SAIDA<\/span><\/strong><\/td>\n<td width=\"104\"><span style=\"color: #000000;\">Doctorat<\/span><\/td>\n<td width=\"85\"><span style=\"color: #000000;\">MCA<\/span><\/td>\n<td width=\"80\"><span style=\"color: #000000;\">Physique<\/span><\/td>\n<td width=\"95\"><span style=\"color: #000000;\">UMMTO<\/span><\/td>\n<td width=\"114\">saida.mokrani@ummto.dz<\/td>\n<\/tr>\n<tr>\n<td width=\"104\"><strong><span style=\"color: #800000;\">HAMMOUM\u00a0\u00a0\u00a0\u00a0\u00a0<\/span><\/strong><\/td>\n<td width=\"80\"><strong><span style=\"color: #800000;\">KARIMA<\/span><\/strong><\/td>\n<td width=\"104\"><span style=\"color: #000000;\">Doctorat<\/span><\/td>\n<td width=\"85\"><span style=\"color: #000000;\">MCA<\/span><\/td>\n<td width=\"80\"><span style=\"color: #000000;\">Physique<\/span><\/td>\n<td width=\"95\"><span style=\"color: #000000;\">UMMTO<\/span><\/td>\n<td width=\"114\">karima.hammoum@ ummto.dz<\/td>\n<\/tr>\n<tr>\n<td width=\"104\"><strong><span style=\"color: #800000;\">Illoul<\/span><\/strong><\/td>\n<td width=\"80\"><strong><span style=\"color: #800000;\">Cherif<\/span><\/strong><\/td>\n<td width=\"104\"><span style=\"color: #000000;\">Magister<\/span><\/td>\n<td width=\"85\"><span style=\"color: #000000;\">MAA<\/span><\/td>\n<td width=\"80\"><span style=\"color: #000000;\">M\u00e9canique<\/span><\/td>\n<td width=\"95\"><span style=\"color: #000000;\">UMMTO<\/span><\/td>\n<td width=\"114\">illoulcherif3@yahoo.fr<\/td>\n<\/tr>\n<\/tbody>\n<\/table>\n<p><strong><u>Liste exhaustive des doctorants membres de l\u2019\u00e9quipe:<\/u><\/strong><\/p>\n<table width=\"638\">\n<thead>\n<tr>\n<td width=\"26\"><span style=\"color: #000080;\"><strong>N\u00b0<\/strong><\/span><\/td>\n<td width=\"196\"><span style=\"color: #000080;\"><strong>Nom\u00a0\u00a0\u00a0\u00a0\u00a0\u00a0 et\u00a0 \u00a0 \u00a0 \u00a0 \u00a0Pr\u00e9nom<\/strong><\/span><\/td>\n<td width=\"102\"><span style=\"color: #000080;\"><strong>Inscrit depuis (Mois\/Ann\u00e9e)\u00a0 \u00a0<\/strong><\/span><\/td>\n<td colspan=\"2\" width=\"312\"><span style=\"color: #000080;\"><strong>Nom et Pr\u00e9nom du ou des encadreurs<\/strong><\/span><\/td>\n<td width=\"2\"><\/td>\n<\/tr>\n<\/thead>\n<tbody>\n<tr>\n<td width=\"26\"><span style=\"color: #000000;\">01<\/span><\/td>\n<td width=\"196\"><span style=\"color: #800000;\"><strong>MEDEGGA Fatma<\/strong><\/span><\/td>\n<td colspan=\"2\" width=\"104\"><span style=\"color: #000000;\">09\/2015<\/span><\/td>\n<td colspan=\"2\" width=\"312\"><span style=\"color: #000000;\">AOUCHICHE Hocine<\/span><\/td>\n<\/tr>\n<tr>\n<td width=\"26\"><span style=\"color: #000000;\">02<\/span><\/td>\n<td width=\"196\"><span style=\"color: #800000;\"><strong>SALI Nasser<\/strong><\/span><\/td>\n<td colspan=\"2\" width=\"104\"><span style=\"color: #000000;\">09\/2014<\/span><\/td>\n<td colspan=\"2\" width=\"312\"><span style=\"color: #000000;\">AOUCHICHE Hocine<\/span><\/td>\n<\/tr>\n<tr>\n<td width=\"26\"><span style=\"color: #000000;\">03<\/span><\/td>\n<td width=\"196\"><span style=\"color: #800000;\"><strong>Illoul Cherif<\/strong><\/span><\/td>\n<td colspan=\"2\" width=\"104\"><span style=\"color: #000000;\">09\/2012<\/span><\/td>\n<td colspan=\"2\" width=\"312\"><span style=\"color: #000000;\">ZAZI Nasser<\/span><\/td>\n<\/tr>\n<tr>\n<td width=\"26\"><\/td>\n<td width=\"196\"><\/td>\n<td width=\"102\"><\/td>\n<td width=\"2\"><\/td>\n<td width=\"310\"><\/td>\n<td width=\"2\"><\/td>\n<\/tr>\n<\/tbody>\n<\/table>\n<p>&nbsp;<\/p>\n","protected":false},"excerpt":{"rendered":"<p>Chef d\u2019\u00e9quipe:\u00a0Mr\u00a0AOUCHICHE Hocine Domaine :\u00a0Sciences et Techniques Mots cl\u00e9s :\u00a0section efficaces diff\u00e9rentielles et int\u00e9grales, double ionisation, diffusion \u00e9lastique, faisceaux d\u2019\u00e9lectrons Acronyme\u00a0: PM \u00a0 Code de l\u2019\u00e9quipe : C1060903 Description de la th\u00e9matique de recherche&#46;&#46;&#46;<\/p>\n","protected":false},"author":1,"featured_media":0,"parent":0,"menu_order":0,"comment_status":"closed","ping_status":"closed","template":"","meta":[],"_links":{"self":[{"href":"http:\/\/labs.ummto.dz\/lmse\/index.php\/wp-json\/wp\/v2\/pages\/31"}],"collection":[{"href":"http:\/\/labs.ummto.dz\/lmse\/index.php\/wp-json\/wp\/v2\/pages"}],"about":[{"href":"http:\/\/labs.ummto.dz\/lmse\/index.php\/wp-json\/wp\/v2\/types\/page"}],"author":[{"embeddable":true,"href":"http:\/\/labs.ummto.dz\/lmse\/index.php\/wp-json\/wp\/v2\/users\/1"}],"replies":[{"embeddable":true,"href":"http:\/\/labs.ummto.dz\/lmse\/index.php\/wp-json\/wp\/v2\/comments?post=31"}],"version-history":[{"count":11,"href":"http:\/\/labs.ummto.dz\/lmse\/index.php\/wp-json\/wp\/v2\/pages\/31\/revisions"}],"predecessor-version":[{"id":240,"href":"http:\/\/labs.ummto.dz\/lmse\/index.php\/wp-json\/wp\/v2\/pages\/31\/revisions\/240"}],"wp:attachment":[{"href":"http:\/\/labs.ummto.dz\/lmse\/index.php\/wp-json\/wp\/v2\/media?parent=31"}],"curies":[{"name":"wp","href":"https:\/\/api.w.org\/{rel}","templated":true}]}}