
{"id":35,"date":"2017-07-04T11:09:22","date_gmt":"2017-07-04T09:09:22","guid":{"rendered":"http:\/\/labs.ummto.dz\/lmse\/?page_id=35"},"modified":"2021-01-31T14:43:34","modified_gmt":"2021-01-31T13:43:34","slug":"equipe-05","status":"publish","type":"page","link":"http:\/\/labs.ummto.dz\/lmse\/index.php\/equipe-05\/","title":{"rendered":"\u00c9quipe 05: Dynamique des Fluides et Traitement Thermom\u00e9canique des Mat\u00e9riaux"},"content":{"rendered":"<p><span style=\"color: #000080;\"><img loading=\"lazy\" class=\"wp-image-107 size-medium alignright\" src=\"http:\/\/labs.ummto.dz\/lmse\/wp-content\/uploads\/2017\/07\/fluide_340-300x231.jpg\" alt=\"\" width=\"300\" height=\"231\" srcset=\"http:\/\/labs.ummto.dz\/lmse\/wp-content\/uploads\/2017\/07\/fluide_340-300x231.jpg 300w, http:\/\/labs.ummto.dz\/lmse\/wp-content\/uploads\/2017\/07\/fluide_340.jpg 341w\" sizes=\"(max-width: 300px) 100vw, 300px\" \/><\/span><\/p>\n<p><span style=\"color: #000000;\"><span style=\"color: #000080;\"><strong>Chef d\u2019\u00e9quipe:<\/strong><\/span>\u00a0<strong>Pr<\/strong>\u00a0<strong>ZAZI Nacer<\/strong><\/span><\/p>\n<p><span style=\"color: #000000;\"><span style=\"color: #000080;\"><strong>Domaine <\/strong>:<\/span>\u00a0<strong>Sciences et Techniques<\/strong><\/span><\/p>\n<p><span style=\"color: #000080;\"><strong>Mots cl\u00e9s <\/strong>:\u00a0<\/span><\/p>\n<p><span style=\"color: #000000;\"><span style=\"color: #000080;\"><strong>Acronyme\u00a0: <\/strong><\/span><strong>DFTTM <\/strong><strong>\u00a0<\/strong><\/span><\/p>\n<p><span style=\"color: #000000;\"><span style=\"color: #000080;\"><strong>Code de l\u2019\u00e9quipe :<\/strong><\/span> <strong>C1060905<\/strong><\/span><\/p>\n<p><span style=\"color: #000080;\"><strong><u>Description de la th\u00e9matique de recherche de l\u2019\u00e9quipe<\/u><\/strong><strong> :\u00a0<\/strong><\/span><\/p>\n<p><span style=\"color: #000000;\">Effet des traitements thermom\u00e9caniques sur la microstructure et les propri\u00e9t\u00e9s physico-chimique \u00a0des m\u00e9taux et alliages. Stabilit\u00e9 des \u00e9coulements tournants. Optimisation des param\u00e8tres thermom\u00e9caniques des mat\u00e9riaux. L\u2019\u00e9quipe de recherche s&rsquo;est int\u00e9ress\u00e9e \u00e0 :<\/span><\/p>\n<p><strong><span style=\"color: #000080;\">1) L\u2019interaction\u00a0\u00a0 m\u00e9tal-solution <\/span><\/strong><\/p>\n<p><span style=\"color: #000000;\">Lorsque le m\u00e9tal est en contact direct avec un liquide ou un gaz oxydant, en mouvement ou non,\u00a0 une s\u00e9paration de charge \u00e0 l\u2019interface est \u00e9galement observ\u00e9e, qui\u00a0 d\u00e9pend des propri\u00e9t\u00e9s \u00e9lectroniques du solide,\u00a0 de l\u2019adsorption, chimie sorption. La convection forc\u00e9e et le champ magn\u00e9tique induisent\u00a0 des ph\u00e9nom\u00e8nes inter-faciaux complexes.\u00a0 La convection augmente le d\u00e9placement des\u00a0 esp\u00e8ces \u00e9lectro-actives vers la surface du m\u00e9tal,\u00a0 par contre l\u2019effet du champ magn\u00e9tique reste son r\u00e9ponse finale. <\/span><\/p>\n<p><span style=\"color: #000000;\">pour ce point nous nous int\u00e9ressant\u00a0 aux effets du champ magn\u00e9tique permanant de faible et moyenne intensit\u00e9 sur la qualit\u00e9 des film d\u2019oxydes et des couches d\u00e9pos\u00e9es.<\/span><\/p>\n<p><span style=\"color: #000080;\"><strong>2) L&rsquo;\u00e9tude des \u00e9coulements<\/strong><\/span><\/p>\n<p><span style=\"color: #000000;\">La premi\u00e8re partie de cette \u00e9tude consiste \u00e0 injecter des particules solides dans un fluide en \u00e9coulement dans une conduite et observ\u00e9 les ph\u00e9nom\u00e8nes qui en d\u00e9coulent.\u00a0 Les contacts particules-parois et fluide-parois peuvent donner naissance au ph\u00e9nom\u00e8ne de la corrosion qui est la cause principale de la d\u00e9t\u00e9rioration de la surface ou bien des ph\u00e9nom\u00e8nes de d\u00e9position qui peuvent \u00eatre b\u00e9n\u00e9fique. Dans la\u00a0 deuxi\u00e8me partie de ce point nous nous int\u00e9resserons au ph\u00e9nom\u00e8ne de d\u00e9p\u00f4t de particules dans un milieu poreux. Dans cette partie, l&rsquo;effet de l&rsquo;h\u00e9t\u00e9rog\u00e9n\u00e9it\u00e9 du milieu poreux sur les ph\u00e9nom\u00e8nes du transport et du d\u00e9p\u00f4t de particules sera mis en \u00e9vidence. Comme l&rsquo;efficacit\u00e9 \u00e9nerg\u00e9tique est un probl\u00e8me primordial, alors on s&rsquo;int\u00e9resse, dans la derni\u00e8re partie, \u00e0 la minimisation de la consommation \u00e9nerg\u00e9tique dans les diff\u00e9rents syst\u00e8mes.<\/span><\/p>\n<p><span style=\"color: #000080;\"><strong><u>Mots cl\u00e9s<\/u><\/strong><strong>\u00a0:<\/strong><\/span><\/p>\n<p><span style=\"color: #000000;\">Corrosion, champ magn\u00e9tique, alliages d\u2019aluminium, aciers inoxydables, traitements thermom\u00e9caniques, texture des m\u00e9taux, interaction fluide- structure, \u00e9coulements, milieux poreux, fluides, \u00e9nergie.\u00a0 <\/span><\/p>\n<p><strong>\u00a0<\/strong><span style=\"color: #000080;\"><strong><u>Travaux de recherche en cours<\/u><\/strong><strong>\u00a0:<\/strong><\/span><\/p>\n<p><span style=\"color: #000000;\">L\u2019\u00e9tude du comportement de corrosion de la surface de l&rsquo;alliage AlSi10Cu(Fe) de coul\u00e9e et les effets du champ magn\u00e9tique permanent de faible intensit\u00e9 sur le bruit \u00e9lectrochimique et sur la corrosion des alliages de aluminium-silicium. Les effets du proc\u00e9d\u00e9 (ECAP) sous les angles 90\u00b0 et 120\u00b0 sur la\u00a0 micro-duret\u00e9 et la texture et le comportement \u00e0 la\u00a0 corrosion du fil de l&rsquo;alliage AA1370 d&rsquo;aluminium. Les effets de la dimension et de la fraction\u00a0 des\u00a0 particules de d\u2019alumine sur le comportement de corrosion, la microstructure et la textures d\u2019un composite Aluminium-alumine, corrosion des aciers inoxydable utilis\u00e9s comme implants dans un milieu simulant le sang. Encadrement d\u2019une dizaine de th\u00e8ses de doctorat, Co-encadrement de deux th\u00e8ses de doctorat par un autre membre, encadrement de plusieurs \u00a0m\u00e9moires de Master acad\u00e9mique par les membres de l&rsquo;\u00e9quipe. Participation de cinq membres de l\u2019\u00e9quipe \u00e0 l&rsquo;ouverture d&rsquo;une formation doctorale. Participation d&rsquo;un membre \u00e0 un projet PRFU. Participation de deux membres \u00e0 un projet de mobilit\u00e9 nationale (projet de recherche mobilit\u00e9 ATRST 15\/2018). Plusieurs projets de\u00a0 communications nationales et internationales.<\/span><\/p>\n<p><span style=\"color: #000080;\"><strong><u>Liste exhaustive des membres permanents de l\u2019\u00e9quipe:<\/u><\/strong><\/span><\/p>\n<p>&nbsp;<\/p>\n<table width=\"629\">\n<thead>\n<tr>\n<td colspan=\"2\" width=\"90\"><span style=\"color: #000080;\"><strong>Nom<\/strong><\/span><\/td>\n<td colspan=\"2\" width=\"66\"><span style=\"color: #000080;\"><strong>Pr\u00e9nom<\/strong><\/span><\/td>\n<td width=\"66\"><span style=\"color: #000080;\"><strong>Dipl\u00f4me<\/strong><\/span><\/td>\n<td colspan=\"2\" width=\"57\"><span style=\"color: #000080;\"><strong>Grade<\/strong><\/span><\/td>\n<td colspan=\"2\" width=\"113\"><span style=\"color: #000080;\"><strong>Sp\u00e9cialit\u00e9<\/strong><\/span><\/td>\n<td colspan=\"2\" width=\"104\"><span style=\"color: #000080;\"><strong>Structure de rattachement<\/strong><\/span><\/td>\n<td width=\"132\"><span style=\"color: #000080;\"><strong>Adresse \u00e9lectronique<\/strong><\/span><\/td>\n<\/tr>\n<\/thead>\n<tbody>\n<tr>\n<td colspan=\"2\" width=\"90\"><strong><span style=\"color: #800000;\">Zazi<\/span><\/strong><\/td>\n<td colspan=\"2\" width=\"66\"><strong><span style=\"color: #800000;\">Nacer<\/span><\/strong><\/td>\n<td width=\"66\">Doctorat d\u2019\u00e9tat<\/td>\n<td colspan=\"2\" width=\"57\">Pr<\/td>\n<td width=\"95\">G. M\u00e9canique<\/td>\n<td colspan=\"2\" width=\"76\">UMMTO<\/td>\n<td colspan=\"2\" width=\"180\"><a href=\"mailto:nacer.zazi@ummto.dz\">nacer.zazi@ummto.dz<\/a><\/p>\n<p><a href=\"mailto:zazinacer@yahoo.fr\">zazinacer@yahoo.fr<\/a><\/td>\n<\/tr>\n<tr>\n<td colspan=\"2\" width=\"90\"><strong><span style=\"color: #800000;\">Boussafeur<\/span><\/strong><\/td>\n<td colspan=\"2\" width=\"66\"><strong><span style=\"color: #800000;\">Kaci<\/span><\/strong><\/td>\n<td width=\"66\">Docteur Ing.<\/td>\n<td colspan=\"2\" width=\"57\">MCA<\/td>\n<td width=\"95\">G. M\u00e9canique<\/td>\n<td colspan=\"2\" width=\"76\">UMMTO<\/td>\n<td colspan=\"2\" width=\"180\"><a href=\"mailto:kaci.boussafeur@ummto.dz\">kaci.boussafeur@ummto.dz<\/a><\/p>\n<p><a href=\"mailto:boussafeurk@gmail.com\">boussafeurk@gmail.<\/a><\/td>\n<\/tr>\n<tr>\n<td width=\"80\"><strong><span style=\"color: #800000;\">Zouaoui<\/span><\/strong><\/td>\n<td colspan=\"2\" width=\"57\"><strong><span style=\"color: #800000;\">Salah<\/span><\/strong><\/td>\n<td colspan=\"2\" width=\"85\">\u00a0\u00a0\u00a0\u00a0 Doctorat<\/td>\n<td width=\"47\">MCA<\/td>\n<td colspan=\"2\" width=\"104\">\u00a0G. M\u00e9canique<\/td>\n<td colspan=\"2\" width=\"76\">UMMTO<\/td>\n<td colspan=\"2\" width=\"180\"><a href=\"mailto:salah.zouaoui@ummto.dz\">salah.zouaoui@ummto.dz<\/a><\/td>\n<\/tr>\n<tr>\n<td width=\"80\"><strong><span style=\"color: #800000;\">Slimani<\/span><\/strong><\/td>\n<td colspan=\"3\" width=\"76\"><strong><span style=\"color: #800000;\">Rabeh<\/span><\/strong><\/td>\n<td width=\"66\">Doctorat<\/td>\n<td width=\"47\">MCA<\/td>\n<td colspan=\"2\" width=\"104\">G.M\u00e9canique<\/td>\n<td colspan=\"2\" width=\"76\">U.Mascara<\/td>\n<td colspan=\"2\" width=\"180\"><a href=\"mailto:slimanirabeh1@gmail.com\">slimanirabeh1@gmail.com<\/a><\/td>\n<\/tr>\n<tr>\n<td width=\"80\"><strong><span style=\"color: #800000;\">Hakem<\/span><\/strong><\/td>\n<td colspan=\"3\" width=\"76\"><strong><span style=\"color: #800000;\">Ahmed<\/span><\/strong><\/td>\n<td width=\"66\">Doctorat<\/td>\n<td width=\"47\">MCA<\/td>\n<td colspan=\"2\" width=\"104\">G. M\u00e9canique<\/td>\n<td colspan=\"2\" width=\"76\">UMMTO<\/td>\n<td colspan=\"2\" width=\"180\"><a href=\"mailto:a_hakem1951@yahoo.fr\">a_hakem1951@yahoo.fr<\/a> , <a href=\"mailto:ahmed.hakem@ummto.dz\">ahmed.hakem@ummto.dz<\/a><\/td>\n<\/tr>\n<tr>\n<td width=\"80\"><strong><span style=\"color: #800000;\">Djebouri\u00a0\u00a0\u00a0<\/span><\/strong><\/td>\n<td colspan=\"3\" width=\"76\"><strong><span style=\"color: #800000;\">Hassane<\/span><\/strong><\/td>\n<td width=\"66\">Magister<\/td>\n<td width=\"47\">MAA<\/td>\n<td colspan=\"2\" width=\"104\">G. M\u00e9canique<\/td>\n<td colspan=\"2\" width=\"76\">UMMTO<\/td>\n<td colspan=\"2\" width=\"180\"><a href=\"mailto:Hassane.djebouri@ummto.dz\">Hassane.djebouri@ummto.dz<\/a><\/p>\n<p><a href=\"mailto:djebourihassane@gmail.com\">djebourihassane@gmail.com<\/a><\/td>\n<\/tr>\n<tr>\n<td width=\"80\"><span style=\"color: #800000;\"><strong>Samah<\/strong><\/span><\/td>\n<td colspan=\"3\" width=\"76\"><span style=\"color: #800000;\"><strong>Boubekeur<\/strong><\/span><\/td>\n<td width=\"66\">Magister<\/td>\n<td width=\"47\">MAA<\/td>\n<td colspan=\"2\" width=\"104\">G. M\u00e9canique<\/td>\n<td colspan=\"2\" width=\"76\">UMMTO<\/td>\n<td colspan=\"2\" width=\"180\"><a href=\"mailto:samah_boubekeur@yahoo.fr\">samah_boubekeur@yahoo.fr<\/a><\/p>\n<p><a href=\"mailto:boubkeur.samah@ummto.dz\">boubkeur.samah@ummto.dz<\/a><\/td>\n<\/tr>\n<tr>\n<td width=\"80\"><strong><span style=\"color: #800000;\">Hamzaoui<\/span><\/strong><\/td>\n<td colspan=\"3\" width=\"76\"><strong><span style=\"color: #800000;\">Malek<\/span><\/strong><\/td>\n<td width=\"66\">Doctorat<\/td>\n<td width=\"47\">MCB<\/td>\n<td colspan=\"2\" width=\"104\">G. M\u00e9canique<\/td>\n<td colspan=\"2\" width=\"76\">UMMTO<\/td>\n<td colspan=\"2\" width=\"180\"><a href=\"mailto:Malek.hamzaoui@ummto.dz\">Malek.hamzaoui@ummto.dz<\/a><\/p>\n<p><a href=\"mailto:hamzaouims@yahoo.fr\">hamzaouims@yahoo.fr<\/a><\/td>\n<\/tr>\n<tr>\n<td width=\"80\"><\/td>\n<td width=\"7\"><\/td>\n<td width=\"54\"><\/td>\n<td width=\"19\"><\/td>\n<td width=\"64\"><\/td>\n<td width=\"47\"><\/td>\n<td width=\"7\"><\/td>\n<td width=\"90\"><\/td>\n<td width=\"16\"><\/td>\n<td width=\"61\"><\/td>\n<td width=\"49\"><\/td>\n<td width=\"134\"><\/td>\n<\/tr>\n<\/tbody>\n<\/table>\n<p><strong><u>\u00a0<\/u><\/strong><\/p>\n<p><strong><u>Liste exhaustive des doctorants membres de l\u2019\u00e9quipe:<\/u><\/strong><\/p>\n<p>&nbsp;<\/p>\n<table width=\"638\">\n<thead>\n<tr>\n<td><span style=\"color: #000080;\"><strong>N\u00b0<\/strong><\/span><\/td>\n<td width=\"196\"><span style=\"color: #000080;\"><strong>Nom\u00a0\u00a0\u00a0\u00a0\u00a0\u00a0 et\u00a0\u00a0\u00a0\u00a0\u00a0\u00a0\u00a0\u00a0\u00a0 Pr\u00e9nom<\/strong><\/span><\/td>\n<td width=\"113\"><span style=\"color: #000080;\"><strong>Inscrit depuis (Mois\/Ann\u00e9e)<\/strong><\/span><\/td>\n<td width=\"302\"><span style=\"color: #000080;\"><strong>Nom et Pr\u00e9nom du ou des encadreurs<\/strong><\/span><\/td>\n<\/tr>\n<\/thead>\n<tbody>\n<tr>\n<td>01<\/td>\n<td width=\"196\"><strong><span style=\"color: #800000;\">KORAICHI\u00a0 BELKACEM<\/span><\/strong><\/td>\n<td width=\"113\">Octobre 2014<\/td>\n<td width=\"302\">Dir\u00a0: ZAZI Nacer<\/td>\n<\/tr>\n<tr>\n<td>02<\/td>\n<td width=\"196\"><strong><span style=\"color: #800000;\">DJEMAA\u00a0\u00a0\u00a0\u00a0\u00a0 MOHAMED<\/span><\/strong><\/td>\n<td width=\"113\">Octobre 2013<\/td>\n<td width=\"302\">Dir\u00a0: ZAZI Nacer<\/td>\n<\/tr>\n<tr>\n<td>03<\/td>\n<td width=\"196\"><strong><span style=\"color: #800000;\">HADJ ALI\u00a0\u00a0\u00a0 YOUCEF<\/span><\/strong><\/td>\n<td width=\"113\">Janvier 2015<\/td>\n<td width=\"302\">Dir\u00a0: ZAZI Nacer<\/td>\n<\/tr>\n<tr>\n<td>04<\/td>\n<td width=\"196\"><strong><span style=\"color: #800000;\">FAID\u00a0\u00a0 MOHAMED ALAMIN<\/span><\/strong><\/td>\n<td width=\"113\">Janvier 2015<\/td>\n<td width=\"302\">Dir\u00a0:\u00a0 ZAZI Nacer<\/td>\n<\/tr>\n<tr>\n<td>05<\/td>\n<td width=\"196\"><strong><span style=\"color: #800000;\">BENABDESSELAM Djedjiga\u00a0\u00a0\u00a0\u00a0\u00a0<\/span><\/strong><\/td>\n<td width=\"113\">Janvier 2020<\/td>\n<td width=\"302\">Dir\u00a0: ZAZI Nacer\u00a0\u00a0\u00a0\u00a0\u00a0\u00a0\u00a0\u00a0\u00a0\u00a0\u00a0\u00a0\u00a0\u00a0 Co-dir\u00a0: HALLAL Fateh<\/td>\n<\/tr>\n<tr>\n<td>06<\/td>\n<td width=\"196\"><strong><span style=\"color: #800000;\">LOUTIS \u00a0Sid Ali<\/span><\/strong><\/td>\n<td width=\"113\">Janvier 2020<\/td>\n<td width=\"302\">Dir\u00a0: HAKEM Ahmed<\/td>\n<\/tr>\n<tr>\n<td>07<\/td>\n<td width=\"196\"><strong><span style=\"color: #800000;\">BOUFOUDI Fatah<\/span><\/strong><\/td>\n<td width=\"113\">Janvier 2020<\/td>\n<td width=\"302\">Dir: ZOUAOUI Salah\u00a0\u00a0 \u00a0\u00a0\u00a0\u00a0Co-dir\u00a0: IHOUB Sofiane<\/td>\n<\/tr>\n<tr>\n<td>08<\/td>\n<td width=\"196\"><strong><span style=\"color: #800000;\">MEZIANE Abdelghani<\/span><\/strong><\/td>\n<td width=\"113\">Janvier2020<\/td>\n<td width=\"302\">Dir\u00a0: ZOUAOUI Salah \u00a0\u00a0\u00a0\u00a0\u00a0Co-dir\u00a0: BEHAR Omar<\/td>\n<\/tr>\n<tr>\n<td>09<\/td>\n<td width=\"196\"><strong><span style=\"color: #800000;\">KESSALI Mohamed<\/span><\/strong><\/td>\n<td width=\"113\">Janvier 2020<\/td>\n<td width=\"302\">Dir\u00a0: GUERRI Ouahiba \u00a0Co-dir\u00a0: ZOUAOUI Salah<\/td>\n<\/tr>\n<tr>\n<td>10<\/td>\n<td width=\"196\"><strong><span style=\"color: #800000;\">GUEMMADI Khaireddine<\/span><\/strong><\/td>\n<td width=\"113\">Janvier 2020<\/td>\n<td width=\"302\">Dir\u00a0: BOUSSAFEUR Kaci<\/td>\n<\/tr>\n<\/tbody>\n<\/table>\n<p>&nbsp;<\/p>\n","protected":false},"excerpt":{"rendered":"<p>Chef d\u2019\u00e9quipe:\u00a0Pr\u00a0ZAZI Nacer Domaine :\u00a0Sciences et Techniques Mots cl\u00e9s :\u00a0 Acronyme\u00a0: DFTTM \u00a0 Code de l\u2019\u00e9quipe : C1060905 Description de la th\u00e9matique de recherche de l\u2019\u00e9quipe :\u00a0 Effet des traitements thermom\u00e9caniques sur la microstructure&#46;&#46;&#46;<\/p>\n","protected":false},"author":1,"featured_media":0,"parent":0,"menu_order":0,"comment_status":"closed","ping_status":"closed","template":"","meta":[],"_links":{"self":[{"href":"http:\/\/labs.ummto.dz\/lmse\/index.php\/wp-json\/wp\/v2\/pages\/35"}],"collection":[{"href":"http:\/\/labs.ummto.dz\/lmse\/index.php\/wp-json\/wp\/v2\/pages"}],"about":[{"href":"http:\/\/labs.ummto.dz\/lmse\/index.php\/wp-json\/wp\/v2\/types\/page"}],"author":[{"embeddable":true,"href":"http:\/\/labs.ummto.dz\/lmse\/index.php\/wp-json\/wp\/v2\/users\/1"}],"replies":[{"embeddable":true,"href":"http:\/\/labs.ummto.dz\/lmse\/index.php\/wp-json\/wp\/v2\/comments?post=35"}],"version-history":[{"count":11,"href":"http:\/\/labs.ummto.dz\/lmse\/index.php\/wp-json\/wp\/v2\/pages\/35\/revisions"}],"predecessor-version":[{"id":244,"href":"http:\/\/labs.ummto.dz\/lmse\/index.php\/wp-json\/wp\/v2\/pages\/35\/revisions\/244"}],"wp:attachment":[{"href":"http:\/\/labs.ummto.dz\/lmse\/index.php\/wp-json\/wp\/v2\/media?parent=35"}],"curies":[{"name":"wp","href":"https:\/\/api.w.org\/{rel}","templated":true}]}}