
{"id":41,"date":"2017-07-04T11:11:13","date_gmt":"2017-07-04T09:11:13","guid":{"rendered":"http:\/\/labs.ummto.dz\/lmse\/?page_id=41"},"modified":"2017-07-06T12:07:44","modified_gmt":"2017-07-06T10:07:44","slug":"nos-chercheurs","status":"publish","type":"page","link":"http:\/\/labs.ummto.dz\/lmse\/index.php\/nos-chercheurs\/","title":{"rendered":"Nos Chercheurs"},"content":{"rendered":"<p><strong><a href=\"http:\/\/labs.ummto.dz\/set\/?page_id=145\"><img loading=\"lazy\" class=\"wp-image-332 alignleft\" src=\"http:\/\/labs.ummto.dz\/set\/wp-content\/uploads\/2017\/03\/17619790_396047834085459_1014631181_n.jpg\" sizes=\"(max-width: 118px) 100vw, 118px\" srcset=\"http:\/\/labs.ummto.dz\/set\/wp-content\/uploads\/2017\/03\/17619790_396047834085459_1014631181_n.jpg 204w, http:\/\/labs.ummto.dz\/set\/wp-content\/uploads\/2017\/03\/17619790_396047834085459_1014631181_n-150x150.jpg 150w, http:\/\/labs.ummto.dz\/set\/wp-content\/uploads\/2017\/03\/17619790_396047834085459_1014631181_n-160x160.jpg 160w, http:\/\/labs.ummto.dz\/set\/wp-content\/uploads\/2017\/03\/17619790_396047834085459_1014631181_n-320x320.jpg 320w, http:\/\/labs.ummto.dz\/set\/wp-content\/uploads\/2017\/03\/17619790_396047834085459_1014631181_n-45x45.jpg 45w\" alt=\"\" width=\"97\" height=\"97\" \/><\/a><\/strong><\/p>\n<p><span style=\"color: #000080;\"><a style=\"color: #000080;\" href=\"http:\/\/labs.ummto.dz\/lmse\/index.php\/equipe-01\/\"><strong>\u00c9quipe 01:Caract\u00e9risation Statique et Dynamique des Mat\u00e9riaux (CSDM)<\/strong><\/a><\/span><\/p>\n<p><span style=\"color: #000000;\"><strong>Chef d\u2019\u00e9quipe:\u00a0Pr\u00a0DJEBBAR Arezki<\/strong><\/span><\/p>\n<p><span style=\"color: #000000;\"><strong>Mail:\u00a0<\/strong><\/span><\/p>\n<p>\u2014\u2014\u2014\u2014\u2014\u2014\u2014\u2014\u2014\u2014\u2014\u2014\u2014\u2014\u2014\u2014\u2014\u2014\u2014\u2014\u2014\u2014\u2014\u2014\u2014\u2014\u2014\u2014\u2014\u2014\u2014\u2014\u2014\u2014\u2014\u2014\u2014\u2014\u2014\u2014\u2014\u2014\u2014\u2014\u2014\u2014\u2014\u2014\u2014\u2014\u2014\u2014\u2014\u2014\u2014\u2014\u2014\u2014\u2014-<\/p>\n<p><a href=\"http:\/\/labs.ummto.dz\/set\/?page_id=145\"><strong><img loading=\"lazy\" class=\"wp-image-332 alignleft\" src=\"http:\/\/labs.ummto.dz\/set\/wp-content\/uploads\/2017\/03\/17619790_396047834085459_1014631181_n.jpg\" sizes=\"(max-width: 118px) 100vw, 118px\" srcset=\"http:\/\/labs.ummto.dz\/set\/wp-content\/uploads\/2017\/03\/17619790_396047834085459_1014631181_n.jpg 204w, http:\/\/labs.ummto.dz\/set\/wp-content\/uploads\/2017\/03\/17619790_396047834085459_1014631181_n-150x150.jpg 150w, http:\/\/labs.ummto.dz\/set\/wp-content\/uploads\/2017\/03\/17619790_396047834085459_1014631181_n-160x160.jpg 160w, http:\/\/labs.ummto.dz\/set\/wp-content\/uploads\/2017\/03\/17619790_396047834085459_1014631181_n-320x320.jpg 320w, http:\/\/labs.ummto.dz\/set\/wp-content\/uploads\/2017\/03\/17619790_396047834085459_1014631181_n-45x45.jpg 45w\" alt=\"\" width=\"98\" height=\"98\" \/><\/strong><\/a><span style=\"color: #000080;\"><strong><a style=\"color: #000080;\" href=\"http:\/\/labs.ummto.dz\/lmse\/index.php\/equipe-02\/\">\u00c9quipe 02:Dynamique des Fluides et Traitement Thermom\u00e9canique des Mat\u00e9riaux<\/a><\/strong><\/span><\/p>\n<p><span style=\"color: #000000;\"><strong>Chef d\u2019\u00e9quipe: Mr\u00a0MAKHLOUF Sa\u00efd<\/strong><\/span><\/p>\n<p><span style=\"color: #000000;\"><strong>Mail:\u00a0<\/strong><\/span><\/p>\n<p>\u2014\u2014\u2014\u2014\u2014\u2014\u2014\u2014\u2014\u2014\u2014\u2014\u2014\u2014\u2014\u2014\u2014\u2014\u2014\u2014\u2014\u2014\u2014\u2014\u2014\u2014\u2014\u2014\u2014\u2014\u2014\u2014\u2014\u2014\u2014\u2014\u2014\u2014\u2014\u2014\u2014\u2014\u2014\u2014\u2014\u2014\u2014\u2014\u2014\u2014\u2014\u2014\u2014\u2014\u2014\u2014\u2014\u2014\u2014-<\/p>\n<p><strong><a href=\"http:\/\/labs.ummto.dz\/set\/?page_id=143\"><img loading=\"lazy\" class=\"wp-image-332 alignleft\" src=\"http:\/\/labs.ummto.dz\/set\/wp-content\/uploads\/2017\/03\/17619790_396047834085459_1014631181_n.jpg\" sizes=\"(max-width: 118px) 100vw, 118px\" srcset=\"http:\/\/labs.ummto.dz\/set\/wp-content\/uploads\/2017\/03\/17619790_396047834085459_1014631181_n.jpg 204w, http:\/\/labs.ummto.dz\/set\/wp-content\/uploads\/2017\/03\/17619790_396047834085459_1014631181_n-150x150.jpg 150w, http:\/\/labs.ummto.dz\/set\/wp-content\/uploads\/2017\/03\/17619790_396047834085459_1014631181_n-160x160.jpg 160w, http:\/\/labs.ummto.dz\/set\/wp-content\/uploads\/2017\/03\/17619790_396047834085459_1014631181_n-320x320.jpg 320w, http:\/\/labs.ummto.dz\/set\/wp-content\/uploads\/2017\/03\/17619790_396047834085459_1014631181_n-45x45.jpg 45w\" alt=\"\" width=\"97\" height=\"97\" \/><\/a><a href=\"http:\/\/labs.ummto.dz\/lmse\/index.php\/equipe-03\/\"><span style=\"color: #000080;\">\u00c9quipe 03:<\/span><span style=\"color: #000080;\">\u00a0<\/span><span style=\"color: #000080;\">Physique des mat\u00e9riaux<\/span><\/a><\/strong><\/p>\n<p><span style=\"color: #000000;\"><strong>Chef d\u2019\u00e9quipe:\u00a0Mr\u00a0AOUCHICHE Hocine<\/strong><\/span><\/p>\n<p><span style=\"color: #000000;\"><strong>Mail:\u00a0<\/strong><\/span><\/p>\n<p>\u2014\u2014\u2014\u2014\u2014\u2014\u2014\u2014\u2014\u2014\u2014\u2014\u2014\u2014\u2014\u2014\u2014\u2014\u2014\u2014\u2014\u2014\u2014\u2014\u2014\u2014\u2014\u2014\u2014\u2014\u2014\u2014\u2014\u2014\u2014\u2014\u2014\u2014\u2014\u2014\u2014\u2014\u2014\u2014\u2014\u2014\u2014\u2014\u2014\u2014\u2014\u2014\u2014\u2014\u2014\u2014\u2014\u2014\u2014-<\/p>\n<p><strong><a href=\"http:\/\/labs.ummto.dz\/set\/?page_id=141\"><img loading=\"lazy\" class=\"wp-image-332 alignleft\" src=\"http:\/\/labs.ummto.dz\/set\/wp-content\/uploads\/2017\/03\/17619790_396047834085459_1014631181_n.jpg\" sizes=\"(max-width: 121px) 100vw, 121px\" srcset=\"http:\/\/labs.ummto.dz\/set\/wp-content\/uploads\/2017\/03\/17619790_396047834085459_1014631181_n.jpg 204w, http:\/\/labs.ummto.dz\/set\/wp-content\/uploads\/2017\/03\/17619790_396047834085459_1014631181_n-150x150.jpg 150w, http:\/\/labs.ummto.dz\/set\/wp-content\/uploads\/2017\/03\/17619790_396047834085459_1014631181_n-160x160.jpg 160w, http:\/\/labs.ummto.dz\/set\/wp-content\/uploads\/2017\/03\/17619790_396047834085459_1014631181_n-320x320.jpg 320w, http:\/\/labs.ummto.dz\/set\/wp-content\/uploads\/2017\/03\/17619790_396047834085459_1014631181_n-45x45.jpg 45w\" alt=\"\" width=\"103\" height=\"103\" \/><\/a><span style=\"color: #000080;\"><a style=\"color: #000080;\" href=\"http:\/\/labs.ummto.dz\/lmse\/index.php\/equipe-04\/\">\u00c9quipe 04: <\/a><\/span><span style=\"color: #000080;\"><a style=\"color: #000080;\" href=\"http:\/\/labs.ummto.dz\/lmse\/index.php\/equipe-04\/\">Dynamique des Structures<\/a><\/span><\/strong><\/p>\n<p><span style=\"color: #000000;\"><strong>Chef d\u2019\u00e9quipe:\u00a0Mr\u00a0BOUAZZOUNI Amar<\/strong><\/span><\/p>\n<p><strong><span style=\"color: #000000;\">Mail:<\/span><br \/>\n<\/strong><\/p>\n<p>\u2014\u2014\u2014\u2014\u2014\u2014\u2014\u2014\u2014\u2014\u2014\u2014\u2014\u2014\u2014\u2014\u2014\u2014\u2014\u2014\u2014\u2014\u2014\u2014\u2014\u2014\u2014\u2014\u2014\u2014\u2014\u2014\u2014\u2014\u2014\u2014\u2014\u2014\u2014\u2014\u2014\u2014\u2014\u2014\u2014\u2014\u2014\u2014\u2014\u2014\u2014\u2014\u2014\u2014\u2014\u2014\u2014\u2014<\/p>\n<p style=\"text-align: left;\"><a href=\"http:\/\/labs.ummto.dz\/set\/?page_id=141\"><img loading=\"lazy\" class=\"wp-image-332 alignleft\" src=\"http:\/\/labs.ummto.dz\/set\/wp-content\/uploads\/2017\/03\/17619790_396047834085459_1014631181_n.jpg\" sizes=\"(max-width: 121px) 100vw, 121px\" srcset=\"http:\/\/labs.ummto.dz\/set\/wp-content\/uploads\/2017\/03\/17619790_396047834085459_1014631181_n.jpg 204w, http:\/\/labs.ummto.dz\/set\/wp-content\/uploads\/2017\/03\/17619790_396047834085459_1014631181_n-150x150.jpg 150w, http:\/\/labs.ummto.dz\/set\/wp-content\/uploads\/2017\/03\/17619790_396047834085459_1014631181_n-160x160.jpg 160w, http:\/\/labs.ummto.dz\/set\/wp-content\/uploads\/2017\/03\/17619790_396047834085459_1014631181_n-320x320.jpg 320w, http:\/\/labs.ummto.dz\/set\/wp-content\/uploads\/2017\/03\/17619790_396047834085459_1014631181_n-45x45.jpg 45w\" alt=\"\" width=\"103\" height=\"103\" \/><\/a><strong><span style=\"color: #000080;\"><a style=\"color: #000080;\" href=\"http:\/\/labs.ummto.dz\/lmse\/index.php\/equipe-05\/\">\u00c9quipe 05:Dynamique des Fluides et Traitement Thermom\u00e9canique des Mat\u00e9riaux<\/a><\/span><\/strong><\/p>\n<p><span style=\"color: #000000;\"><strong>Chef d\u2019\u00e9quipe:\u00a0Mr\u00a0AIT AIDER Aomar<\/strong><\/span><\/p>\n<p><strong><span style=\"color: #000000;\">Mail:<\/span><br \/>\n<\/strong><\/p>\n<p>\u2014\u2014\u2014\u2014\u2014\u2014\u2014\u2014\u2014\u2014\u2014\u2014\u2014\u2014\u2014\u2014\u2014\u2014\u2014\u2014\u2014\u2014\u2014\u2014\u2014\u2014\u2014\u2014\u2014\u2014\u2014\u2014\u2014\u2014\u2014\u2014\u2014\u2014\u2014\u2014\u2014\u2014\u2014\u2014\u2014\u2014\u2014\u2014\u2014\u2014\u2014\u2014\u2014\u2014\u2014\u2014\u2014\u2014<\/p>\n","protected":false},"excerpt":{"rendered":"<p>\u00c9quipe 01:Caract\u00e9risation Statique et Dynamique des Mat\u00e9riaux (CSDM) Chef d\u2019\u00e9quipe:\u00a0Pr\u00a0DJEBBAR Arezki Mail:\u00a0 \u2014\u2014\u2014\u2014\u2014\u2014\u2014\u2014\u2014\u2014\u2014\u2014\u2014\u2014\u2014\u2014\u2014\u2014\u2014\u2014\u2014\u2014\u2014\u2014\u2014\u2014\u2014\u2014\u2014\u2014\u2014\u2014\u2014\u2014\u2014\u2014\u2014\u2014\u2014\u2014\u2014\u2014\u2014\u2014\u2014\u2014\u2014\u2014\u2014\u2014\u2014\u2014\u2014\u2014\u2014\u2014\u2014\u2014\u2014- \u00c9quipe 02:Dynamique des Fluides et Traitement Thermom\u00e9canique des Mat\u00e9riaux Chef d\u2019\u00e9quipe: Mr\u00a0MAKHLOUF Sa\u00efd Mail:\u00a0 \u2014\u2014\u2014\u2014\u2014\u2014\u2014\u2014\u2014\u2014\u2014\u2014\u2014\u2014\u2014\u2014\u2014\u2014\u2014\u2014\u2014\u2014\u2014\u2014\u2014\u2014\u2014\u2014\u2014\u2014\u2014\u2014\u2014\u2014\u2014\u2014\u2014\u2014\u2014\u2014\u2014\u2014\u2014\u2014\u2014\u2014\u2014\u2014\u2014\u2014\u2014\u2014\u2014\u2014\u2014\u2014\u2014\u2014\u2014- \u00c9quipe 03:\u00a0Physique des mat\u00e9riaux Chef d\u2019\u00e9quipe:\u00a0Mr\u00a0AOUCHICHE&#46;&#46;&#46;<\/p>\n","protected":false},"author":1,"featured_media":0,"parent":0,"menu_order":0,"comment_status":"closed","ping_status":"closed","template":"","meta":[],"_links":{"self":[{"href":"http:\/\/labs.ummto.dz\/lmse\/index.php\/wp-json\/wp\/v2\/pages\/41"}],"collection":[{"href":"http:\/\/labs.ummto.dz\/lmse\/index.php\/wp-json\/wp\/v2\/pages"}],"about":[{"href":"http:\/\/labs.ummto.dz\/lmse\/index.php\/wp-json\/wp\/v2\/types\/page"}],"author":[{"embeddable":true,"href":"http:\/\/labs.ummto.dz\/lmse\/index.php\/wp-json\/wp\/v2\/users\/1"}],"replies":[{"embeddable":true,"href":"http:\/\/labs.ummto.dz\/lmse\/index.php\/wp-json\/wp\/v2\/comments?post=41"}],"version-history":[{"count":6,"href":"http:\/\/labs.ummto.dz\/lmse\/index.php\/wp-json\/wp\/v2\/pages\/41\/revisions"}],"predecessor-version":[{"id":205,"href":"http:\/\/labs.ummto.dz\/lmse\/index.php\/wp-json\/wp\/v2\/pages\/41\/revisions\/205"}],"wp:attachment":[{"href":"http:\/\/labs.ummto.dz\/lmse\/index.php\/wp-json\/wp\/v2\/media?parent=41"}],"curies":[{"name":"wp","href":"https:\/\/api.w.org\/{rel}","templated":true}]}}