
{"id":45,"date":"2017-07-04T11:11:37","date_gmt":"2017-07-04T09:11:37","guid":{"rendered":"http:\/\/labs.ummto.dz\/lmse\/?page_id=45"},"modified":"2021-02-01T14:32:55","modified_gmt":"2021-02-01T13:32:55","slug":"nos-projets","status":"publish","type":"page","link":"http:\/\/labs.ummto.dz\/lmse\/index.php\/nos-projets\/","title":{"rendered":"Nos Projets"},"content":{"rendered":"<p><strong><span style=\"color: #000080;\">\u00c9quipe 01: CARACT\u00c9RISATION STATIQUE ET DYNAMIQUE DES MAT\u00c9RIAUX (CSDM)<\/span><\/strong><\/p>\n<table width=\"624\">\n<tbody>\n<tr>\n<td width=\"210\"><strong><span style=\"color: #000080;\">Domaine de recherche<\/span><\/strong><\/td>\n<td width=\"414\"><strong><span style=\"color: #000080;\"><em>Mat\u00e9riaux, Composites, Comportement, fatigue, endommagements <\/em><\/span><\/strong><\/td>\n<\/tr>\n<tr>\n<td width=\"210\"><strong><span style=\"color: #000080;\">Code du projet<\/span><\/strong><\/td>\n<td width=\"414\"><span style=\"color: #800000;\"><strong>A11N01UN150120150001<\/strong><\/span><\/td>\n<\/tr>\n<tr>\n<td width=\"210\"><strong><span style=\"color: #000080;\">Intitul\u00e9 du projet<\/span><\/strong><\/td>\n<td width=\"414\"><span style=\"color: #000000;\"><strong><em>Caract\u00e9risation m\u00e9canique et mod\u00e9lisation du comportement m\u00e9canique des stratifi\u00e9s prise en compte du cisaillement transverse<\/em><\/strong><\/span><\/td>\n<\/tr>\n<tr>\n<td width=\"210\"><strong><span style=\"color: #000080;\">Date d\u2019agr\u00e9ment du projet<\/span><\/strong><\/td>\n<td width=\"414\"><span style=\"color: #000000;\"><strong>\u00a0\u00a0\u00a0\u00a0\u00a0\u00a0\u00a0\u00a0\u00a0\u00a0\u00a0\u00a0\u00a0\u00a0\u00a0\u00a0\u00a0\u00a0\u00a0\u00a0\u00a0\u00a0\u00a0\u00a0\u00a0 01 janvier 2016<\/strong><\/span><\/td>\n<\/tr>\n<\/tbody>\n<\/table>\n<p>&nbsp;<\/p>\n<table width=\"624\">\n<tbody>\n<tr>\n<td colspan=\"3\" width=\"624\"><span style=\"color: #000000;\"><strong>\u00a0<\/strong><span style=\"color: #000080;\"><strong>Chef du projet<\/strong><\/span><\/span><\/td>\n<\/tr>\n<tr>\n<td width=\"262\"><span style=\"color: #000000;\">Nom\u00a0: DJEBBAR<\/span><\/td>\n<td width=\"208\"><span style=\"color: #000000;\">Pr\u00e9nom\u00a0: Arezki<\/span><\/td>\n<td width=\"154\"><span style=\"color: #000000;\">Grade\u00a0: Professeur<\/span><\/td>\n<\/tr>\n<tr>\n<td colspan=\"3\" width=\"624\"><span style=\"color: #000080;\"><strong>L&rsquo;\u00e9quipe de recherche<\/strong><\/span><\/td>\n<\/tr>\n<tr>\n<td width=\"262\"><strong><span style=\"color: #000080;\">Nom\u00a0<\/span><\/strong><\/td>\n<td width=\"208\"><strong><span style=\"color: #000080;\">Pr\u00e9nom\u00a0<\/span><\/strong><\/td>\n<td width=\"154\"><strong><span style=\"color: #000080;\">Grade\u00a0<\/span><\/strong><\/td>\n<\/tr>\n<tr>\n<td width=\"262\"><span style=\"color: #000000;\">Nom\u00a0: Menouer<\/span><\/td>\n<td width=\"208\"><span style=\"color: #000000;\">Pr\u00e9nom\u00a0: Ahcene<\/span><\/td>\n<td width=\"154\"><span style=\"color: #000000;\">Grade\u00a0: MCB<\/span><\/td>\n<\/tr>\n<tr>\n<td width=\"262\"><span style=\"color: #000000;\">Nom\u00a0: Kacimi<\/span><\/td>\n<td width=\"208\"><span style=\"color: #000000;\">Pr\u00e9nom\u00a0: Bachir<\/span><\/td>\n<td width=\"154\"><span style=\"color: #000000;\">Grade\u00a0: MAA<\/span><\/td>\n<\/tr>\n<tr>\n<td width=\"262\"><span style=\"color: #000000;\">Nom\u00a0: Teklal<\/span><\/td>\n<td width=\"208\"><span style=\"color: #000000;\">Pr\u00e9nom\u00a0: Fatiha<\/span><\/td>\n<td width=\"154\"><span style=\"color: #000000;\">Grade\u00a0: MAA<\/span><\/td>\n<\/tr>\n<tr>\n<td width=\"262\"><span style=\"color: #000000;\">Nom\u00a0: Mansouri<\/span><\/td>\n<td width=\"208\"><span style=\"color: #000000;\">Pr\u00e9nom\u00a0: Lila<\/span><\/td>\n<td width=\"154\"><span style=\"color: #000000;\">Grade\u00a0: MAA<\/span><\/td>\n<\/tr>\n<tr>\n<td width=\"262\"><span style=\"color: #000000;\">Nom\u00a0: Berouel<\/span><\/td>\n<td width=\"208\"><span style=\"color: #000000;\">\u00a0Pr\u00e9nom\u00a0: Ibrahim<\/span><\/td>\n<td width=\"154\"><span style=\"color: #000000;\">Grade\u00a0: Doctorant<\/span><\/td>\n<\/tr>\n<\/tbody>\n<\/table>\n<hr \/>\n<p><span style=\"color: #000080;\"><strong>\u00c9quipe 02: Valorisation Des Ressources\u00a0<\/strong><\/span><span style=\"color: #000080;\"><b>\u00c9nerg\u00e9tiques<\/b><\/span><\/p>\n<table width=\"573\">\n<tbody>\n<tr>\n<td width=\"331\"><span style=\"color: #000080;\"><strong>Intitul\u00e9 du Programme (PNR, AUF, UE)<\/strong><\/span><\/td>\n<td colspan=\"2\" width=\"66\"><span style=\"color: #000080;\"><strong>Ann\u00e9e\u00a0\u00a0\u00a0<\/strong><\/span><\/td>\n<td width=\"176\"><span style=\"color: #000080;\"><strong>Code<\/strong><\/span><\/td>\n<\/tr>\n<tr>\n<td width=\"331\"><span style=\"color: #000000;\">1- Projet de Coop\u00e9ration Bilat\u00e9rale ALGERO-ITALIEN<\/span><\/td>\n<td width=\"60\"><span style=\"color: #000000;\">2016\u00a0 \u00a0 \u00a0<\/span><\/td>\n<td colspan=\"2\" width=\"182\"><span style=\"color: #000000;\">PGR01238<\/span><\/td>\n<\/tr>\n<tr>\n<td width=\"331\"><span style=\"color: #000000;\">2- Etude de nouveaux mat\u00e9riaux composites pour le stockage de l&rsquo;\u00e9nergie thermique \u00e0 basse temp\u00e9rature.<\/span><\/td>\n<td width=\"60\"><span style=\"color: #000000;\">2016<\/span><\/td>\n<td colspan=\"2\" width=\"182\"><span style=\"color: #000000;\">A11N01UN150120150011<\/span><\/td>\n<\/tr>\n<tr>\n<td width=\"331\"><span style=\"color: #000000;\">3- Elaboration des mat\u00e9riaux composites renforc\u00e9s par de fibres d\u2019origine animale.<\/span><\/td>\n<td width=\"60\"><span style=\"color: #000000;\">2012<\/span><\/td>\n<td colspan=\"2\" width=\"182\"><span style=\"color: #000000;\">CNEPRU J0300520120064<\/span><\/td>\n<\/tr>\n<tr>\n<td width=\"331\"><span style=\"color: #000000;\">4- Les d\u00e9chets m\u00e9nagers dans la Wilaya de Tizi-Ouzou: Gestion, impacts \u00e9cologiques, socio\u00e9conomiques et valorisation.<\/span><\/td>\n<td width=\"60\"><span style=\"color: #000000;\">2011<\/span><\/td>\n<td colspan=\"2\" width=\"182\"><span style=\"color: #000000;\">PNR n\u00b0 N\u00b0 124<\/span><\/td>\n<\/tr>\n<tr>\n<td width=\"331\"><span style=\"color: #000000;\">5- Etude des ph\u00e9nom\u00e8nes de succion capillaire et de succion cryog\u00e9nique dans les milieux poreux soumis aux cycles de gel et d\u00e9gel.<\/span><\/td>\n<td width=\"60\"><span style=\"color: #000000;\">2009<\/span><\/td>\n<td colspan=\"2\" width=\"182\"><span style=\"color: #000000;\">CNEPRU n\u00b0 J0300520090027\u00a0 MESRS<\/span><\/td>\n<\/tr>\n<tr>\n<td width=\"331\"><span style=\"color: #000000;\">6- Simulation \u00e0 l\u2019aide d\u2019un code de calcul CFD des ph\u00e9nom\u00e8nes de transfert de chaleur et de masse mis en jeu dans le refroidissement \u00e9vaporatif combin\u00e9 au renouvellement d\u2019air dans une serre.<\/span><\/td>\n<td width=\"60\"><span style=\"color: #000000;\">2006<\/span><\/td>\n<td colspan=\"2\" width=\"182\"><span style=\"color: #000000;\">CNEPRU n\u00b0 J0300520060032\u00a0 MESRS<\/span><\/td>\n<\/tr>\n<tr>\n<td width=\"331\"><span style=\"color: #000000;\">7- Etude des \u00e9coulements de fluide dans un milieu poreux. Application \u00e0 l\u2019\u00e9coulement d\u2019une solution nutritive dans un substrat de culture.<\/span><\/td>\n<td width=\"60\"><span style=\"color: #000000;\">2003<\/span><\/td>\n<td colspan=\"2\" width=\"182\"><span style=\"color: #000000;\">CNEPRU n\u00b0 J1501\/03\/01\/03\u00a0 MESRS<\/span><\/td>\n<\/tr>\n<tr>\n<td width=\"331\"><span style=\"color: #000000;\">8- Production et acclimatation sous serre contr\u00f4l\u00e9e de vitro-plants destin\u00e9s \u00e0 des applications agricoles et industriels.<\/span><\/td>\n<td width=\"60\"><span style=\"color: #000000;\">2000<\/span><\/td>\n<td colspan=\"2\" width=\"182\"><span style=\"color: #000000;\">N\u00b0 00MDU 482 Accord CMEP Coop\u00e9ration Franco-Alg\u00e9rienne<\/span><\/td>\n<\/tr>\n<tr>\n<td width=\"331\"><\/td>\n<td width=\"60\"><\/td>\n<td width=\"6\"><\/td>\n<td width=\"176\"><\/td>\n<\/tr>\n<\/tbody>\n<\/table>\n<p><strong>\u00a0<\/strong><\/p>\n","protected":false},"excerpt":{"rendered":"<p>\u00c9quipe 01: CARACT\u00c9RISATION STATIQUE ET DYNAMIQUE DES MAT\u00c9RIAUX (CSDM) Domaine de recherche Mat\u00e9riaux, Composites, Comportement, fatigue, endommagements Code du projet A11N01UN150120150001 Intitul\u00e9 du projet Caract\u00e9risation m\u00e9canique et mod\u00e9lisation du comportement m\u00e9canique des stratifi\u00e9s prise&#46;&#46;&#46;<\/p>\n","protected":false},"author":1,"featured_media":0,"parent":0,"menu_order":0,"comment_status":"closed","ping_status":"closed","template":"","meta":[],"_links":{"self":[{"href":"http:\/\/labs.ummto.dz\/lmse\/index.php\/wp-json\/wp\/v2\/pages\/45"}],"collection":[{"href":"http:\/\/labs.ummto.dz\/lmse\/index.php\/wp-json\/wp\/v2\/pages"}],"about":[{"href":"http:\/\/labs.ummto.dz\/lmse\/index.php\/wp-json\/wp\/v2\/types\/page"}],"author":[{"embeddable":true,"href":"http:\/\/labs.ummto.dz\/lmse\/index.php\/wp-json\/wp\/v2\/users\/1"}],"replies":[{"embeddable":true,"href":"http:\/\/labs.ummto.dz\/lmse\/index.php\/wp-json\/wp\/v2\/comments?post=45"}],"version-history":[{"count":13,"href":"http:\/\/labs.ummto.dz\/lmse\/index.php\/wp-json\/wp\/v2\/pages\/45\/revisions"}],"predecessor-version":[{"id":311,"href":"http:\/\/labs.ummto.dz\/lmse\/index.php\/wp-json\/wp\/v2\/pages\/45\/revisions\/311"}],"wp:attachment":[{"href":"http:\/\/labs.ummto.dz\/lmse\/index.php\/wp-json\/wp\/v2\/media?parent=45"}],"curies":[{"name":"wp","href":"https:\/\/api.w.org\/{rel}","templated":true}]}}