
{"id":49,"date":"2017-07-04T11:12:07","date_gmt":"2017-07-04T09:12:07","guid":{"rendered":"http:\/\/labs.ummto.dz\/lmse\/?page_id=49"},"modified":"2021-02-01T13:54:48","modified_gmt":"2021-02-01T12:54:48","slug":"publications-nationales","status":"publish","type":"page","link":"http:\/\/labs.ummto.dz\/lmse\/index.php\/publications-nationales\/","title":{"rendered":"Publications Nationales"},"content":{"rendered":"<p><strong><span style=\"color: #000080;\">\u00c9quipe Valorisation Des Ressources\u00a0<\/span><\/strong><span><span style=\"color: #000080;\"><b>\u00c9nerg\u00e9tiques<\/b><\/span><\/span><\/p>\n<p><img loading=\"lazy\" class=\"alignnone size-medium wp-image-146 alignright\" src=\"http:\/\/labs.ummto.dz\/lmse\/wp-content\/uploads\/2017\/07\/publications_main-300x168.jpg\" alt=\"\" width=\"300\" height=\"168\" srcset=\"http:\/\/labs.ummto.dz\/lmse\/wp-content\/uploads\/2017\/07\/publications_main-300x168.jpg 300w, http:\/\/labs.ummto.dz\/lmse\/wp-content\/uploads\/2017\/07\/publications_main.jpg 684w\" sizes=\"(max-width: 300px) 100vw, 300px\" \/><\/p>\n<p><span style=\"color: #000000;\">1- Hayat HAMOUCHE, <strong>Said MAKHLOUF<\/strong>, Mourad LAGHROUCHE. \u00c9tude et caract\u00e9risation des fibres k\u00e9ratinique obtenues par hydrolyse alcaline de la laine du mouton. Journal of Materials, Processes and Environment May edition. Vol.4. No1. (2016) ISSN : 2335-1020.<\/span><\/p>\n<p>&nbsp;<\/p>\n<p><span style=\"color: #000000;\">2- R. Nebbali,<strong> S. Makhlouf<\/strong>, D\u00e9termination de la distribution du champ de temp\u00e9ratures dans le sol, par un mod\u00e8le semi-analytique. Conditions aux limites pour les besoins de simulation d\u2019une serre de culture. Revue des Energies Renouvelables CER\u201907 Oujda (2007) 255 \u2013 258. https:\/\/www.cder.dz\/download\/cer07_58.pdf<\/span><\/p>\n<p>&#8212;&#8212;&#8212;&#8212;&#8212;&#8212;&#8212;&#8212;&#8212;&#8212;&#8212;&#8212;&#8212;&#8212;&#8212;&#8212;&#8212;&#8212;&#8212;&#8212;&#8212;&#8212;&#8212;&#8212;&#8212;&#8212;&#8212;&#8212;&#8212;&#8212;&#8212;&#8212;&#8212;&#8212;&#8212;&#8212;&#8212;&#8212;&#8212;&#8212;&#8212;&#8212;&#8212;&#8212;&#8212;&#8212;&#8212;&#8212;&#8212;&#8212;&#8212;&#8212;&#8212;&#8212;&#8212;&#8212;&#8212;&#8212;&#8212;&#8212;&#8212;&#8212;&#8212;&#8212;-<\/p>\n<p><span>\u00a0<\/span><\/p>\n","protected":false},"excerpt":{"rendered":"<p>\u00c9quipe Valorisation Des Ressources\u00a0\u00c9nerg\u00e9tiques 1- Hayat HAMOUCHE, Said MAKHLOUF, Mourad LAGHROUCHE. \u00c9tude et caract\u00e9risation des fibres k\u00e9ratinique obtenues par hydrolyse alcaline de la laine du mouton. Journal of Materials, Processes and Environment May edition.&#46;&#46;&#46;<\/p>\n","protected":false},"author":1,"featured_media":0,"parent":0,"menu_order":0,"comment_status":"closed","ping_status":"closed","template":"","meta":[],"_links":{"self":[{"href":"http:\/\/labs.ummto.dz\/lmse\/index.php\/wp-json\/wp\/v2\/pages\/49"}],"collection":[{"href":"http:\/\/labs.ummto.dz\/lmse\/index.php\/wp-json\/wp\/v2\/pages"}],"about":[{"href":"http:\/\/labs.ummto.dz\/lmse\/index.php\/wp-json\/wp\/v2\/types\/page"}],"author":[{"embeddable":true,"href":"http:\/\/labs.ummto.dz\/lmse\/index.php\/wp-json\/wp\/v2\/users\/1"}],"replies":[{"embeddable":true,"href":"http:\/\/labs.ummto.dz\/lmse\/index.php\/wp-json\/wp\/v2\/comments?post=49"}],"version-history":[{"count":6,"href":"http:\/\/labs.ummto.dz\/lmse\/index.php\/wp-json\/wp\/v2\/pages\/49\/revisions"}],"predecessor-version":[{"id":296,"href":"http:\/\/labs.ummto.dz\/lmse\/index.php\/wp-json\/wp\/v2\/pages\/49\/revisions\/296"}],"wp:attachment":[{"href":"http:\/\/labs.ummto.dz\/lmse\/index.php\/wp-json\/wp\/v2\/media?parent=49"}],"curies":[{"name":"wp","href":"https:\/\/api.w.org\/{rel}","templated":true}]}}