
{"id":66,"date":"2017-07-04T11:25:29","date_gmt":"2017-07-04T09:25:29","guid":{"rendered":"http:\/\/labs.ummto.dz\/lmse\/?page_id=66"},"modified":"2017-07-06T12:03:46","modified_gmt":"2017-07-06T10:03:46","slug":"presentation","status":"publish","type":"page","link":"http:\/\/labs.ummto.dz\/lmse\/index.php\/presentation\/","title":{"rendered":"Pr\u00e9sentation"},"content":{"rendered":"<ul>\n<li><span style=\"text-decoration: underline;\"><span style=\"color: #000080; text-decoration: underline;\"><strong>Historique du laboratoire:<img loading=\"lazy\" class=\"alignnone wp-image-59 alignright\" src=\"http:\/\/labs.ummto.dz\/lmse\/wp-content\/uploads\/2017\/07\/ruboff475-de314.jpg\" alt=\"\" width=\"232\" height=\"175\" \/><\/strong><\/span><\/span><\/li>\n<\/ul>\n<p>&nbsp;<\/p>\n<p>&nbsp;<\/p>\n<ul>\n<li><span style=\"text-decoration: underline;\"><span style=\"color: #000080; text-decoration: underline;\"><strong>Les \u00c9quipes de recherche<\/strong><\/span><\/span><\/li>\n<\/ul>\n<ol>\n<li><span style=\"color: #000000;\">Caract\u00e9risation Statique et Dynamique des Mat\u00e9riaux (CSDM)<\/span><\/li>\n<li><span style=\"color: #000000;\">Dynamique des Fluides et Traitement Thermom\u00e9canique des Mat\u00e9riaux<\/span><\/li>\n<li><span style=\"color: #000000;\">Physique des mat\u00e9riaux<\/span><\/li>\n<li><span style=\"color: #000000;\">Dynamique des Structures<\/span><\/li>\n<li><span style=\"color: #000000;\">Dynamique des Fluides et Traitement Thermom\u00e9canique des Mat\u00e9riaux<\/span><\/li>\n<\/ol>\n<ul>\n<li><span style=\"text-decoration: underline;\"><span style=\"color: #000080; text-decoration: underline;\"><strong>Les chercheurs du laboratoire:<\/strong><\/span><\/span><\/li>\n<\/ul>\n\n<table id=\"tablepress-1\" class=\"tablepress tablepress-id-1\">\n<thead>\n<tr class=\"row-1 odd\">\n\t<th class=\"column-1\">N\u00b0\t\t<br \/>\n\t\t<br \/>\n\t<\/th><th class=\"column-2\">Grade<\/th><th class=\"column-3\">Nombre<\/th>\n<\/tr>\n<\/thead>\n<tbody class=\"row-hover\">\n<tr class=\"row-2 even\">\n\t<td class=\"column-1\">01\t<\/td><td class=\"column-2\">Professeur<\/td><td class=\"column-3\">02<\/td>\n<\/tr>\n<tr class=\"row-3 odd\">\n\t<td class=\"column-1\">02<\/td><td class=\"column-2\">Ma\u00eetre Assistant Classe A<\/td><td class=\"column-3\">03<\/td>\n<\/tr>\n<tr class=\"row-4 even\">\n\t<td class=\"column-1\">03<\/td><td class=\"column-2\">Ma\u00eetre Assistant Classe B\t<\/td><td class=\"column-3\">03<\/td>\n<\/tr>\n<tr class=\"row-5 odd\">\n\t<td class=\"column-1\">04<\/td><td class=\"column-2\">Ma\u00eetre de conf\u00e9rences classe A\t <\/td><td class=\"column-3\">13<\/td>\n<\/tr>\n<tr class=\"row-6 even\">\n\t<td class=\"column-1\">05\t<\/td><td class=\"column-2\">Ma\u00eetre de conf\u00e9rences classe B<\/td><td class=\"column-3\">03<\/td>\n<\/tr>\n<tr class=\"row-7 odd\">\n\t<td class=\"column-1\">06<\/td><td class=\"column-2\">Personnel de soutien administratif et technique<\/td><td class=\"column-3\">03<\/td>\n<\/tr>\n<tr class=\"row-8 even\">\n\t<td class=\"column-1\">TOTAL<\/td><td class=\"column-2\"><\/td><td class=\"column-3\">32<\/td>\n<\/tr>\n<\/tbody>\n<\/table>\n<!-- #tablepress-1 from cache -->\n<ul>\n<li><span style=\"text-decoration: underline;\"><span style=\"color: #000080; text-decoration: underline;\"><strong>Production Scientifique<\/strong><\/span><\/span><\/li>\n<\/ul>\n\n<table id=\"tablepress-2\" class=\"tablepress tablepress-id-2\">\n<thead>\n<tr class=\"row-1 odd\">\n\t<th class=\"column-1\">N\u00b0<\/th><th class=\"column-2\">Intitul\u00e9\t\t<br \/>\n\t<br \/>\n<\/th><th class=\"column-3\">Nombre<\/th>\n<\/tr>\n<\/thead>\n<tbody class=\"row-hover\">\n<tr class=\"row-2 even\">\n\t<td class=\"column-1\">01<\/td><td class=\"column-2\">Publications Internationales<\/td><td class=\"column-3\"><\/td>\n<\/tr>\n<tr class=\"row-3 odd\">\n\t<td class=\"column-1\">02<\/td><td class=\"column-2\">Publications Nationales<\/td><td class=\"column-3\"><\/td>\n<\/tr>\n<tr class=\"row-4 even\">\n\t<td class=\"column-1\">03<\/td><td class=\"column-2\">Communication Internationale\t<\/td><td class=\"column-3\"><\/td>\n<\/tr>\n<tr class=\"row-5 odd\">\n\t<td class=\"column-1\">04<\/td><td class=\"column-2\">Communication Nationale<\/td><td class=\"column-3\"><\/td>\n<\/tr>\n<tr class=\"row-6 even\">\n\t<td class=\"column-1\">05<\/td><td class=\"column-2\">Brevet\t<\/td><td class=\"column-3\"><\/td>\n<\/tr>\n<tr class=\"row-7 odd\">\n\t<td class=\"column-1\">06<\/td><td class=\"column-2\">Ouvrage<\/td><td class=\"column-3\"><\/td>\n<\/tr>\n<\/tbody>\n<\/table>\n<!-- #tablepress-2 from cache -->\n<p>&nbsp;<\/p>\n","protected":false},"excerpt":{"rendered":"<p>Historique du laboratoire: &nbsp; &nbsp; Les \u00c9quipes de recherche Caract\u00e9risation Statique et Dynamique des Mat\u00e9riaux (CSDM) Dynamique des Fluides et Traitement Thermom\u00e9canique des Mat\u00e9riaux Physique des mat\u00e9riaux Dynamique des Structures Dynamique des Fluides et&#46;&#46;&#46;<\/p>\n","protected":false},"author":1,"featured_media":0,"parent":0,"menu_order":0,"comment_status":"closed","ping_status":"closed","template":"","meta":[],"_links":{"self":[{"href":"http:\/\/labs.ummto.dz\/lmse\/index.php\/wp-json\/wp\/v2\/pages\/66"}],"collection":[{"href":"http:\/\/labs.ummto.dz\/lmse\/index.php\/wp-json\/wp\/v2\/pages"}],"about":[{"href":"http:\/\/labs.ummto.dz\/lmse\/index.php\/wp-json\/wp\/v2\/types\/page"}],"author":[{"embeddable":true,"href":"http:\/\/labs.ummto.dz\/lmse\/index.php\/wp-json\/wp\/v2\/users\/1"}],"replies":[{"embeddable":true,"href":"http:\/\/labs.ummto.dz\/lmse\/index.php\/wp-json\/wp\/v2\/comments?post=66"}],"version-history":[{"count":7,"href":"http:\/\/labs.ummto.dz\/lmse\/index.php\/wp-json\/wp\/v2\/pages\/66\/revisions"}],"predecessor-version":[{"id":198,"href":"http:\/\/labs.ummto.dz\/lmse\/index.php\/wp-json\/wp\/v2\/pages\/66\/revisions\/198"}],"wp:attachment":[{"href":"http:\/\/labs.ummto.dz\/lmse\/index.php\/wp-json\/wp\/v2\/media?parent=66"}],"curies":[{"name":"wp","href":"https:\/\/api.w.org\/{rel}","templated":true}]}}