
{"id":57,"date":"2017-10-04T13:57:30","date_gmt":"2017-10-04T11:57:30","guid":{"rendered":"http:\/\/labs.ummto.dz\/lamod\/?page_id=57"},"modified":"2018-05-09T13:03:13","modified_gmt":"2018-05-09T11:03:13","slug":"seminaires","status":"publish","type":"page","link":"http:\/\/labs.ummto.dz\/lpla\/seminaires\/","title":{"rendered":"S\u00e9minaires"},"content":{"rendered":"<p style=\"font-weight: 400;\"><span style=\"color: #800000;\"><b>&#8211; \u0627\u0644\u0645\u0644\u062a\u0642\u0649 \u0627\u0644\u0648\u0637\u0646\u064a \u0627\u0644\u0623\u0648\u0644 \u0627\u0644\u0645\u0648\u0633\u0648\u0645:\u00a0<\/b><b>\u0627\u0644\u0645\u0645\u0627\u0631\u0633\u0627\u062a \u0627\u0644\u062a\u0639\u0644\u064a\u0645\u064a\u0629 \u0648\u0627\u0644\u062a\u0639\u0644\u0645\u064a\u0629<\/b><b>.\u00a0<\/b><\/span><\/p>\n<p style=\"font-weight: 400;\">\u00a0\u00a0\u00a0\u00a0<span style=\"color: #000000;\">\u0623\u064a\u0627\u0645: 7-8-9 \u062f\u064a\u0633\u0645\u0628\u0631 2010\u00a0\u0628\u0627\u0644\u0645\u0633\u0645\u0651\u0639 \u0627\u0644\u062c\u0627\u0645\u0639\u064a \u0628\u062c\u0627\u0645\u0639\u0629 \u0645\u0648\u0644\u0648\u062f \u0645\u0639\u0645\u0631\u064a\u060c \u062a\u064a\u0632\u064a-\u0648\u0632\u0648.<\/span><\/p>\n<p style=\"font-weight: 400;\"><span style=\"color: #800000;\">\u00a0<b>&#8211; \u0627\u0644\u0645\u0644\u062a\u0642\u0649 \u0627\u0644\u0648\u0637\u0646\u064a \u0627\u0644\u0645\u0648\u0633\u0648\u0645: \u0627\u0644\u062a\u062e\u0637\u064a\u0637 \u0627\u0644\u0644\u063a\u0648\u064a.<\/b><\/span><\/p>\n<p style=\"font-weight: 400;\">\u00a0<span style=\"color: #000000;\">\u00a0 \u0623\u064a\u0627\u0645:\u00a0\u00a003-04-05\u00a0\u062f\u064a\u0633\u0645\u0628\u0631 2012\u00a0\u0628\u0627\u0644\u0645\u0633\u0645\u0651\u0639 \u0627\u0644\u062c\u0627\u0645\u0639\u064a \u0628\u062c\u0627\u0645\u0639\u0629 \u0645\u0648\u0644\u0648\u062f \u0645\u0639\u0645\u0631\u064a\u060c \u062a\u064a\u0632\u064a-\u0648\u0632\u0648.<\/span><\/p>\n<p style=\"font-weight: 400;\">\u00a0<span style=\"color: #800000;\"><b>&#8211; \u0627\u0644\u0645\u0644\u062a\u0642\u0649 \u0627\u0644\u0648\u0637\u0646\u064a \u0627\u0644\u0645\u0648\u0633\u0648\u0645: \u0627\u0644\u0623\u0646\u0627\u0634\u064a\u062f \u0627\u0644\u0648\u0637\u0646\u064a\u0629 \u0648\u062f\u0648\u0631\u0647\u0627 \u0627\u0644\u062a\u0639\u0628\u0648\u064a \u062e\u0644\u0627\u0644 \u0627\u0644\u062b\u0648\u0631\u0629.<\/b><\/span><\/p>\n<p style=\"font-weight: 400;\">\u00a0\u00a0<span style=\"color: #000000;\">\u00a0\u00a0 \u064a\u0648\u0645\u064a: 15- 16 \u0645\u0627\u064a 2013\u00a0\u0628\u0627\u0644\u0645\u0633\u0645\u0651\u0639 \u0627\u0644\u062c\u0627\u0645\u0639\u064a \u0628\u062c\u0627\u0645\u0639\u0629 \u0645\u0648\u0644\u0648\u062f \u0645\u0639\u0645\u0631\u064a\u060c \u062a\u064a\u0632\u064a-\u0648\u0632\u0648.<\/span><\/p>\n<p style=\"font-weight: 400;\"><span style=\"color: #800000;\">\u00a0<b>&#8211;\u00a0<\/b><b>\u0627\u0644\u0645\u0644\u062a\u0642\u0649 \u0627\u0644\u0648\u0637\u0646\u064a \u0627\u0644\u0645\u0648\u0633\u0648\u0645:<\/b><b>\u00a0<\/b><b>\u0627\u0644\u0645\u062d\u062a\u0648\u0649 \u0627\u0644\u0631\u0642\u0645\u064a \u0628\u0627\u0644\u0644\u063a\u0629 \u0627\u0644\u0639\u0631\u0628\u064a\u0629 \u0648\u0627\u0644\u0628\u0631\u0645\u062c\u064a\u0627\u062a<\/b><b>.<\/b><\/span><\/p>\n<p style=\"font-weight: 400;\">\u00a0\u00a0<span style=\"color: #000000;\">\u00a0\u00a0\u0623\u064a\u0627\u0645: 18-19-20 \u0646\u0648\u0641\u0645\u0628\u0631 2013\u00a0\u0628\u0627\u0644\u0645\u0633\u0645\u0651\u0639 \u0627\u0644\u062c\u0627\u0645\u0639\u064a \u0628\u062c\u0627\u0645\u0639\u0629 \u0645\u0648\u0644\u0648\u062f \u0645\u0639\u0645\u0631\u064a\u060c \u062a\u064a\u0632\u064a-\u0648\u0632\u0648.<\/span><\/p>\n<p style=\"font-weight: 400;\"><b>\u00a0\u00a0\u00a0\u00a0\u00a0\u00a0\u00a0\u00a0\u00a0\u00a0\u00a0\u00a0\u00a0\u00a0\u00a0\u00a0\u00a0\u00a0\u00a0\u00a0\u00a0\u00a0\u00a0\u00a0\u00a0\u00a0\u00a0\u00a0\u00a0\u00a0\u00a0\u00a0\u00a0\u00a0\u00a0\u00a0\u00a0\u00a0\u00a0\u00a0\u00a0\u00a0\u00a0\u00a0\u00a0\u00a0\u00a0\u00a0\u00a0\u00a0\u00a0\u00a0\u00a0\u00a0\u00a0\u00a0\u00a0\u00a0\u00a0\u00a0\u00a0\u00a0\u00a0\u00a0\u00a0\u00a0\u00a0\u00a0\u00a0\u00a0\u00a0\u00a0\u00a0\u00a0\u00a0\u00a0\u00a0\u00a0\u00a0\u00a0\u00a0<\/b><\/p>\n<p style=\"font-weight: 400;\"><b>\u00a0<\/b>\u00a0<span style=\"color: #000000;\">&#8211; \u0648\u062d\u062f\u062a\u0627 \u0627\u0644\u0628\u062d\u062b\u00a0PNR\u00a0\u0631\u0642\u0645 20 \u0639\u0644\u0648\u0645 \u0627\u0644\u062a\u0631\u0628\u064a\u0629 \u0648\u0627\u0644\u062a\u0643\u0648\u064a\u0646 \u0648\u0648\u062d\u062f\u0629\u00a0PNR\u0631\u0642\u0645 20 \u0644\u0633\u0627\u0646\u064a\u0627\u062a \u0646\u0638\u0645\u062a:<\/span><\/p>\n<p style=\"font-weight: 400;\"><span style=\"color: #800000;\"><b>\u0645\u0644\u062a\u0642\u0649 \u0648\u0637\u0646\u064a\u0627\u064b \u062d\u0648\u0644:\u00a0<\/b><b>&#8220;\u0627\u0644\u062f\u0631\u0627\u0633\u0627\u062a \u0627\u0644\u0648\u0635\u0641\u064a\u0629 \u0627\u0644\u062a\u062d\u0644\u064a\u0644\u064a\u0629 \u0627\u0644\u062a\u0642\u0648\u064a\u0645\u064a\u0629 \u0644\u0644\u0645\u0633\u062a\u0646\u062f\u0627\u062a \u0627\u0644\u062a\u0631\u0628\u0648\u064a\u0629 \u0641\u064a \u0645\u062e\u062a\u0644\u0641 \u0627\u0644\u0623\u0637\u0648\u0627\u0631 \u0627\u0644\u062a\u0639\u0644\u064a\u0645\u064a\u0629&#8221;\u00a0 (\u0641\u064a \u0636\u0648\u0621 \u0645\u0642\u0627\u0631\u0628\u0629 \u0627\u0644\u0643\u0641\u0627\u0621\u0627\u062a)<\/b><b>.<\/b><\/span><\/p>\n<p style=\"font-weight: 400;\"><span style=\"color: #000000;\">\u00a0\u064a\u0648\u0645\u064a: 04- 05 \u062f\u064a\u0633\u0645\u0628\u06312013\u00a0\u0628\u0627\u0644\u0645\u0633\u0645\u0651\u0639 \u0627\u0644\u062c\u0627\u0645\u0639\u064a \u0628\u062c\u0627\u0645\u0639\u0629 \u0645\u0648\u0644\u0648\u062f \u0645\u0639\u0645\u0631\u064a\u060c \u062a\u064a\u0632\u064a-\u0648\u0632\u0648.<\/span><\/p>\n<p style=\"font-weight: 400;\"><span style=\"color: #800000;\"><b>&#8211;\u00a0<\/b><b>\u0627\u0644\u0645\u0644\u062a\u0642\u0649 \u0627\u0644\u0648\u0637\u0646\u064a<\/b><b>\u00a0<\/b><b>\u062d\u0648\u0644: (\u0627\u0644\u0645\u0635\u0637\u0644\u062d \u0648\u0627\u0644\u0645\u0635\u0637\u0644\u062d\u064a\u0651\u0629).<\/b><\/span><\/p>\n<p style=\"font-weight: 400;\"><span style=\"color: #000000;\"><b>\u00a0\u00a0\u00a0<\/b>\u064a\u0648\u0645\u064a:\u00a0\u00a0\u00a02- 3 \u062f\u064a\u0633\u0645\u0628\u0631 2014 \u0628\u0627\u0644\u0645\u0633\u0645\u0651\u0639 \u0627\u0644\u062c\u0627\u0645\u0639\u064a \u0628\u062c\u0627\u0645\u0639\u0629 \u0645\u0648\u0644\u0648\u062f \u0645\u0639\u0645\u0631\u064a\u060c \u062a\u064a\u0632\u064a-\u0648\u0632\u0648<\/span>.<\/p>\n<p style=\"font-weight: 400;\"><span style=\"color: #800000;\">\u0640\u0640\u00a0\u00a0<b>\u0627\u0644\u0645\u0644\u062a\u0642\u0649<\/b><b>\u00a0\u0627\u0644\u0648\u0637\u0646\u064a\u00a0<\/b><b>\u062d\u0648\u0644: (\u0627\u0644\u0623\u0645\u0646 \u0627\u0644\u0645\u0639\u0644\u0648\u0645\u0627\u062a\u064a: \u0645\u064f\u0647\u062f\u0651\u062f\u0627\u062a\u0647 \u0648\u0633\u064f\u0628\u064f\u0644 \u0627\u0644\u062d\u0645\u0627\u064a\u0629).<\/b><\/span><\/p>\n<p style=\"font-weight: 400;\"><b>\u00a0\u00a0\u00a0<\/b>\u0623\u064a\u0627\u0645 : 3-4-5 \u0646\u0648\u0641\u0645\u0628\u0631 2015<b>\u00a0<\/b>\u0628\u0627\u0644\u0645\u0633\u0645\u0651\u0639 \u0627\u0644\u062c\u0627\u0645\u0639\u064a \u0628\u062c\u0627\u0645\u0639\u0629 \u0645\u0648\u0644\u0648\u062f \u0645\u0639\u0645\u0631\u064a\u060c \u062a\u064a\u0632\u064a-\u0648\u0632\u0648.<\/p>\n<p style=\"font-weight: 400;\"><span style=\"color: #800000;\"><b>&#8211;\u00a0<\/b><b>\u0627\u0644<\/b><b>\u0645\u0644\u062a\u0642\u0649 \u0627\u0644\u062f\u0648\u0644\u064a\u00a0<\/b><b>\u062d\u0648\u0644: (<\/b><b>\u0627\u0644\u062a\u0651\u0639\u0644\u064a\u0645<\/b><b>\u00a0\u0639\u0646 \u0628\u064f\u0639\u062f \u0628\u064a\u0646 \u0627\u0644\u0646\u0651\u0638\u0631\u064a\u0651\u0629 \u0648\u0627\u0644\u062a\u0651\u0637\u0628\u064a\u0642\u00a0<\/b><b>-\u0627\u0644\u062a\u0651\u062c\u0631\u0628\u0629<\/b><b>\u00a0\u0627\u0644\u062c\u0632\u0627\u0626\u0631\u064a\u0651\u0629<\/b><b>\u00a0\u0623\u0646\u0645\u0648\u0630\u062c\u0627-).<\/b><\/span><\/p>\n<p style=\"font-weight: 400;\"><span style=\"color: #000000;\"><b>Enseignement \u00e0 distance entre th\u00e9orie et pratique<\/b><\/span><\/p>\n<p style=\"font-weight: 400;\"><span style=\"color: #000000;\"><b>&#8211;<\/b><b>Exp\u00e9rience Alg\u00e9rienne Exemplaire<\/b>&#8211;<\/span><\/p>\n<p style=\"font-weight: 400;\"><span style=\"color: #000000;\"><b>\u0623\u064a\u0627\u0645: 15-16-17 \u0646\u0648\u0641\u0645\u0628\u0631 2016 \u0645<\/b><\/span><\/p>\n<p style=\"font-weight: 400;\"><span style=\"color: #000000;\"><b>\u00a0<\/b><\/span><\/p>\n<p style=\"font-weight: 400;\"><span style=\"color: #800000;\"><b>&#8211;<\/b><b>\u0627\u0644\u0645\u0624\u062a\u0645\u0631 \u0627\u0644\u062f\u0648\u0644\u064a\u0651 \u062d\u0648\u0644:\u00a0<\/b><b>\u0627\u0644\u062a\u0651\u0639\u062f\u0651\u062f \u0627\u0644\u0644\u0651\u063a\u0648\u064a<\/b><b>\u00a0\u0648\u0627\u0644\u062a\u0651\u0646\u0645\u064a\u0629 \u0627\u0644\u0628\u0634\u0631\u064a\u0651\u0629.<\/b><\/span><\/p>\n<p style=\"font-weight: 400;\"><span style=\"color: #000000;\"><b>Tagetutlayt d unegmu alsan<\/b><\/span><\/p>\n<p style=\"font-weight: 400;\"><span style=\"color: #000000;\"><b>Multilinguisme et D\u00e9veloppement Humain<\/b><\/span><\/p>\n<p style=\"font-weight: 400;\"><span style=\"color: #000000;\"><b>\u0623\u064a\u0627\u0645:\u00a0<\/b><b>07<\/b><b>&#8211;\u00a0<\/b><b>08<\/b><b>&#8211;\u00a0<\/b><b>09<\/b><b>\u00a0\u0646\u0648\u0641\u0645\u0628\u0631 2017 \u0645<\/b><\/span><\/p>\n<p style=\"font-weight: 400;\"><b>\u00a0<\/b><\/p>\n<div style=\"padding-bottom:20px; padding-top:10px;\" class=\"hupso-share-buttons\"><!-- Hupso Share Buttons - https:\/\/www.hupso.com\/share\/ --><a class=\"hupso_pop\" href=\"https:\/\/www.hupso.com\/share\/\"><img decoding=\"async\" src=\"http:\/\/static.hupso.com\/share\/buttons\/button100x23.png\" style=\"border:0px; width:100; height: 23; \" alt=\"Share Button\" \/><\/a><script type=\"text\/javascript\">var hupso_services=new Array(\"Twitter\",\"Facebook\",\"Linkedin\",\"StumbleUpon\",\"Reddit\",\"Print\");var hupso_icon_type = \"labels\";var hupso_background=\"#EAF4FF\";var hupso_border=\"#66CCFF\";var hupso_image_folder_url = \"\";var hupso_url=\"\";var hupso_title=\"S%C3%A9minaires\";<\/script><script type=\"text\/javascript\" src=\"http:\/\/static.hupso.com\/share\/js\/share.js\"><\/script><!-- Hupso Share Buttons --><\/div>","protected":false},"excerpt":{"rendered":"<p>&#8211; \u0627\u0644\u0645\u0644\u062a\u0642\u0649 \u0627\u0644\u0648\u0637\u0646\u064a \u0627\u0644\u0623\u0648\u0644 \u0627\u0644\u0645\u0648\u0633\u0648\u0645:\u00a0\u0627\u0644\u0645\u0645\u0627\u0631\u0633\u0627\u062a \u0627\u0644\u062a\u0639\u0644\u064a\u0645\u064a\u0629 \u0648\u0627\u0644\u062a\u0639\u0644\u0645\u064a\u0629.\u00a0 \u00a0\u00a0\u00a0\u00a0\u0623\u064a\u0627\u0645: 7-8-9 \u062f\u064a\u0633\u0645\u0628\u0631 2010\u00a0\u0628\u0627\u0644\u0645\u0633\u0645\u0651\u0639 \u0627\u0644\u062c\u0627\u0645\u0639\u064a \u0628\u062c\u0627\u0645\u0639\u0629 \u0645\u0648\u0644\u0648\u062f \u0645\u0639\u0645\u0631\u064a\u060c \u062a\u064a\u0632\u064a-\u0648\u0632\u0648. \u00a0&#8211; \u0627\u0644\u0645\u0644\u062a\u0642\u0649 \u0627\u0644\u0648\u0637\u0646\u064a \u0627\u0644\u0645\u0648\u0633\u0648\u0645: \u0627\u0644\u062a\u062e\u0637\u064a\u0637 \u0627\u0644\u0644\u063a\u0648\u064a. \u00a0\u00a0 \u0623\u064a\u0627\u0645:\u00a0\u00a003-04-05\u00a0\u062f\u064a\u0633\u0645\u0628\u0631 2012\u00a0\u0628\u0627\u0644\u0645\u0633\u0645\u0651\u0639 \u0627\u0644\u062c\u0627\u0645\u0639\u064a \u0628\u062c\u0627\u0645\u0639\u0629 \u0645\u0648\u0644\u0648\u062f \u0645\u0639\u0645\u0631\u064a\u060c \u062a\u064a\u0632\u064a-\u0648\u0632\u0648. \u00a0&#8211; \u0627\u0644\u0645\u0644\u062a\u0642\u0649 \u0627\u0644\u0648\u0637\u0646\u064a \u0627\u0644\u0645\u0648\u0633\u0648\u0645:&#46;&#46;&#46;<\/p>\n<div style=\"padding-bottom:20px; padding-top:10px;\" class=\"hupso-share-buttons\"><!-- Hupso Share Buttons - https:\/\/www.hupso.com\/share\/ --><a class=\"hupso_pop\" href=\"https:\/\/www.hupso.com\/share\/\"><img src=\"http:\/\/static.hupso.com\/share\/buttons\/button100x23.png\" style=\"border:0px; width:100; height: 23; \" alt=\"Share Button\" \/><\/a><script type=\"text\/javascript\">var hupso_services=new Array(\"Twitter\",\"Facebook\",\"Linkedin\",\"StumbleUpon\",\"Reddit\",\"Print\");var hupso_icon_type = \"labels\";var hupso_background=\"#EAF4FF\";var hupso_border=\"#66CCFF\";var hupso_image_folder_url = \"\";var hupso_url=\"\";var hupso_title=\"S%C3%A9minaires\";<\/script><script type=\"text\/javascript\" src=\"http:\/\/static.hupso.com\/share\/js\/share.js\"><\/script><!-- Hupso Share Buttons --><\/div>","protected":false},"author":1,"featured_media":0,"parent":0,"menu_order":0,"comment_status":"closed","ping_status":"closed","template":"","meta":{"footnotes":""},"class_list":["post-57","page","type-page","status-publish","hentry"],"yoast_head":"<!-- This site is optimized with the Yoast SEO plugin v23.4 - https:\/\/yoast.com\/wordpress\/plugins\/seo\/ -->\n<title>S\u00e9minaires - Laboratoire des Pratiques Langagi\u00e8res en Alg\u00e9rie<\/title>\n<meta name=\"robots\" content=\"index, follow, max-snippet:-1, max-image-preview:large, max-video-preview:-1\" \/>\n<link rel=\"canonical\" href=\"http:\/\/labs.ummto.dz\/lpla\/seminaires\/\" \/>\n<meta property=\"og:locale\" content=\"ar_AR\" \/>\n<meta property=\"og:type\" content=\"article\" \/>\n<meta property=\"og:title\" content=\"S\u00e9minaires - Laboratoire des Pratiques Langagi\u00e8res en Alg\u00e9rie\" \/>\n<meta property=\"og:description\" content=\"&#8211; \u0627\u0644\u0645\u0644\u062a\u0642\u0649 \u0627\u0644\u0648\u0637\u0646\u064a \u0627\u0644\u0623\u0648\u0644 \u0627\u0644\u0645\u0648\u0633\u0648\u0645:\u00a0\u0627\u0644\u0645\u0645\u0627\u0631\u0633\u0627\u062a \u0627\u0644\u062a\u0639\u0644\u064a\u0645\u064a\u0629 \u0648\u0627\u0644\u062a\u0639\u0644\u0645\u064a\u0629.\u00a0 \u00a0\u00a0\u00a0\u00a0\u0623\u064a\u0627\u0645: 7-8-9 \u062f\u064a\u0633\u0645\u0628\u0631 2010\u00a0\u0628\u0627\u0644\u0645\u0633\u0645\u0651\u0639 \u0627\u0644\u062c\u0627\u0645\u0639\u064a \u0628\u062c\u0627\u0645\u0639\u0629 \u0645\u0648\u0644\u0648\u062f \u0645\u0639\u0645\u0631\u064a\u060c \u062a\u064a\u0632\u064a-\u0648\u0632\u0648. \u00a0&#8211; \u0627\u0644\u0645\u0644\u062a\u0642\u0649 \u0627\u0644\u0648\u0637\u0646\u064a \u0627\u0644\u0645\u0648\u0633\u0648\u0645: \u0627\u0644\u062a\u062e\u0637\u064a\u0637 \u0627\u0644\u0644\u063a\u0648\u064a. \u00a0\u00a0 \u0623\u064a\u0627\u0645:\u00a0\u00a003-04-05\u00a0\u062f\u064a\u0633\u0645\u0628\u0631 2012\u00a0\u0628\u0627\u0644\u0645\u0633\u0645\u0651\u0639 \u0627\u0644\u062c\u0627\u0645\u0639\u064a \u0628\u062c\u0627\u0645\u0639\u0629 \u0645\u0648\u0644\u0648\u062f \u0645\u0639\u0645\u0631\u064a\u060c \u062a\u064a\u0632\u064a-\u0648\u0632\u0648. \u00a0&#8211; \u0627\u0644\u0645\u0644\u062a\u0642\u0649 \u0627\u0644\u0648\u0637\u0646\u064a \u0627\u0644\u0645\u0648\u0633\u0648\u0645:&#046;&#046;&#046;\" \/>\n<meta property=\"og:url\" content=\"http:\/\/labs.ummto.dz\/lpla\/seminaires\/\" \/>\n<meta property=\"og:site_name\" content=\"Laboratoire des Pratiques Langagi\u00e8res en Alg\u00e9rie\" \/>\n<meta property=\"article:modified_time\" content=\"2018-05-09T11:03:13+00:00\" \/>\n<meta name=\"twitter:card\" content=\"summary_large_image\" \/>\n<script type=\"application\/ld+json\" class=\"yoast-schema-graph\">{\"@context\":\"https:\/\/schema.org\",\"@graph\":[{\"@type\":\"WebPage\",\"@id\":\"http:\/\/labs.ummto.dz\/lpla\/seminaires\/\",\"url\":\"http:\/\/labs.ummto.dz\/lpla\/seminaires\/\",\"name\":\"S\u00e9minaires - Laboratoire des Pratiques Langagi\u00e8res en Alg\u00e9rie\",\"isPartOf\":{\"@id\":\"http:\/\/labs.ummto.dz\/lpla\/#website\"},\"datePublished\":\"2017-10-04T11:57:30+00:00\",\"dateModified\":\"2018-05-09T11:03:13+00:00\",\"breadcrumb\":{\"@id\":\"http:\/\/labs.ummto.dz\/lpla\/seminaires\/#breadcrumb\"},\"inLanguage\":\"ar\",\"potentialAction\":[{\"@type\":\"ReadAction\",\"target\":[\"http:\/\/labs.ummto.dz\/lpla\/seminaires\/\"]}]},{\"@type\":\"BreadcrumbList\",\"@id\":\"http:\/\/labs.ummto.dz\/lpla\/seminaires\/#breadcrumb\",\"itemListElement\":[{\"@type\":\"ListItem\",\"position\":1,\"name\":\"Home\",\"item\":\"http:\/\/labs.ummto.dz\/lpla\/\"},{\"@type\":\"ListItem\",\"position\":2,\"name\":\"S\u00e9minaires\"}]},{\"@type\":\"WebSite\",\"@id\":\"http:\/\/labs.ummto.dz\/lpla\/#website\",\"url\":\"http:\/\/labs.ummto.dz\/lpla\/\",\"name\":\"Laboratoire des Pratiques Langagi\u00e8res en Alg\u00e9rie\",\"description\":\"\",\"potentialAction\":[{\"@type\":\"SearchAction\",\"target\":{\"@type\":\"EntryPoint\",\"urlTemplate\":\"http:\/\/labs.ummto.dz\/lpla\/?s={search_term_string}\"},\"query-input\":{\"@type\":\"PropertyValueSpecification\",\"valueRequired\":true,\"valueName\":\"search_term_string\"}}],\"inLanguage\":\"ar\"}]}<\/script>\n<!-- \/ Yoast SEO plugin. -->","yoast_head_json":{"title":"S\u00e9minaires - Laboratoire des Pratiques Langagi\u00e8res en Alg\u00e9rie","robots":{"index":"index","follow":"follow","max-snippet":"max-snippet:-1","max-image-preview":"max-image-preview:large","max-video-preview":"max-video-preview:-1"},"canonical":"http:\/\/labs.ummto.dz\/lpla\/seminaires\/","og_locale":"ar_AR","og_type":"article","og_title":"S\u00e9minaires - Laboratoire des Pratiques Langagi\u00e8res en Alg\u00e9rie","og_description":"&#8211; \u0627\u0644\u0645\u0644\u062a\u0642\u0649 \u0627\u0644\u0648\u0637\u0646\u064a \u0627\u0644\u0623\u0648\u0644 \u0627\u0644\u0645\u0648\u0633\u0648\u0645:\u00a0\u0627\u0644\u0645\u0645\u0627\u0631\u0633\u0627\u062a \u0627\u0644\u062a\u0639\u0644\u064a\u0645\u064a\u0629 \u0648\u0627\u0644\u062a\u0639\u0644\u0645\u064a\u0629.\u00a0 \u00a0\u00a0\u00a0\u00a0\u0623\u064a\u0627\u0645: 7-8-9 \u062f\u064a\u0633\u0645\u0628\u0631 2010\u00a0\u0628\u0627\u0644\u0645\u0633\u0645\u0651\u0639 \u0627\u0644\u062c\u0627\u0645\u0639\u064a \u0628\u062c\u0627\u0645\u0639\u0629 \u0645\u0648\u0644\u0648\u062f \u0645\u0639\u0645\u0631\u064a\u060c \u062a\u064a\u0632\u064a-\u0648\u0632\u0648. \u00a0&#8211; \u0627\u0644\u0645\u0644\u062a\u0642\u0649 \u0627\u0644\u0648\u0637\u0646\u064a \u0627\u0644\u0645\u0648\u0633\u0648\u0645: \u0627\u0644\u062a\u062e\u0637\u064a\u0637 \u0627\u0644\u0644\u063a\u0648\u064a. \u00a0\u00a0 \u0623\u064a\u0627\u0645:\u00a0\u00a003-04-05\u00a0\u062f\u064a\u0633\u0645\u0628\u0631 2012\u00a0\u0628\u0627\u0644\u0645\u0633\u0645\u0651\u0639 \u0627\u0644\u062c\u0627\u0645\u0639\u064a \u0628\u062c\u0627\u0645\u0639\u0629 \u0645\u0648\u0644\u0648\u062f \u0645\u0639\u0645\u0631\u064a\u060c \u062a\u064a\u0632\u064a-\u0648\u0632\u0648. \u00a0&#8211; \u0627\u0644\u0645\u0644\u062a\u0642\u0649 \u0627\u0644\u0648\u0637\u0646\u064a \u0627\u0644\u0645\u0648\u0633\u0648\u0645:&#46;&#46;&#46;","og_url":"http:\/\/labs.ummto.dz\/lpla\/seminaires\/","og_site_name":"Laboratoire des Pratiques Langagi\u00e8res en Alg\u00e9rie","article_modified_time":"2018-05-09T11:03:13+00:00","twitter_card":"summary_large_image","schema":{"@context":"https:\/\/schema.org","@graph":[{"@type":"WebPage","@id":"http:\/\/labs.ummto.dz\/lpla\/seminaires\/","url":"http:\/\/labs.ummto.dz\/lpla\/seminaires\/","name":"S\u00e9minaires - Laboratoire des Pratiques Langagi\u00e8res en Alg\u00e9rie","isPartOf":{"@id":"http:\/\/labs.ummto.dz\/lpla\/#website"},"datePublished":"2017-10-04T11:57:30+00:00","dateModified":"2018-05-09T11:03:13+00:00","breadcrumb":{"@id":"http:\/\/labs.ummto.dz\/lpla\/seminaires\/#breadcrumb"},"inLanguage":"ar","potentialAction":[{"@type":"ReadAction","target":["http:\/\/labs.ummto.dz\/lpla\/seminaires\/"]}]},{"@type":"BreadcrumbList","@id":"http:\/\/labs.ummto.dz\/lpla\/seminaires\/#breadcrumb","itemListElement":[{"@type":"ListItem","position":1,"name":"Home","item":"http:\/\/labs.ummto.dz\/lpla\/"},{"@type":"ListItem","position":2,"name":"S\u00e9minaires"}]},{"@type":"WebSite","@id":"http:\/\/labs.ummto.dz\/lpla\/#website","url":"http:\/\/labs.ummto.dz\/lpla\/","name":"Laboratoire des Pratiques Langagi\u00e8res en Alg\u00e9rie","description":"","potentialAction":[{"@type":"SearchAction","target":{"@type":"EntryPoint","urlTemplate":"http:\/\/labs.ummto.dz\/lpla\/?s={search_term_string}"},"query-input":{"@type":"PropertyValueSpecification","valueRequired":true,"valueName":"search_term_string"}}],"inLanguage":"ar"}]}},"_links":{"self":[{"href":"http:\/\/labs.ummto.dz\/lpla\/wp-json\/wp\/v2\/pages\/57"}],"collection":[{"href":"http:\/\/labs.ummto.dz\/lpla\/wp-json\/wp\/v2\/pages"}],"about":[{"href":"http:\/\/labs.ummto.dz\/lpla\/wp-json\/wp\/v2\/types\/page"}],"author":[{"embeddable":true,"href":"http:\/\/labs.ummto.dz\/lpla\/wp-json\/wp\/v2\/users\/1"}],"replies":[{"embeddable":true,"href":"http:\/\/labs.ummto.dz\/lpla\/wp-json\/wp\/v2\/comments?post=57"}],"version-history":[{"count":4,"href":"http:\/\/labs.ummto.dz\/lpla\/wp-json\/wp\/v2\/pages\/57\/revisions"}],"predecessor-version":[{"id":154,"href":"http:\/\/labs.ummto.dz\/lpla\/wp-json\/wp\/v2\/pages\/57\/revisions\/154"}],"wp:attachment":[{"href":"http:\/\/labs.ummto.dz\/lpla\/wp-json\/wp\/v2\/media?parent=57"}],"curies":[{"name":"wp","href":"https:\/\/api.w.org\/{rel}","templated":true}]}}