
{"id":15,"date":"2017-05-28T11:46:25","date_gmt":"2017-05-28T09:46:25","guid":{"rendered":"http:\/\/localhost\/labab\/?page_id=15"},"modified":"2021-11-25T13:53:32","modified_gmt":"2021-11-25T12:53:32","slug":"15-2","status":"publish","type":"page","link":"http:\/\/labs.ummto.dz\/lqsa\/","title":{"rendered":""},"content":{"rendered":"<ul>\n<li><span style=\"color: #000000;\"><span style=\"color: #003300;\"><strong>\u00c9tablissement de tutelle:<\/strong> <\/span>Universit\u00e9 Mouloud MAMMERI de Tizi-Ouzou \u00ab\u00a0UMMTO\u00a0\u00bb<\/span><\/li>\n<li><span style=\"color: #000000;\"><span style=\"color: #000000;\"><strong><span style=\"color: #003300;\">Directeur:<\/span>\u00a0<\/strong><strong> Pr Amrouche Tahar<\/strong><\/span><\/span><\/li>\n<li><span style=\"color: #000000;\"><strong><span style=\"color: #003300;\">Th\u00e9matiques:<\/span>\u00a0<span style=\"color: #000000;\">Qualit\u00e9 et S\u00e9curit\u00e9 des Aliments<\/span><\/strong><\/span><\/li>\n<li><span style=\"color: #000000;\"><span style=\"color: #003300;\"><strong>Adresse: <\/strong><\/span>Facult\u00e9 des Sciences Biologiques et des Sciences Agronomiques, Nouvelle ville, Tizi Ouzou<\/span><\/li>\n<li><span style=\"color: #003300;\"><strong>Courriel:\u00a0<\/strong><\/span><span style=\"color: #000080;\"><strong><a style=\"color: #000080;\" href=\"mailto:tahar.amrouche@ummto.dz\" target=\"_blank\" rel=\"noopener noreferrer\">tahar.amrouche@ummto.dz<\/a><\/strong><\/span><\/li>\n<li><span style=\"color: #000000;\"><strong><span style=\"color: #003300;\">Site web:<a href=\"http:\/\/labs.ummto.dz\/lqsa\"><span style=\"color: #800000;\">http:\/\/labs.ummto.dz\/lqsa<\/span><\/a><\/span><br \/>\n<\/strong><\/span><\/li>\n<\/ul>\n<div class=\"cadre_1\">\n<div class=\"titre\"><span style=\"color: #000000;\"><strong>EQUIPE 01<\/strong><\/span><\/div>\n<div class=\"img_header\"><img src=\"wp-content\/uploads\/2018\/04\/innovation-alimentaire.jpg\" \/><\/div>\n<div class=\"texte\"><a href=\"http:\/\/labs.ummto.dz\/lqsa\/index.php\/equipe-01\/\"><strong><span style=\"color: #003300;\">Gestion de la Qualit\u00e9 et des Risques Alimentaires<\/span><\/strong><\/a><\/div>\n<\/div>\n<div class=\"cadre_1\">\n<div class=\"titre\"><span style=\"color: #000000;\"><strong>EQUIPE 02<\/strong><\/span><\/div>\n<div class=\"img_header\"><img src=\"wp-content\/uploads\/2018\/04\/Productions_du_Maroc.jpg\" \/><\/div>\n<div class=\"texte\"><a href=\"http:\/\/labs.ummto.dz\/lqsa\/index.php\/equipe-02\/\"><span style=\"color: #003300;\"><strong>\u00c9tudes des productions agricoles locales<\/strong><\/span><\/a><\/div>\n<\/div>\n<div class=\"cadre_1\">\n<div class=\"titre\"><span style=\"color: #000000;\"><strong>EQUIPE 03<\/strong><\/span><\/div>\n<div class=\"img_header\"><img src=\"wp-content\/uploads\/2018\/04\/1236.jpeg\" \/><\/div>\n<div class=\"texte\"><a href=\"http:\/\/labs.ummto.dz\/lqsa\/index.php\/equipe-03\/\"><span style=\"color: #003300;\"><strong>\u00c9levage et produits animaux en zone de montagne<\/strong><\/span><\/a><\/div>\n<\/div>\n<div class=\"cadre_1\">\n<div class=\"titre\"><span style=\"color: #000000;\"><strong>EQUIPE 04<\/strong><\/span><\/div>\n<div class=\"img_header\"><img src=\"wp-content\/uploads\/2018\/04\/slide_1.jpg\" \/><\/div>\n<div class=\"texte\"><strong><a href=\"http:\/\/labs.ummto.dz\/lqsa\/index.php\/equipe-4-nutrition-animale-et-produits-animaux\/\"><span style=\"color: #003300;\"><span style=\"color: #003300;\">Mol\u00e9cules bio-actives et probiotiques<\/span><\/span><\/a><\/strong><\/div>\n<\/div>\n","protected":false},"excerpt":{"rendered":"<p>\u00c9tablissement de tutelle: Universit\u00e9 Mouloud MAMMERI de Tizi-Ouzou \u00ab\u00a0UMMTO\u00a0\u00bb Directeur:\u00a0 Pr Amrouche Tahar Th\u00e9matiques:\u00a0Qualit\u00e9 et S\u00e9curit\u00e9 des Aliments Adresse: Facult\u00e9 des Sciences Biologiques et des Sciences Agronomiques, Nouvelle ville, Tizi Ouzou Courriel:\u00a0tahar.amrouche@ummto.dz Site web:http:\/\/labs.ummto.dz\/lqsa&#46;&#46;&#46;<\/p>\n","protected":false},"author":1,"featured_media":0,"parent":0,"menu_order":0,"comment_status":"closed","ping_status":"closed","template":"","meta":[],"_links":{"self":[{"href":"http:\/\/labs.ummto.dz\/lqsa\/index.php\/wp-json\/wp\/v2\/pages\/15"}],"collection":[{"href":"http:\/\/labs.ummto.dz\/lqsa\/index.php\/wp-json\/wp\/v2\/pages"}],"about":[{"href":"http:\/\/labs.ummto.dz\/lqsa\/index.php\/wp-json\/wp\/v2\/types\/page"}],"author":[{"embeddable":true,"href":"http:\/\/labs.ummto.dz\/lqsa\/index.php\/wp-json\/wp\/v2\/users\/1"}],"replies":[{"embeddable":true,"href":"http:\/\/labs.ummto.dz\/lqsa\/index.php\/wp-json\/wp\/v2\/comments?post=15"}],"version-history":[{"count":61,"href":"http:\/\/labs.ummto.dz\/lqsa\/index.php\/wp-json\/wp\/v2\/pages\/15\/revisions"}],"predecessor-version":[{"id":433,"href":"http:\/\/labs.ummto.dz\/lqsa\/index.php\/wp-json\/wp\/v2\/pages\/15\/revisions\/433"}],"wp:attachment":[{"href":"http:\/\/labs.ummto.dz\/lqsa\/index.php\/wp-json\/wp\/v2\/media?parent=15"}],"curies":[{"name":"wp","href":"https:\/\/api.w.org\/{rel}","templated":true}]}}