
{"id":58,"date":"2017-05-31T15:12:00","date_gmt":"2017-05-31T13:12:00","guid":{"rendered":"http:\/\/labs.ummto.dz\/labab\/?page_id=58"},"modified":"2021-02-25T12:37:16","modified_gmt":"2021-02-25T11:37:16","slug":"nos-objectifs","status":"publish","type":"page","link":"http:\/\/labs.ummto.dz\/lqsa\/index.php\/nos-objectifs\/","title":{"rendered":"Nos Objectifs"},"content":{"rendered":"<ul>\n<li style=\"text-align: justify;\"><span style=\"color: #000000;\">Gestion de la qualit\u00e9 et des risques en industrie agroalimentaire. <img loading=\"lazy\" class=\"size-full wp-image-407 alignright\" src=\"http:\/\/labs.ummto.dz\/lqsa\/wp-content\/uploads\/2021\/02\/images.jpg\" alt=\"\" width=\"225\" height=\"225\" srcset=\"http:\/\/labs.ummto.dz\/lqsa\/wp-content\/uploads\/2021\/02\/images.jpg 225w, http:\/\/labs.ummto.dz\/lqsa\/wp-content\/uploads\/2021\/02\/images-150x150.jpg 150w, http:\/\/labs.ummto.dz\/lqsa\/wp-content\/uploads\/2021\/02\/images-80x80.jpg 80w\" sizes=\"(max-width: 225px) 100vw, 225px\" \/><\/span><\/li>\n<li style=\"text-align: justify;\"><span style=\"color: #000000;\">Isolement et identification par m\u00e9thodes culturales et non culturales (s\u00e9rotypage, g\u00e9notypage, etc.) des souches microbiennes pathog\u00e8nes dans des matrices alimentaires.<\/span><\/li>\n<li style=\"text-align: justify;\"><span style=\"color: #000000;\">Etude de la r\u00e9sistance aux antibiotiques des souches bact\u00e9riennes isol\u00e9es \u00e0 partir de matrices alimentaires.<\/span><\/li>\n<li style=\"text-align: justify;\"><span style=\"color: #000000;\">Isolement, identification et caract\u00e9risation de souches microbiennes locales d\u2019int\u00e9r\u00eat technologique (bact\u00e9ries lactiques ou moisissures).<\/span><\/li>\n<li style=\"text-align: justify;\"><span style=\"color: #000000;\">Isolement, identification et caract\u00e9risation de souches microbiennes locales b\u00e9n\u00e9fiques pour la sant\u00e9 humaine ou animale (probiotiques)<\/span><\/li>\n<li style=\"text-align: justify;\"><span style=\"color: #000000;\">Recherche et caract\u00e9risation (physicochimique et biologique) de mol\u00e9cules bioactives issues de plantes locales r\u00e9put\u00e9es pour leurs vertus.<\/span><\/li>\n<li style=\"text-align: justify;\"><span style=\"color: #000000;\">Valorisation de produits issus de l\u2019agriculture de montagne<\/span><\/li>\n<li><span style=\"color: #000000;\">D\u00e9veloppement de l\u2019\u00e9levage et des produits animaux en zone de montagne<\/span><\/li>\n<li><span style=\"color: #000000;\">Publications, communications, organisation de manifestations scientifiques.<\/span><\/li>\n<li><span style=\"color: #000000;\">Encadrement d\u2019\u00e9tudiants pr\u00e9parant des m\u00e9moires de master et des th\u00e8ses de doctorat<\/span><\/li>\n<\/ul>\n","protected":false},"excerpt":{"rendered":"<p>Gestion de la qualit\u00e9 et des risques en industrie agroalimentaire. Isolement et identification par m\u00e9thodes culturales et non culturales (s\u00e9rotypage, g\u00e9notypage, etc.) des souches microbiennes pathog\u00e8nes dans des matrices alimentaires. Etude de la r\u00e9sistance&#46;&#46;&#46;<\/p>\n","protected":false},"author":1,"featured_media":0,"parent":0,"menu_order":0,"comment_status":"closed","ping_status":"closed","template":"","meta":[],"_links":{"self":[{"href":"http:\/\/labs.ummto.dz\/lqsa\/index.php\/wp-json\/wp\/v2\/pages\/58"}],"collection":[{"href":"http:\/\/labs.ummto.dz\/lqsa\/index.php\/wp-json\/wp\/v2\/pages"}],"about":[{"href":"http:\/\/labs.ummto.dz\/lqsa\/index.php\/wp-json\/wp\/v2\/types\/page"}],"author":[{"embeddable":true,"href":"http:\/\/labs.ummto.dz\/lqsa\/index.php\/wp-json\/wp\/v2\/users\/1"}],"replies":[{"embeddable":true,"href":"http:\/\/labs.ummto.dz\/lqsa\/index.php\/wp-json\/wp\/v2\/comments?post=58"}],"version-history":[{"count":7,"href":"http:\/\/labs.ummto.dz\/lqsa\/index.php\/wp-json\/wp\/v2\/pages\/58\/revisions"}],"predecessor-version":[{"id":410,"href":"http:\/\/labs.ummto.dz\/lqsa\/index.php\/wp-json\/wp\/v2\/pages\/58\/revisions\/410"}],"wp:attachment":[{"href":"http:\/\/labs.ummto.dz\/lqsa\/index.php\/wp-json\/wp\/v2\/media?parent=58"}],"curies":[{"name":"wp","href":"https:\/\/api.w.org\/{rel}","templated":true}]}}