
{"id":60,"date":"2017-05-31T15:12:30","date_gmt":"2017-05-31T13:12:30","guid":{"rendered":"http:\/\/labs.ummto.dz\/labab\/?page_id=60"},"modified":"2021-02-25T12:26:06","modified_gmt":"2021-02-25T11:26:06","slug":"presentation","status":"publish","type":"page","link":"http:\/\/labs.ummto.dz\/lqsa\/index.php\/presentation\/","title":{"rendered":"Pr\u00e9sentation"},"content":{"rendered":"<ul>\n<li><span style=\"color: #003300;\"><strong><span style=\"text-decoration: underline;\">Historique du laboratoire:<\/span><\/strong><\/span><\/li>\n<\/ul>\n<div>\n<p style=\"text-align: justify;\"><span style=\"color: #000000;\"><em>Apr\u00e8s plusieurs ann\u00e9es de collaboration accomplies dans diff\u00e9rents projets de recherche scientifique d\u2019int\u00e9r\u00eat commun, au sein de la facult\u00e9 des sciences biologiques et des sciences agronomiques, les enseignants chercheurs Dr Amrouche Tahar, Dr Djenane Djamel, Dr Amrane Rachid et Dr Amir Youcef avaient d\u00e9cid\u00e9 de mettre leurs comp\u00e9tences et expertises compl\u00e9mentaires au profit de la promotion de la recherche scientifique via cr\u00e9ation d\u2019un laboratoire de recherche r\u00e9pondant aux besoins nationaux en comp\u00e9tences en syst\u00e8me qualit\u00e9, en production animale et en technologie de transformation, de conditionnement et de conservation des aliments. Apr\u00e8s r\u00e9flexion, discussion et concertation, le projet de cr\u00e9ation du laboratoire intitul\u00e9 Qualit\u00e9 et s\u00e9curit\u00e9 des aliments (QSA) a \u00e9t\u00e9 lanc\u00e9 sous la coordination de Dr Amrouche Tahar. En l\u2019an 2014, le laboratoire QSA avait re\u00e7u son agr\u00e9ment (arr\u00eat\u00e9 minist\u00e9riel 547 du 20\/07\/2014.\u00a0Code: C1013500) \u00a0avec quatre \u00e9quipes de recherche. Le laboratoire QSA a \u00e9t\u00e9 dirig\u00e9 par Pr Djenane Djamel pendant deux mandats (2014-2020), la direction du laboratoire \u00e9tant pr\u00e9sentement assur\u00e9e par Pr Amrouche Tahar.<\/em><\/span><\/p>\n<\/div>\n<ul>\n<li><span style=\"color: #003300;\"><strong><span style=\"text-decoration: underline;\">Les \u00c9quipes de recherche<\/span><\/strong><\/span><\/li>\n<\/ul>\n<p><span style=\"color: #003300;\"><strong>01\u00a0<span style=\"color: #000000;\">Gestion de la Qualit\u00e9 et des Risques Alimentaires<\/span><\/strong><\/span><\/p>\n<p><span style=\"color: #003300;\"><strong>02\u00a0<span style=\"color: #000000;\">\u00c9tudes des productions agricoles locales<\/span><\/strong><\/span><\/p>\n<p><span style=\"color: #003300;\"><strong>03\u00a0<span style=\"color: #000000;\">\u00c9levage et produits animaux en zone de montagne<\/span><\/strong><\/span><\/p>\n<p><span style=\"color: #003300;\"><strong>04 <span style=\"color: #000000;\">Mol\u00e9cules <\/span><span style=\"color: #000000;\">bio-actives<\/span><span style=\"color: #000000;\"> et probiotiques<\/span><\/strong><\/span><\/p>\n","protected":false},"excerpt":{"rendered":"<p>Historique du laboratoire: Apr\u00e8s plusieurs ann\u00e9es de collaboration accomplies dans diff\u00e9rents projets de recherche scientifique d\u2019int\u00e9r\u00eat commun, au sein de la facult\u00e9 des sciences biologiques et des sciences agronomiques, les enseignants chercheurs Dr Amrouche&#46;&#46;&#46;<\/p>\n","protected":false},"author":1,"featured_media":0,"parent":0,"menu_order":0,"comment_status":"closed","ping_status":"closed","template":"","meta":[],"_links":{"self":[{"href":"http:\/\/labs.ummto.dz\/lqsa\/index.php\/wp-json\/wp\/v2\/pages\/60"}],"collection":[{"href":"http:\/\/labs.ummto.dz\/lqsa\/index.php\/wp-json\/wp\/v2\/pages"}],"about":[{"href":"http:\/\/labs.ummto.dz\/lqsa\/index.php\/wp-json\/wp\/v2\/types\/page"}],"author":[{"embeddable":true,"href":"http:\/\/labs.ummto.dz\/lqsa\/index.php\/wp-json\/wp\/v2\/users\/1"}],"replies":[{"embeddable":true,"href":"http:\/\/labs.ummto.dz\/lqsa\/index.php\/wp-json\/wp\/v2\/comments?post=60"}],"version-history":[{"count":12,"href":"http:\/\/labs.ummto.dz\/lqsa\/index.php\/wp-json\/wp\/v2\/pages\/60\/revisions"}],"predecessor-version":[{"id":401,"href":"http:\/\/labs.ummto.dz\/lqsa\/index.php\/wp-json\/wp\/v2\/pages\/60\/revisions\/401"}],"wp:attachment":[{"href":"http:\/\/labs.ummto.dz\/lqsa\/index.php\/wp-json\/wp\/v2\/media?parent=60"}],"curies":[{"name":"wp","href":"https:\/\/api.w.org\/{rel}","templated":true}]}}