
{"id":63,"date":"2018-04-11T21:04:24","date_gmt":"2018-04-11T18:04:24","guid":{"rendered":"http:\/\/labs.ummto.dz\/lric\/?page_id=63"},"modified":"2018-11-04T15:51:42","modified_gmt":"2018-11-04T12:51:42","slug":"%d9%84%d8%a7%d8%aa%d8%b5%d8%a7%d9%84%d8%a7%d8%aa-%d8%a7%d9%84%d8%af%d9%88%d9%84%d9%8a%d8%a9","status":"publish","type":"page","link":"http:\/\/labs.ummto.dz\/lric\/%d9%84%d8%a7%d8%aa%d8%b5%d8%a7%d9%84%d8%a7%d8%aa-%d8%a7%d9%84%d8%af%d9%88%d9%84%d9%8a%d8%a9\/","title":{"rendered":"\u0644\u0627\u062a\u0635\u0627\u0644\u0627\u062a \u0627\u0644\u062f\u0648\u0644\u064a\u0629"},"content":{"rendered":"<p><span style=\"color: #ff0000;\"><strong>\u062f. \u0628\u0648\u0632\u064a\u062f \u0645\u0648\u0644\u0648\u062f:<\/strong><\/span><\/p>\n<ol>\n<li><span style=\"color: #000000;\">\u0627\u0644\u0645\u0644\u062a\u0642\u0649 \u0627\u0644\u062f\u0648\u0644\u064a \u062d\u0648\u0644 \u0627\u0644\u062a\u0639\u0644\u064a\u0645 \u0639\u0646 \u0628\u0639\u062f \u0628\u064a\u0646 \u0627\u0644\u0646\u0638\u0631\u064a\u0629 \u0648\u0627\u0644\u062a\u0637\u0628\u064a\u0642\u060c \u0627\u0644\u062a\u062c\u0631\u0628\u0629 \u0627\u0644\u062c\u0632\u0627\u0626\u0631\u064a\u0629 \u0623\u0646\u0645\u0648\u0630\u062c\u0627\u060c \u0645\u062f\u0627\u062e\u0644\u0629 \u0628\u0639\u0646\u0648\u0627\u0646&#8221; \u0627\u0644\u062a\u0639\u0644\u064a\u0645 \u0639\u0646 \u0628\u0639\u062f \u0641\u064a \u0627\u0644\u062c\u0632\u0627\u0626\u0631 \u0627\u0644\u062a\u062c\u0631\u0628\u0629 \u0627\u0644\u062c\u0632\u0627\u0626\u0631\u064a\u0629 ONEFED \u0623\u0646\u0645\u0648\u0630\u062c\u0627\u060c \u0623\u064a\u0627\u0645 15\/16\/17 \u0646\u0648\u0641\u0645\u0628\u0631 2016\u060c \u062c\u0627\u0645\u0639\u0629 \u0645\u0648\u0644\u0648\u062f \u0645\u0639\u0645\u0631\u064a\u060c \u062a\u064a\u0632\u064a \u0648\u0632\u0648.<\/span><\/li>\n<li><span style=\"color: #000000;\">\u0627\u0644\u0645\u0644\u062a\u0642\u0649 \u0627\u0644\u0645\u063a\u0627\u0631\u0628\u064a \u0627\u0644\u062a\u0645\u062b\u0644\u0627\u062a \u0627\u0644\u062b\u0642\u0627\u0641\u064a\u0629 \u0641\u064a \u0627\u0644\u062e\u0637\u0627\u0628 \u0627\u0644\u0623\u062f\u0628\u064a \u0627\u0644\u0645\u063a\u0627\u0631\u0628\u064a\u060c \u0645\u062f\u0627\u062e\u0644\u0629 \u0628\u0639\u0646\u0648\u0627\u0646&#8221; \u0627\u0644\u062e\u0635\u0648\u0635\u064a\u0629 \u0627\u0644\u062b\u0642\u0627\u0641\u064a\u0629 \u0641\u064a \u0631\u0648\u0627\u064a\u0629 \u0625\u0628\u0646 \u0627\u0644\u0641\u0642\u064a\u0631 \u0644\u0645\u0648\u0644\u0648\u062f \u0641\u0631\u0639\u0648\u0646 \u064a\u0648\u0645\u064a 13\/14 \u062f\u064a\u0633\u0645\u0628\u0631 2016\u060c \u062c\u0627\u0645\u0639\u0629 \u0645\u0648\u0644\u0648\u062f \u0645\u0639\u0645\u0631\u064a\u060c \u062a\u064a\u0632\u064a \u0648\u0632\u0648.<\/span><\/li>\n<li><span style=\"color: #000000;\">-\u0627\u0644\u0645\u0644\u062a\u0642\u0649 \u0627\u0644\u062f\u0648\u0644\u064a \u062d\u0648\u0644 &#8221; Lounis Ait Menguellet\u00a0:50 ans de cr\u00e9ation&#8221;\u060c \u0645\u062f\u0627\u062e\u0644\u0629 \u0628\u0639\u0646\u0648\u0627\u0646: &#8220;\u0627\u0644\u0635\u0648\u0631\u0629 \u0627\u0644\u062a\u0631\u0627\u062b\u064a\u0629 \u0641\u064a \u0623\u0639\u0645\u0627\u0644 \u0622\u064a\u062a \u0645\u0646\u0642\u0644\u0627\u062a&#8221; \u0623\u064a\u0627\u0645 6\/7\/ 8\/ \u0645\u0627\u0631\u0633 2017\u060c \u062c\u0627\u0645\u0639\u0629 \u0645\u0648\u0644\u0648\u062f \u0645\u0639\u0645\u0631\u064a\u060c \u062a\u064a\u0632\u064a \u0648\u0632\u0648.<\/span><\/li>\n<li><span style=\"color: #000000;\">-\u0627\u0644\u0645\u0644\u062a\u0642\u0649 \u0627\u0644\u062f\u0648\u0644\u064a \u062d\u0648\u0644 \u0627\u0644\u0633\u064a\u0631\u0629 \u0627\u0644\u0630\u0627\u062a\u064a\u0629 \u0648\u0627\u0644\u062a\u062e\u064a\u064a\u0644 \u0627\u0644\u0630\u0627\u062a\u064a \u0641\u064a \u0627\u0644\u0631\u0648\u0627\u064a\u0629 \u0627\u0644\u062c\u0632\u0627\u0626\u0631\u064a\u0629 \u0648\u0627\u0644\u0639\u0631\u0628\u064a\u0629 \u0645\u062f\u0627\u062e\u0644\u0629 \u0628\u0639\u0646\u0648\u0627\u0646: \u0627\u0644\u062a\u0634\u0643\u064a\u0644 \u0627\u0644\u0633\u064a\u0631\u0630\u0627\u062a\u064a \u0641\u064a \u0631\u0648\u0627\u064a\u0629 &#8220;\u0627\u0644\u0647\u062c\u0627\u0644\u0629&#8221; \u0627\u0644\u062a\u062c\u0646\u064a\u0633\/ \u0639\u0644\u0627\u0645\u0629 \u0627\u0644\u062a\u0628\u0627\u0633\u060c \u064a\u0648\u0645\u064a 10\/ 11\/ \u0645\u0627\u064a 2017. \u062c\u0627\u0645\u0639\u0629 \u0639\u0644\u064a \u0644\u0648\u0646\u064a\u0633\u064a\u060c \u0627\u0644\u0628\u0644\u064a\u062f\u0629.<\/span><\/li>\n<li><span style=\"color: #000000;\">\u0645\u0644\u062a\u0642\u0649 \u062f\u0648\u0644\u064a \u062d\u0648\u0644 \u0642\u0636\u0627\u064a\u0627 \u0627\u0644\u062a\u0631\u0628\u064a\u0629 \u0648\u0627\u0644\u062a\u0639\u0644\u064a\u0645 \u0641\u064a \u0627\u0644\u0639\u0627\u0644\u0645 \u0627\u0644\u0639\u0631\u0628\u064a\u060c \u0645\u062f\u0627\u062e\u0644\u0629 \u0628\u0639\u0646\u0648\u0627\u0646&#8221; \u0627\u0644\u062a\u0639\u0644\u064a\u0645 \u0639\u0646 \u0628\u0639\u062f \u0641\u064a \u0627\u0644\u062c\u0632\u0627\u0626\u0631\u061b \u0627\u0644\u062a\u062c\u0631\u0628\u0629 \u0627\u0644\u062c\u0632\u0627\u0626\u0631\u064a\u0629ONEFD \u060c \u0648\u0627\u0644\u062c\u0627\u0645\u0639\u0629 \u0627\u0644\u0627\u0641\u062a\u0631\u0627\u0636\u064a\u0629 \u0623\u0646\u0645\u0648\u0630\u062c\u0627.\u00a0 \u0623\u064a\u0627\u0645 26\/27\/28 \u0623\u0648\u062a 2018. \u062c\u0627\u0645\u0639\u0629 \u0627\u0644\u0645\u0648\u0646\u0633\u062a\u064a\u0631\u060c \u062a\u0648\u0646\u0633.<\/span><\/li>\n<\/ol>\n<p><span style=\"color: #000000;\"><strong>\u0623. \u0628\u0644\u062d\u0633\u064a\u0646 \u0623\u062d\u0645\u062f:<\/strong><\/span><\/p>\n<ol>\n<li><span style=\"color: #000000;\">\u0627\u0644\u0645\u0644\u062a\u0642\u0649 \u0627\u0644\u0645\u063a\u0627\u0631\u0628\u064a \u0627\u0644\u062a\u0645\u062b\u0644\u0627\u062a \u0627\u0644\u062b\u0642\u0627\u0641\u064a\u0629 \u0641\u064a \u0627\u0644\u062e\u0637\u0627\u0628 \u0627\u0644\u0623\u062f\u0628\u064a \u0627\u0644\u0645\u063a\u0627\u0631\u0628\u064a\u060c \u0645\u062f\u0627\u062e\u0644\u0629 \u0628\u0639\u0646\u0648\u0627\u0646 \u0627\u0644\u062e\u0635\u0627\u0626\u0635 \u0627\u0644\u0641\u0646\u064a\u0629 \u0648\u0627\u0644\u0625\u064a\u062f\u064a\u0648\u0644\u0648\u062c\u064a\u0629 \u0641\u064a \u0627\u0644\u062d\u0643\u0627\u064a\u0629 \u0627\u0644\u0634\u0639\u0628\u064a\u0651\u064e\u0629 \u0627\u0644\u062e\u0631\u0627\u0641\u064a\u0629 \u0627\u0644\u062c\u0632\u0627\u0626\u0631\u064a\u0629&#8221; \u064a\u0648\u0645\u064a 13\/14 \u062f\u064a\u0633\u0645\u0628\u0631 2016\u060c \u062c\u0627\u0645\u0639\u0629 \u0645\u0648\u0644\u0648\u062f \u0645\u0639\u0645\u0631\u064a\u060c \u062a\u064a\u0632\u064a \u0648\u0632\u0648.<\/span><\/li>\n<\/ol>\n<p><span style=\"color: #000000;\"><strong>\u0623. \u0630\u0647\u0628\u064a\u0629 \u0623\u0634\u0627\u0628\u0648\u0628:<\/strong><\/span><\/p>\n<ol>\n<li><span style=\"color: #000000;\">\u0634\u0647\u0627\u062f\u0629 \u0645\u0634\u0627\u0631\u0643\u0629 \u0641\u064a \u0627\u0644\u0645\u0644\u062a\u0642\u064a \u0627\u0644\u062f\u0648\u0644\u064a \u0627\u0644\u0631\u0627\u0628\u0639 \u0639\u0634\u0631 \u0644\u0644\u0631\u0648\u0627\u064a\u0629 &#8220;\u0639\u0628\u062f \u0627\u0644\u062d\u0645\u064a\u062f \u0628\u0646 \u0647\u062f\u0648\u0642\u0629 \u0641\u064a 10\/11\/12\u0623\u0641\u0631\u064a\u06442012. \u0645\u062f\u064a\u0631\u064a\u0629 \u0627\u0644\u062b\u0642\u0627\u0641\u0629 \u0644\u0648\u0644\u0627\u064a\u0629 \u0628\u0631\u062c \u0628\u0648\u0639\u0631\u064a\u0631\u062c<\/span><\/li>\n<li><span style=\"color: #000000;\">\u0634\u0647\u0627\u062f\u0629 \u0645\u0634\u0627\u0631\u0643\u0629 \u0641\u064a \u0627\u0644\u0645\u0644\u062a\u0642\u064a \u0627\u0644\u0645\u063a\u0627\u0631\u0628\u064a \u0627\u0644\u0623\u0648\u0644 \u062d\u0648\u0644 \u0627\u0644\u062a\u0645\u062b\u0644\u0627\u062a \u0627\u0644\u062b\u0642\u0627\u0641\u064a\u0629 \u0641\u064a \u0627\u0644\u062e\u0637\u0627\u0628 \u0627\u0644\u0623\u062f\u0628\u064a \u0627\u0644\u0645\u063a\u0627\u0631\u0628\u064a \u0623\u064a\u0627\u0645 13-14 \u062f\u064a\u0633\u0645\u0628\u0631 2016 \u0628\u0645\u062f\u0627\u062e\u0644\u0629 \u062a\u062d\u062a \u0639\u0646\u0648\u0627\u0646: \u062a\u062c\u0644\u064a\u0627\u062a \u0627\u0644\u0645\u0648\u0631\u0648\u062b \u0627\u0644\u0634\u0639\u0628\u064a \u0648\u062e\u0635\u0648\u0635\u064a\u0627\u062a \u0627\u0644\u062b\u0642\u0627\u0641\u0629 \u0627\u0644\u0645\u062d\u0644\u064a\u0629 \u0641\u064a \u0623\u062f\u0628 \u0628\u0646 \u0647\u062f\u0648\u0642\u0629 \u0639\u0628\u062f \u0627\u0644\u062d\u0645\u064a\u062f- \u0631\u0648\u0627\u064a\u0629 \u0627\u0644\u062c\u0627\u0632\u064a\u0629 \u0648\u0627\u0644\u062f\u0631\u0627\u0648\u064a\u0634 \u0623\u0646\u0645\u0648\u0630\u062c\u0627-.<\/span><\/li>\n<li><span style=\"color: #000000;\">\u0634\u0647\u0627\u062f\u0629 \u0645\u0634\u0627\u0631\u0643\u0629 \u0641\u064a \u0627\u0644\u0645\u0644\u062a\u0642\u0649 \u0627\u0644\u062f\u0648\u0644\u064a \u0627\u0644\u0645\u0648\u0633\u0648\u0645 \u0628 MOULOUD MAMMERI : une oeuvre multiforme et polyphonique \u0628\u0645\u062f\u0627\u062e\u0644\u0629 \u0628\u0639\u0646\u0648\u0627\u0646: \u062f\u0644\u0627\u0644\u0627\u062a \u0627\u0644\u0639\u0646\u0641 \u0648\u0627\u0644\u062d\u0631\u0628 \u0648\u0635\u0648\u0631\u0629 \u0627\u0644\u0623\u062e\u0631 \u0641\u064a \u0631\u0648\u0627\u064a\u0629 \u0645\u0648\u0644\u0648\u062f \u0645\u0639\u0645\u0631\u064a- \u0633\u0628\u0627\u062a \u0627\u0644\u0639\u0627\u062f\u0644 \u0623\u0646\u0645\u0648\u0630\u062c\u0627 \u062f\u064a\u0633\u0645\u0628\u0631 2017.<\/span><\/li>\n<li><span style=\"color: #000000;\">\u0634\u0647\u0627\u062f\u0629 \u0645\u0634\u0627\u0631\u0643\u0629 \u0641\u064a \u0627\u0644\u0645\u0644\u062a\u0642\u0649 \u0627\u0644\u062f\u0648\u0644\u064a \u0628\u0639\u0646\u0648\u0627\u0646: \u0648\u0627\u0642\u0639 \u0627\u0644\u062a\u0639\u0644\u064a\u0645 \u0641\u064a \u0627\u0644\u0648\u0637\u0646 \u0627\u0644\u0639\u0631\u0628\u064a \u0627\u0644\u062a\u062d\u062f\u064a\u0627\u062a \u0648\u0627\u0644\u062d\u0644\u0648\u0644 \u0628\u0645\u062f\u0627\u062e\u0629 \u0644\u0639\u0646\u0648\u0627\u0646: \u0645\u0638\u0627\u0647\u0631 \u0627\u0644\u062b\u0642\u0627\u0641\u0629 \u0648\u0627\u0644\u0642\u064a\u0645 \u0627\u0644\u0627\u062c\u062a\u0645\u0627\u0639\u064a\u0629 \u0641\u064a \u0646\u0635\u0648\u0635 \u0645\u0641\u0647\u0645 \u0627\u0644\u0645\u0643\u062a\u0648\u0628 \u0644\u0644\u0633\u0646\u0629 \u0627\u0644\u0631\u0627\u0628\u0639\u0629 \u0623\u0646\u0645\u0648\u0630\u062c\u0627- 25-30 \u0623\u0648\u062a 2018 \u0627\u0644\u0645\u0647\u062f\u064a\u0629 \u060c \u0628\u062a\u0648\u0646\u0633.<\/span><\/li>\n<\/ol>\n<p style=\"text-align: left;\"><span style=\"color: #000000;\"><strong>IBRI Zohra<\/strong><\/span><\/p>\n<p style=\"text-align: left;\"><span style=\"color: #000000;\">Participation au colloque international\u00a0: Lounis Ait Menguellet\u00a0: 50 ans de cr\u00e9ation regards crois\u00e9s sur un capital d\u2019une \u0153uvre linguistique, litt\u00e9raire et culturelle, organis\u00e9 les 06,07et08 mars 2017 par le laboratoire LEILA \u00e0 UMMTO, avec une communication intitul\u00e9\u00a0\u00ab\u00a0la s\u00e9miotisation et la narrativisation de asefru dans trois chansons de Lounis Ait Menguellet\u00a0\u00bb.<\/span><\/p>\n<p style=\"text-align: left;\"><span style=\"color: #000000;\">Participation au colloque international\u00a0: Le migrant dans les deux rives de la M\u00e9diterran\u00e9e\u00a0: Quels contextes\u00a0? Quelles repr\u00e9sentations\u00a0? Organis\u00e9 les 28 et 29\/11\/2017 par le laboratoire LIRADDI d\u2019Alger II, avec une communication intitul\u00e9e\u00a0:\u00a0\u00ab\u00a0De la figure du migrant \u00e0 sa signification dans la caricature de Dilem\u00a0\u00bb<\/span><\/p>\n<p style=\"text-align: left;\"><span style=\"color: #000000;\">Participation au colloque international\u00a0: Les villes en litt\u00e9rature, organis\u00e9 par le centre de recherche \u00ab\u00a0Th\u00e9orie et pratique du discours\u00a0\u00bb \u00e0 l\u2019universit\u00e9 de Gala\u0163i en Roumanie les 25, 26 et 27 avril 2018, avec une communication intitul\u00e9e\u00a0; \u00ab\u00a0Le parcours interpr\u00e9tatif de la ville dans Puisque mon c\u0153ur est mort de Ma\u00efssa bey\u00bb.<\/span><\/p>\n<p style=\"text-align: left;\"><span style=\"color: #000000;\">Participation au colloque international\u00a0: Le patrimoine culturel immat\u00e9riel alg\u00e9rien. Sauvegarde, revalorisation et transmission. En hommage \u00e0 taos Amrouche, organis\u00e9 les 07 et 08 mai 2018 par le laboratoire LADICIL \u00e0 l\u2019universit\u00e9 d\u2019Oran II, avec une communication intitul\u00e9e \u00ab\u00a0de la figure animale \u00e0 sa signification dans les proverbes kabyles, essai d\u2019analyse s\u00e9miotique\u00a0\u00bb.<\/span><\/p>\n<p style=\"text-align: left;\"><span style=\"color: #000000;\">Participation au colloque international\u00a0: Lounes Matoub, biographie et \u0153uvre, organis\u00e9 par le d\u00e9partement de langue et culture amazigh de l\u2019universit\u00e9 Abderrahmane Mira de Beja\u00efa, les 19, 20 et 21 juin 2018 avec une communication intitul\u00e9e\u00a0: \u00ab\u00a0l\u2019univers passionnel dans trois po\u00e8mes de Matoub Lounes\u00a0; yehzen lwead aissi, dayen idub arruh et la s\u0153ur musulmane\u00a0\u00bb<\/span>.<\/p>\n","protected":false},"excerpt":{"rendered":"<p>\u062f. \u0628\u0648\u0632\u064a\u062f \u0645\u0648\u0644\u0648\u062f: \u0627\u0644\u0645\u0644\u062a\u0642\u0649 \u0627\u0644\u062f\u0648\u0644\u064a \u062d\u0648\u0644 \u0627\u0644\u062a\u0639\u0644\u064a\u0645 \u0639\u0646 \u0628\u0639\u062f \u0628\u064a\u0646 \u0627\u0644\u0646\u0638\u0631\u064a\u0629 \u0648\u0627\u0644\u062a\u0637\u0628\u064a\u0642\u060c \u0627\u0644\u062a\u062c\u0631\u0628\u0629 \u0627\u0644\u062c\u0632\u0627\u0626\u0631\u064a\u0629 \u0623\u0646\u0645\u0648\u0630\u062c\u0627\u060c \u0645\u062f\u0627\u062e\u0644\u0629 \u0628\u0639\u0646\u0648\u0627\u0646&#8221; \u0627\u0644\u062a\u0639\u0644\u064a\u0645 \u0639\u0646 \u0628\u0639\u062f \u0641\u064a \u0627\u0644\u062c\u0632\u0627\u0626\u0631 \u0627\u0644\u062a\u062c\u0631\u0628\u0629 \u0627\u0644\u062c\u0632\u0627\u0626\u0631\u064a\u0629 ONEFED \u0623\u0646\u0645\u0648\u0630\u062c\u0627\u060c \u0623\u064a\u0627\u0645 15\/16\/17 \u0646\u0648\u0641\u0645\u0628\u0631 2016\u060c \u062c\u0627\u0645\u0639\u0629 \u0645\u0648\u0644\u0648\u062f \u0645\u0639\u0645\u0631\u064a\u060c \u062a\u064a\u0632\u064a&#46;&#46;&#46;<\/p>\n","protected":false},"author":1,"featured_media":0,"parent":0,"menu_order":0,"comment_status":"closed","ping_status":"closed","template":"","meta":{"footnotes":""},"class_list":["post-63","page","type-page","status-publish","hentry"],"_links":{"self":[{"href":"http:\/\/labs.ummto.dz\/lric\/wp-json\/wp\/v2\/pages\/63"}],"collection":[{"href":"http:\/\/labs.ummto.dz\/lric\/wp-json\/wp\/v2\/pages"}],"about":[{"href":"http:\/\/labs.ummto.dz\/lric\/wp-json\/wp\/v2\/types\/page"}],"author":[{"embeddable":true,"href":"http:\/\/labs.ummto.dz\/lric\/wp-json\/wp\/v2\/users\/1"}],"replies":[{"embeddable":true,"href":"http:\/\/labs.ummto.dz\/lric\/wp-json\/wp\/v2\/comments?post=63"}],"version-history":[{"count":9,"href":"http:\/\/labs.ummto.dz\/lric\/wp-json\/wp\/v2\/pages\/63\/revisions"}],"predecessor-version":[{"id":277,"href":"http:\/\/labs.ummto.dz\/lric\/wp-json\/wp\/v2\/pages\/63\/revisions\/277"}],"wp:attachment":[{"href":"http:\/\/labs.ummto.dz\/lric\/wp-json\/wp\/v2\/media?parent=63"}],"curies":[{"name":"wp","href":"https:\/\/api.w.org\/{rel}","templated":true}]}}