
{"id":2,"date":"2018-02-12T13:55:50","date_gmt":"2018-02-12T12:55:50","guid":{"rendered":"http:\/\/labs.ummto.dz\/lrn\/?page_id=2"},"modified":"2018-04-18T16:40:03","modified_gmt":"2018-04-18T14:40:03","slug":"page-d-exemple","status":"publish","type":"page","link":"http:\/\/labs.ummto.dz\/lrn\/","title":{"rendered":""},"content":{"rendered":"<ul>\n<li><span style=\"color: #000000;\"> <strong>\u00c9tablissement de tutelle:<\/strong> Universit\u00e9 Mouloud MAMMERI de Tizi-Ouzou \u00ab\u00a0UMMTO\u00a0\u00bb<\/span><\/li>\n<li><span style=\"color: #000000;\"> <strong> Directeur: <\/strong>Pr Saddoudi Noria ep Smail<br \/>\n<\/span><\/li>\n<li><span style=\"color: #000000;\"> <strong>Th\u00e9matiques: <\/strong><span style=\"color: #000000;\"><strong><span style=\"color: #008000;\">R<\/span><\/strong>essource <strong><span style=\"color: #008000;\">N<\/span><\/strong>aturelles<\/span><\/span><\/li>\n<li><span style=\"color: #000000;\"> <strong> Adresse:<\/strong> Facult\u00e9 ,Universit\u00e9 Mouloud MAMMERi B.P.17 RP, 15000 Tizi-Ouzou (ALGERIE).<\/span><\/li>\n<li><span style=\"color: #000000;\"> <strong>Courriel: <\/strong>@ummto.dz<\/span><\/li>\n<li><span style=\"color: #000000;\"> <strong>Site web:<span style=\"color: #008000;\"> <a style=\"color: #008000;\" href=\"http:\/\/labs.ummto.dz\/lrn\/\">http:\/\/labs.ummto.dz\/lrn<\/a><\/span><\/strong> <\/span><\/li>\n<\/ul>\n<p>&nbsp;<\/p>\n<div class=\"cadre_1\">\n<div class=\"titre\">EQUIPE 01<\/div>\n<div class=\"img_header\"><img src=\"wp-content\/uploads\/2017\/05\/i.jpeg\" \/><\/div>\n<div class=\"texte\"><strong><span style=\"color: #008000;\"><a style=\"color: #008000;\" href=\"http:\/\/labs.ummto.dz\/lpapvds\/index.php\/equipe-01\/\">&#8211;<\/a>&#8212;&#8212;-<\/span><\/strong><\/div>\n<\/div>\n<div class=\"cadre_1\">\n<div class=\"titre\">EQUIPE 02<\/div>\n<div class=\"img_header\"><img src=\"wp-content\/uploads\/2017\/05\/holznutzung_figure3.gif\" \/><\/div>\n<div class=\"texte\"><strong><span style=\"color: #008000;\"><a style=\"color: #008000;\" href=\"http:\/\/labs.ummto.dz\/lpapvds\/index.php\/equipe-02\/\">&#8211;<\/a>&#8212;&#8212;&#8212;&#8212;-<\/span><\/strong><\/div>\n<\/div>\n<div class=\"cadre_1\">\n<div class=\"titre\">EQUIPE 03<\/div>\n<div class=\"img_header\"><img src=\"wp-content\/uploads\/2017\/05\/5e7e6954c9_84904_02-1900.jpg\" \/><\/div>\n<div class=\"texte\"><strong><span style=\"color: #008000;\"><a style=\"color: #008000;\" href=\"http:\/\/labs.ummto.dz\/lpapvds\/index.php\/equipe-03-contribution-a-letude-de-la-bioecologie-des-insectes-utiles-et-des-insectes-nuisibles-aux-vegetaux-et-essaie-de-lutte-biologique-par-des-extraits-licheniques-et-des-huiles-essentie\/\">&#8211;<\/a>&#8212;&#8212;&#8212;&#8212;<\/span><\/strong><\/div>\n<\/div>\n<div class=\"cadre_1\">\n<div class=\"titre\">EQUIPE 04<\/div>\n<div class=\"img_header\"><img src=\"wp-content\/uploads\/2017\/05\/inx.jpeg\" \/><\/div>\n<div class=\"texte\"><span style=\"color: #008000;\"><strong><a style=\"color: #008000;\" href=\"http:\/\/labs.ummto.dz\/lpapvds\/index.php\/equipe-04-fonctionnement-des-ecosystemes-forestiers-aspect-dynamique-et-adaptation\/\">&#8211;<\/a>&#8212;&#8212;&#8212;&#8211;<\/strong><\/span><\/div>\n<\/div>\n<div class=\"wrapper01\">\n<p><!-- IMG 01 --><\/p>\n<div class=\"cadre_1\"><\/div>\n<\/div>\n","protected":false},"excerpt":{"rendered":"<p>\u00c9tablissement de tutelle: Universit\u00e9 Mouloud MAMMERI de Tizi-Ouzou \u00ab\u00a0UMMTO\u00a0\u00bb Directeur: Pr Saddoudi Noria ep Smail Th\u00e9matiques: Ressource Naturelles Adresse: Facult\u00e9 ,Universit\u00e9 Mouloud MAMMERi B.P.17 RP, 15000 Tizi-Ouzou (ALGERIE). Courriel: @ummto.dz Site web: http:\/\/labs.ummto.dz\/lrn &nbsp;&#46;&#46;&#46;<\/p>\n","protected":false},"author":1,"featured_media":0,"parent":0,"menu_order":0,"comment_status":"closed","ping_status":"open","template":"","meta":[],"_links":{"self":[{"href":"http:\/\/labs.ummto.dz\/lrn\/index.php\/wp-json\/wp\/v2\/pages\/2"}],"collection":[{"href":"http:\/\/labs.ummto.dz\/lrn\/index.php\/wp-json\/wp\/v2\/pages"}],"about":[{"href":"http:\/\/labs.ummto.dz\/lrn\/index.php\/wp-json\/wp\/v2\/types\/page"}],"author":[{"embeddable":true,"href":"http:\/\/labs.ummto.dz\/lrn\/index.php\/wp-json\/wp\/v2\/users\/1"}],"replies":[{"embeddable":true,"href":"http:\/\/labs.ummto.dz\/lrn\/index.php\/wp-json\/wp\/v2\/comments?post=2"}],"version-history":[{"count":9,"href":"http:\/\/labs.ummto.dz\/lrn\/index.php\/wp-json\/wp\/v2\/pages\/2\/revisions"}],"predecessor-version":[{"id":90,"href":"http:\/\/labs.ummto.dz\/lrn\/index.php\/wp-json\/wp\/v2\/pages\/2\/revisions\/90"}],"wp:attachment":[{"href":"http:\/\/labs.ummto.dz\/lrn\/index.php\/wp-json\/wp\/v2\/media?parent=2"}],"curies":[{"name":"wp","href":"https:\/\/api.w.org\/{rel}","templated":true}]}}