
{"id":131,"date":"2017-03-22T10:55:54","date_gmt":"2017-03-22T09:55:54","guid":{"rendered":"http:\/\/localhost\/set\/?page_id=131"},"modified":"2017-06-07T12:17:40","modified_gmt":"2017-06-07T10:17:40","slug":"presentation","status":"publish","type":"page","link":"http:\/\/labs.ummto.dz\/set\/presentation\/","title":{"rendered":"Pr\u00e9sentation"},"content":{"rendered":"<ul>\n<li><strong><span style=\"color: #000080;\"><span style=\"text-decoration: underline;\">Historique du laboratoire<\/span>:<img loading=\"lazy\" class=\"wp-image-646  alignright\" src=\"http:\/\/labs.ummto.dz\/set\/wp-content\/uploads\/2017\/03\/logo-300x292.jpg\" alt=\"\" width=\"245\" height=\"238\" srcset=\"http:\/\/labs.ummto.dz\/set\/wp-content\/uploads\/2017\/03\/logo-300x292.jpg 300w, http:\/\/labs.ummto.dz\/set\/wp-content\/uploads\/2017\/03\/logo-45x45.jpg 45w, http:\/\/labs.ummto.dz\/set\/wp-content\/uploads\/2017\/03\/logo.jpg 640w\" sizes=\"(max-width: 245px) 100vw, 245px\" \/><\/span><\/strong><\/li>\n<\/ul>\n<p>&nbsp;<\/p>\n<p>&nbsp;<\/p>\n<p>&nbsp;<\/p>\n<ul>\n<li><span style=\"text-decoration: underline;\"><strong><span style=\"color: #000080; text-decoration: underline;\">Les \u00c9quipes de recherche<\/span><\/strong><\/span><\/li>\n<\/ul>\n<ol>\n<li><span style=\"color: #000000;\"><a style=\"color: #000000;\" href=\"http:\/\/set.ummto.dz\/?page_id=147\">Les rythmes scolaires dans le syst\u00e8me \u00e9ducatif alg\u00e9rien<\/a><\/span><\/li>\n<li><span style=\"color: #000000;\"><a style=\"color: #000000;\" href=\"http:\/\/set.ummto.dz\/?page_id=145\">\u00c9tude des conditions de travail et leurs effets sur la sant\u00e9<\/a><\/span><\/li>\n<li><span style=\"color: #000000;\"><a style=\"color: #000000;\" href=\"http:\/\/set.ummto.dz\/?page_id=143\">Les \u00e9volutions de la famille alg\u00e9rienne<\/a><\/span><\/li>\n<li><span style=\"color: #000000;\"><a style=\"color: #000000;\" href=\"http:\/\/set.ummto.dz\/?page_id=141\">Secteur Public et Secteur Priv\u00e9 Repr\u00e9sentations, identification et choix du secteur d\u2019activit\u00e9 chez les travailleurs<\/a><\/span><\/li>\n<\/ol>\n<ul>\n<li><span style=\"text-decoration: underline;\"><strong><span style=\"color: #000080; text-decoration: underline;\">Les chercheurs du laboratoire:<\/span><\/strong><\/span><\/li>\n<\/ul>\n<p><strong><span style=\"color: #000080;\">\n<table id=\"tablepress-11\" class=\"tablepress tablepress-id-11\">\n<thead>\n<tr class=\"row-1 odd\">\n\t<th class=\"column-1\">N\u00b0<\/th><th class=\"column-2\"> \tGrade<\/th><th class=\"column-3\"> \tNombre<\/th>\n<\/tr>\n<\/thead>\n<tbody class=\"row-hover\">\n<tr class=\"row-2 even\">\n\t<td class=\"column-1\">01<\/td><td class=\"column-2\">Professeur<\/td><td class=\"column-3\"><\/td>\n<\/tr>\n<tr class=\"row-3 odd\">\n\t<td class=\"column-1\">02<\/td><td class=\"column-2\">Ma\u00eetre Assistant Classe A<\/td><td class=\"column-3\"><\/td>\n<\/tr>\n<tr class=\"row-4 even\">\n\t<td class=\"column-1\">03<\/td><td class=\"column-2\">Ma\u00eetre Assistant Classe B<\/td><td class=\"column-3\"><\/td>\n<\/tr>\n<tr class=\"row-5 odd\">\n\t<td class=\"column-1\">04<\/td><td class=\"column-2\">Ma\u00eetre de conf\u00e9rences classe A<\/td><td class=\"column-3\"><\/td>\n<\/tr>\n<tr class=\"row-6 even\">\n\t<td class=\"column-1\">05<\/td><td class=\"column-2\">Ma\u00eetre de conf\u00e9rences classe B<\/td><td class=\"column-3\"><\/td>\n<\/tr>\n<\/tbody>\n<\/table>\n<!-- #tablepress-11 from cache --><\/span><\/strong><\/p>\n<p>&nbsp;<\/p>\n<ul>\n<li><span style=\"text-decoration: underline;\"><strong><span style=\"color: #000080; text-decoration: underline;\">Production Scientifique<\/span><\/strong><\/span><\/li>\n<\/ul>\n<p><span style=\"color: #000080;\"><strong>\n<table id=\"tablepress-12\" class=\"tablepress tablepress-id-12\">\n<thead>\n<tr class=\"row-1 odd\">\n\t<th class=\"column-1\">Intitul\u00e9<\/th><th class=\"column-2\">Nombre<\/th>\n<\/tr>\n<\/thead>\n<tbody class=\"row-hover\">\n<tr class=\"row-2 even\">\n\t<td class=\"column-1\">Publications Internationales<\/td><td class=\"column-2\"><\/td>\n<\/tr>\n<tr class=\"row-3 odd\">\n\t<td class=\"column-1\">Publications Nationales<\/td><td class=\"column-2\"><\/td>\n<\/tr>\n<tr class=\"row-4 even\">\n\t<td class=\"column-1\">Communication Internationale<\/td><td class=\"column-2\"><\/td>\n<\/tr>\n<tr class=\"row-5 odd\">\n\t<td class=\"column-1\">Communication Nationale<\/td><td class=\"column-2\"><\/td>\n<\/tr>\n<tr class=\"row-6 even\">\n\t<td class=\"column-1\">Brevet<\/td><td class=\"column-2\"><\/td>\n<\/tr>\n<tr class=\"row-7 odd\">\n\t<td class=\"column-1\">Ouvrage<\/td><td class=\"column-2\"><\/td>\n<\/tr>\n<\/tbody>\n<\/table>\n<!-- #tablepress-12 from cache --><\/strong><\/span><\/p>\n","protected":false},"excerpt":{"rendered":"<p>Historique du laboratoire: &nbsp; &nbsp; &nbsp; Les \u00c9quipes de recherche Les rythmes scolaires dans le syst\u00e8me \u00e9ducatif alg\u00e9rien \u00c9tude des conditions de travail et leurs effets sur la sant\u00e9 Les \u00e9volutions de la famille&#46;&#46;&#46;<\/p>\n","protected":false},"author":1,"featured_media":0,"parent":0,"menu_order":0,"comment_status":"closed","ping_status":"closed","template":"","meta":[],"_links":{"self":[{"href":"http:\/\/labs.ummto.dz\/set\/wp-json\/wp\/v2\/pages\/131"}],"collection":[{"href":"http:\/\/labs.ummto.dz\/set\/wp-json\/wp\/v2\/pages"}],"about":[{"href":"http:\/\/labs.ummto.dz\/set\/wp-json\/wp\/v2\/types\/page"}],"author":[{"embeddable":true,"href":"http:\/\/labs.ummto.dz\/set\/wp-json\/wp\/v2\/users\/1"}],"replies":[{"embeddable":true,"href":"http:\/\/labs.ummto.dz\/set\/wp-json\/wp\/v2\/comments?post=131"}],"version-history":[{"count":43,"href":"http:\/\/labs.ummto.dz\/set\/wp-json\/wp\/v2\/pages\/131\/revisions"}],"predecessor-version":[{"id":766,"href":"http:\/\/labs.ummto.dz\/set\/wp-json\/wp\/v2\/pages\/131\/revisions\/766"}],"wp:attachment":[{"href":"http:\/\/labs.ummto.dz\/set\/wp-json\/wp\/v2\/media?parent=131"}],"curies":[{"name":"wp","href":"https:\/\/api.w.org\/{rel}","templated":true}]}}