
{"id":141,"date":"2017-03-22T10:59:47","date_gmt":"2017-03-22T09:59:47","guid":{"rendered":"http:\/\/localhost\/set\/?page_id=141"},"modified":"2017-06-19T14:39:19","modified_gmt":"2017-06-19T12:39:19","slug":"equipe-04-secteur-public-et-secteur-prive-representations-identification-et-choix-du-secteur-dactivite-chez-les-travailleurs","status":"publish","type":"page","link":"http:\/\/labs.ummto.dz\/set\/equipe-04-secteur-public-et-secteur-prive-representations-identification-et-choix-du-secteur-dactivite-chez-les-travailleurs\/","title":{"rendered":"\u00c9quipe 04: Secteur Public et Secteur Priv\u00e9 Repr\u00e9sentations, identification et choix du secteur d\u2019activit\u00e9 chez les travailleurs"},"content":{"rendered":"<p><span style=\"color: #000080;\"><strong>Chef d\u2019\u00e9quipe:<\/strong><\/span> <span style=\"color: #000000;\">Dr CHAOUCHE Hamid <img loading=\"lazy\" class=\"wp-image-406 size-medium alignright\" src=\"http:\/\/labs.ummto.dz\/set\/wp-content\/uploads\/2017\/03\/17974941_407553416268234_1617654482_n-300x189.png\" alt=\"\" width=\"300\" height=\"189\" srcset=\"http:\/\/labs.ummto.dz\/set\/wp-content\/uploads\/2017\/03\/17974941_407553416268234_1617654482_n-300x189.png 300w, http:\/\/labs.ummto.dz\/set\/wp-content\/uploads\/2017\/03\/17974941_407553416268234_1617654482_n.png 301w\" sizes=\"(max-width: 300px) 100vw, 300px\" \/><\/span><\/p>\n<p><span style=\"color: #000080;\"><strong>Domaine<\/strong>:<\/span> <span style=\"color: #000000;\">Sciences Sociale<\/span><\/p>\n<p><span style=\"color: #000080;\"><strong>Mot cl\u00e9<\/strong>: <\/span>S<span style=\"color: #000000;\">ecteur priv\u00e9 et secteur public, repr\u00e9sentations, identification<\/span><\/p>\n<p><strong><span style=\"text-decoration: underline;\"><span style=\"color: #000080; text-decoration: underline;\">Description de la th\u00e9matique de recherche de l\u2019\u00e9quipe<\/span>:<\/span><\/strong><span style=\"color: #000000;\"> L&rsquo;\u00e9tude vise \u00e0 percer le monde du travail et des travailleurs en Alg\u00e9rie \u00e0 travers les diff\u00e9rentes repr\u00e9sentations qu\u2019ils \u00e9laborent sur leur univers mat\u00e9riel, social, professionnel et comment ils s\u2019identifient face aux diff\u00e9rentes mutations \u00e9conomiques en \u0153uvres depuis les ann\u00e9es 90, notamment \u00e0 l\u2019\u00e9gard du secteur priv\u00e9 et du secteur public.<\/span><\/p>\n<p><span style=\"color: #000080;\"><strong><span style=\"text-decoration: underline;\">Liste exhaustive des membres permanents de l\u2019\u00e9quipe:<\/span><\/strong><\/span><\/p>\n<p><strong>\n<table id=\"tablepress-10\" class=\"tablepress tablepress-id-10\">\n<thead>\n<tr class=\"row-1 odd\">\n\t<th class=\"column-1\">M.\/<br \/>\nMme<\/th><th class=\"column-2\">Nom et Pr\u00e9nom<\/th><th class=\"column-3\">\u0627\u0644\u0644\u0642\u0628 \u0648\u0627\u0644\u0625\u0633\u0645<\/th><th class=\"column-4\">Date de Nais.<\/th><th class=\"column-5\">Dernier dipl\u00f4me<\/th><th class=\"column-6\">Grade<\/th><th class=\"column-7\">Domaine<\/th><th class=\"column-8\">Structure de rattachement\t<\/th><th class=\"column-9\">Email actif<\/th>\n<\/tr>\n<\/thead>\n<tbody class=\"row-hover\">\n<tr class=\"row-2 even\">\n\t<td class=\"column-1\">Mr<\/td><td class=\"column-2\">CHAOUCHE Hamid<\/td><td class=\"column-3\">\u0631\u0626\u064a\u0633 \u0641\u0631\u0642\u0629 \u0627\u0644\u0628\u062d\u062b<\/td><td class=\"column-4\">24\/02\/1969<\/td><td class=\"column-5\">Doctorat<\/td><td class=\"column-6\">MCA<\/td><td class=\"column-7\">Sciences Sociales<\/td><td class=\"column-8\">U. Tizi Ouzou<\/td><td class=\"column-9\">hamid_chaouche@laposte.net<\/td>\n<\/tr>\n<tr class=\"row-3 odd\">\n\t<td class=\"column-1\">Mr<\/td><td class=\"column-2\">TOUMI Hocine<\/td><td class=\"column-3\">\u062a\u0648\u0645\u064a \u062d\u0633\u064a\u0646<\/td><td class=\"column-4\">20\/08\/1963<\/td><td class=\"column-5\">Magister<\/td><td class=\"column-6\">MAA<\/td><td class=\"column-7\">Arts et Sciences Humaines<\/td><td class=\"column-8\">U. Tizi Ouzou<\/td><td class=\"column-9\">htoumi_15@yahoo.fr<\/td>\n<\/tr>\n<tr class=\"row-4 even\">\n\t<td class=\"column-1\">Mr<\/td><td class=\"column-2\">MAKHLOUF Mohammed LARBI<\/td><td class=\"column-3\">\u0645\u062e\u0644\u0648\u0641 \u0645\u062d\u0645\u062f \u0627\u0644\u0639\u0631\u0628\u064a<\/td><td class=\"column-4\">13\/06\/1954<\/td><td class=\"column-5\">Magister<\/td><td class=\"column-6\">MAA<\/td><td class=\"column-7\">Sciences Sociales<\/td><td class=\"column-8\">U. Tizi Ouzou<\/td><td class=\"column-9\">tamda-m@hotmail.fr<\/td>\n<\/tr>\n<\/tbody>\n<\/table>\n<!-- #tablepress-10 from cache --><\/strong><\/p>\n<p>&nbsp;<\/p>\n<p>&nbsp;<\/p>\n","protected":false},"excerpt":{"rendered":"<p>Chef d\u2019\u00e9quipe: Dr CHAOUCHE Hamid Domaine: Sciences Sociale Mot cl\u00e9: Secteur priv\u00e9 et secteur public, repr\u00e9sentations, identification Description de la th\u00e9matique de recherche de l\u2019\u00e9quipe: L&rsquo;\u00e9tude vise \u00e0 percer le monde du travail et&#46;&#46;&#46;<\/p>\n","protected":false},"author":1,"featured_media":0,"parent":0,"menu_order":0,"comment_status":"closed","ping_status":"closed","template":"","meta":[],"_links":{"self":[{"href":"http:\/\/labs.ummto.dz\/set\/wp-json\/wp\/v2\/pages\/141"}],"collection":[{"href":"http:\/\/labs.ummto.dz\/set\/wp-json\/wp\/v2\/pages"}],"about":[{"href":"http:\/\/labs.ummto.dz\/set\/wp-json\/wp\/v2\/types\/page"}],"author":[{"embeddable":true,"href":"http:\/\/labs.ummto.dz\/set\/wp-json\/wp\/v2\/users\/1"}],"replies":[{"embeddable":true,"href":"http:\/\/labs.ummto.dz\/set\/wp-json\/wp\/v2\/comments?post=141"}],"version-history":[{"count":11,"href":"http:\/\/labs.ummto.dz\/set\/wp-json\/wp\/v2\/pages\/141\/revisions"}],"predecessor-version":[{"id":777,"href":"http:\/\/labs.ummto.dz\/set\/wp-json\/wp\/v2\/pages\/141\/revisions\/777"}],"wp:attachment":[{"href":"http:\/\/labs.ummto.dz\/set\/wp-json\/wp\/v2\/media?parent=141"}],"curies":[{"name":"wp","href":"https:\/\/api.w.org\/{rel}","templated":true}]}}