
{"id":143,"date":"2017-03-22T11:00:18","date_gmt":"2017-03-22T10:00:18","guid":{"rendered":"http:\/\/localhost\/set\/?page_id=143"},"modified":"2017-05-11T14:56:50","modified_gmt":"2017-05-11T12:56:50","slug":"equipe-03-les-evolutions-de-la-famille-algerienne","status":"publish","type":"page","link":"http:\/\/labs.ummto.dz\/set\/equipe-03-les-evolutions-de-la-famille-algerienne\/","title":{"rendered":"\u00c9quipe 03: Les \u00e9volutions de la famille alg\u00e9rienne"},"content":{"rendered":"<p><span style=\"color: #000080;\"><strong>Chef d\u2019\u00e9quipe:<\/strong><\/span> Dr CHAFAI Said<\/p>\n<p><img loading=\"lazy\" class=\"wp-image-405 size-medium alignright\" src=\"http:\/\/labo.ummto.dz\/set\/wp-content\/uploads\/2017\/03\/17965175_407553412934901_1260875055_n-300x190.png\" alt=\"\" width=\"300\" height=\"190\" srcset=\"http:\/\/labs.ummto.dz\/set\/wp-content\/uploads\/2017\/03\/17965175_407553412934901_1260875055_n-300x190.png 300w, http:\/\/labs.ummto.dz\/set\/wp-content\/uploads\/2017\/03\/17965175_407553412934901_1260875055_n.png 301w\" sizes=\"(max-width: 300px) 100vw, 300px\" \/><\/p>\n<p><span style=\"color: #000080;\"><strong>Domaine<\/strong>:<\/span> Sciences Sociale<\/p>\n<p><span style=\"color: #000080;\"><strong>Mot cl\u00e9<\/strong>:<\/span> \u0627\u0644\u0627\u0633\u0631\u0629\u060c\u0627\u0644\u062a\u0637\u0648\u0631\u0627\u062a\u060c\u0627\u0644\u0642\u064a\u0645 \u0627\u0644\u0627\u062c\u062a\u0645\u0627\u0639\u064a\u0629\u060c \u0628\u0646\u064a\u0629 \u0627\u0644\u0627\u0633\u0631\u0629\u060c\u0627\u0646\u0645\u0627\u0637 \u0627\u0644\u0632\u0648\u0627\u062c<\/p>\n<p><strong><span style=\"text-decoration: underline;\"><span style=\"color: #000080; text-decoration: underline;\">Description de la th\u00e9matique de recherche de l\u2019\u00e9quipe:<\/span><\/span><br \/>\n<\/strong><\/p>\n<p style=\"text-align: right;\">\u062a\u0639\u062f \u0627\u0644\u0627\u0633\u0631\u0629 \u0645\u0634\u0631\u0648\u0639\u0627 \u0627\u0646\u0633\u0627\u0646\u064a\u0627 \u0645\u062a\u0643\u0627\u0645\u0644\u0627 \u064a\u0646\u0628\u063a\u064a \u0627\u0644\u0645\u062d\u0627\u0641\u0638\u0629 \u0639\u0644\u064a\u0647 \u0648\u062f\u0639\u0645\u0647 \u062d\u062a\u0649 \u062a\u062a\u0645\u0643\u0646 \u0645\u0646 \u0627\u0644\u0642\u064a\u0627\u0645 \u0628\u0648\u0638\u0627\u0626\u0641\u0647\u0627 \u0641\u064a \u0627\u0644\u0645\u062c\u062a\u0645\u0639 \u0648\u0627\u0644\u062a\u0643\u0627\u0645\u0644 \u0645\u0639 \u0645\u0633\u062a\u062c\u062f\u0627\u062a \u0627\u0644\u0639\u0635\u0631\u060c\u0648\u0639\u0644\u0649 \u0627\u0644\u062f\u0648\u0644\u0629 \u062a\u0644\u0642\u0649 \u0645\u0633\u0624\u0648\u0644\u064a\u0629 \u062a\u0648\u0641\u064a\u0631 \u0627\u0644\u062e\u062f\u0645\u0627\u062a \u0627\u0644\u0627\u0633\u0627\u0633\u064a\u0629 \u0644\u0644\u0627\u0633\u0631\u0629 \u0648\u062d\u0645\u0627\u064a\u062a\u0647\u0627 \u0645\u0646 \u0639\u062f\u0645 \u0627\u0644\u0627\u0633\u062a\u0642\u0631\u0627\u0631 \u0648\u0627\u0644\u062a\u0641\u0643\u0643. \u0644\u0642\u062f \u0639\u0631\u0641\u062a \u0627\u0644\u0627\u0633\u0631\u0629 \u0627\u0644\u062c\u0632\u0627\u0626\u0631\u064a\u0629 \u0639\u062f\u0629 \u062a\u0637\u0648\u0631\u0627\u062a \u0633\u0648\u0627\u0621 \u0641\u064a \u0634\u0643\u0644\u0647\u0627 \u0627\u0644\u062a\u0631\u0643\u064a\u0628\u064a \u0627\u0648 \u0639\u0644\u0627\u0642\u0627\u062a\u0647\u0627 \u0627\u0644\u062f\u0627\u062e\u0644\u064a\u0629 \u0623\u0648 \u0641\u064a \u0648\u0638\u0627\u0626\u0641\u0647\u0627 \u0648\u0642\u064a\u0645\u0647\u0627 \u0627\u0644\u0627\u062c\u062a\u0645\u0627\u0639\u064a\u0629.\u0648\u062a\u0646\u062f\u0631\u062c \u0647\u0630\u0647 \u0627\u0644\u062a\u0637\u0648\u0631\u0627\u062a \u0641\u064a \u0627\u0637\u0627\u0631 \u062d\u0631\u0643\u0629 \u0627\u0644\u062a\u063a\u064a\u0631 \u0627\u0644\u062b\u0642\u0627\u0641\u064a \u0648\u0627\u0644\u0627\u062c\u062a\u0645\u0627\u0639\u064a \u0648\u0627\u0644\u0627\u0646\u062a\u0642\u0627\u0644 \u0645\u0646 \u0627\u0644\u0645\u062c\u062a\u0645\u0639 \u0627\u0644\u0632\u0631\u0627\u0639\u064a \u0627\u0644\u062a\u0642\u0644\u064a\u062f\u064a \u0625\u0644\u0649 \u0627\u0644\u0645\u062c\u062a\u0645\u0639 \u0627\u0644\u0635\u0646\u0627\u0639\u064a \u0627\u0644\u062d\u062f\u064a\u062b \u0627\u064a \u0636\u0645\u0646 \u0645\u0633\u064a\u0631\u0629 \u0627\u0644\u062a\u062d\u062f\u064a\u062b \u0627\u0644\u062a\u064a \u064a\u0634\u0647\u062f\u0647\u0627 \u0627\u0644\u0645\u062c\u062a\u0645\u0639 \u0627\u0644\u062c\u0632\u0627\u0626\u0631\u064a .\u062a\u0647\u062f\u0641 \u0647\u0630\u0647 \u0627\u0644\u062f\u0631\u0627\u0633\u0629 \u0625\u0644\u0649 \u062a\u0642\u064a\u064a\u0645 \u0627\u0644\u0627\u0646\u0639\u0643\u0627\u0633\u0627\u062a \u0648\u0627\u0644\u062a\u0637\u0648\u0631\u0627\u062a \u0627\u0644\u0633\u064a\u0627\u0633\u064a\u0629 \u0648\u0627\u0644\u0627\u0642\u062a\u0635\u0627\u062f\u064a\u0629 \u0639\u0644\u0649 \u0627\u0644\u0648\u0627\u0642\u0639 \u0627\u0644\u0645\u0639\u064a\u0634 \u0644\u0644\u0627\u0633\u0631\u0629 \u0627\u0644\u062c\u0632\u0627\u0626\u0631\u064a\u0629 \u0648\u0639\u0644\u0649 \u0627\u0646\u0645\u0627\u0637 \u0627\u0644\u0627\u0633\u0631\u0629 \u0648\u062d\u062c\u0645\u0647\u0627 \u0648\u062a\u063a\u064a\u0631 \u0627\u0646\u0645\u0627\u0637 \u0627\u0644\u0632\u0648\u0627\u062c \u0641\u064a\u0647\u0627 \u0648\u0643\u0630\u0627 \u062a\u063a\u064a\u0631 \u0627\u062a\u062c\u0627\u0647\u0627\u062a\u0647\u0627 \u0648\u0642\u064a\u0645\u0647\u0627 \u0627\u0644\u0627\u062c\u062a\u0645\u0627\u0639\u064a\u0629<\/p>\n<p style=\"text-align: left;\"><span style=\"color: #000080;\"><strong><span style=\"text-decoration: underline;\">Liste exhaustive des membres permanents de l\u2019\u00e9quipe:<\/span><\/strong><\/span><\/p>\n<p style=\"text-align: left;\"><strong>\n<table id=\"tablepress-9\" class=\"tablepress tablepress-id-9\">\n<thead>\n<tr class=\"row-1 odd\">\n\t<th class=\"column-1\">M.\/<br \/>\nMme<\/th><th class=\"column-2\">Nom et Pr\u00e9nom<\/th><th class=\"column-3\">\u0627\u0644\u0644\u0642\u0628 \u0648\u0627\u0644\u0625\u0633\u0645<\/th><th class=\"column-4\">Date de Nais.<\/th><th class=\"column-5\">Dernier dipl\u00f4me<\/th><th class=\"column-6\">Grade<\/th><th class=\"column-7\">Domaine<\/th><th class=\"column-8\">Structure de rattachement<\/th><th class=\"column-9\">Email actif<\/th>\n<\/tr>\n<\/thead>\n<tbody class=\"row-hover\">\n<tr class=\"row-2 even\">\n\t<td class=\"column-1\">Mr<\/td><td class=\"column-2\">CHAFAI Said\t<\/td><td class=\"column-3\">\u0631\u0626\u064a\u0633 \u0641\u0631\u0642\u0629 \u0627\u0644\u0628\u062d\u062b<\/td><td class=\"column-4\">29\/09\/1963<\/td><td class=\"column-5\">Doctorat<\/td><td class=\"column-6\">MCA<\/td><td class=\"column-7\">Sciences Sociales<\/td><td class=\"column-8\">U. Tizi Ouzou<\/td><td class=\"column-9\">chafaisaid@yahoo.fr<\/td>\n<\/tr>\n<tr class=\"row-3 odd\">\n\t<td class=\"column-1\">Mr<\/td><td class=\"column-2\">DAHMANI Slimane<\/td><td class=\"column-3\">\u062f\u062d\u0645\u0627\u0646\u064a \u0633\u0644\u064a\u0645\u0627\u0646<\/td><td class=\"column-4\">03\/05\/1969<\/td><td class=\"column-5\">Doctorat<\/td><td class=\"column-6\">MCB<\/td><td class=\"column-7\">Sciences Sociales<\/td><td class=\"column-8\">U. Tizi Ouzou<\/td><td class=\"column-9\">dahmani.slimane1@gmail.com<\/td>\n<\/tr>\n<tr class=\"row-4 even\">\n\t<td class=\"column-1\">Mr<\/td><td class=\"column-2\">GRIMES Messaoud\t<\/td><td class=\"column-3\">\u0642\u0631\u064a\u0645\u0633 \u0645\u0633\u0639\u0648\u062f<\/td><td class=\"column-4\">10\/06\/1972<\/td><td class=\"column-5\">Magister<\/td><td class=\"column-6\">MAA<\/td><td class=\"column-7\">Sciences Sociales<\/td><td class=\"column-8\">U. Tizi Ouzou<\/td><td class=\"column-9\">graid72@yahoo.com<\/td>\n<\/tr>\n<\/tbody>\n<\/table>\n<!-- #tablepress-9 from cache --><\/strong><\/p>\n<p style=\"text-align: right;\">.<\/p>\n","protected":false},"excerpt":{"rendered":"<p>Chef d\u2019\u00e9quipe: Dr CHAFAI Said Domaine: Sciences Sociale Mot cl\u00e9: \u0627\u0644\u0627\u0633\u0631\u0629\u060c\u0627\u0644\u062a\u0637\u0648\u0631\u0627\u062a\u060c\u0627\u0644\u0642\u064a\u0645 \u0627\u0644\u0627\u062c\u062a\u0645\u0627\u0639\u064a\u0629\u060c \u0628\u0646\u064a\u0629 \u0627\u0644\u0627\u0633\u0631\u0629\u060c\u0627\u0646\u0645\u0627\u0637 \u0627\u0644\u0632\u0648\u0627\u062c Description de la th\u00e9matique de recherche de l\u2019\u00e9quipe: \u062a\u0639\u062f \u0627\u0644\u0627\u0633\u0631\u0629 \u0645\u0634\u0631\u0648\u0639\u0627 \u0627\u0646\u0633\u0627\u0646\u064a\u0627 \u0645\u062a\u0643\u0627\u0645\u0644\u0627 \u064a\u0646\u0628\u063a\u064a \u0627\u0644\u0645\u062d\u0627\u0641\u0638\u0629 \u0639\u0644\u064a\u0647 \u0648\u062f\u0639\u0645\u0647 \u062d\u062a\u0649 \u062a\u062a\u0645\u0643\u0646&#46;&#46;&#46;<\/p>\n","protected":false},"author":1,"featured_media":0,"parent":0,"menu_order":0,"comment_status":"closed","ping_status":"closed","template":"","meta":[],"_links":{"self":[{"href":"http:\/\/labs.ummto.dz\/set\/wp-json\/wp\/v2\/pages\/143"}],"collection":[{"href":"http:\/\/labs.ummto.dz\/set\/wp-json\/wp\/v2\/pages"}],"about":[{"href":"http:\/\/labs.ummto.dz\/set\/wp-json\/wp\/v2\/types\/page"}],"author":[{"embeddable":true,"href":"http:\/\/labs.ummto.dz\/set\/wp-json\/wp\/v2\/users\/1"}],"replies":[{"embeddable":true,"href":"http:\/\/labs.ummto.dz\/set\/wp-json\/wp\/v2\/comments?post=143"}],"version-history":[{"count":9,"href":"http:\/\/labs.ummto.dz\/set\/wp-json\/wp\/v2\/pages\/143\/revisions"}],"predecessor-version":[{"id":720,"href":"http:\/\/labs.ummto.dz\/set\/wp-json\/wp\/v2\/pages\/143\/revisions\/720"}],"wp:attachment":[{"href":"http:\/\/labs.ummto.dz\/set\/wp-json\/wp\/v2\/media?parent=143"}],"curies":[{"name":"wp","href":"https:\/\/api.w.org\/{rel}","templated":true}]}}