
{"id":147,"date":"2017-03-22T11:00:53","date_gmt":"2017-03-22T10:00:53","guid":{"rendered":"http:\/\/localhost\/set\/?page_id=147"},"modified":"2017-06-16T00:10:42","modified_gmt":"2017-06-15T22:10:42","slug":"equipe-01-les-rythmes-scolaires-dans-le-systeme-educatif-algerien","status":"publish","type":"page","link":"http:\/\/labs.ummto.dz\/set\/equipe-01-les-rythmes-scolaires-dans-le-systeme-educatif-algerien\/","title":{"rendered":"\u00c9quipe 01: Les rythmes scolaires dans le syst\u00e8me \u00e9ducatif alg\u00e9rien"},"content":{"rendered":"<p><strong><span style=\"color: #000080;\">Chef d&rsquo;\u00e9quipe:<\/span><\/strong> <span style=\"color: #000000;\">Pr Marouf Louiza<\/span><span style=\"color: #000000;\"><img loading=\"lazy\" class=\"wp-image-545 size-medium alignright\" src=\"http:\/\/labs.ummto.dz\/set\/wp-content\/uploads\/2017\/03\/17965293_407553426268233_59847150_n-2-300x190.png\" alt=\"\" width=\"300\" height=\"190\" \/><\/span><\/p>\n<p><span style=\"color: #000080;\"><strong>Domaine<\/strong>:<\/span> <span style=\"color: #000000;\">Sciences Sociale<\/span><\/p>\n<p><strong><span style=\"color: #000080;\">Mot cl\u00e9<\/span><\/strong>: <span style=\"color: #000000;\">Rythmes scolaires, Attention, Sommeil, Comportements en classe, Activit\u00e9s extra-scolaires<\/span><\/p>\n<p style=\"text-align: justify;\"><span style=\"text-decoration: underline;\"><strong><span style=\"color: #000080; text-decoration: underline;\">Description de la th\u00e9matique de recherche de l&rsquo;\u00e9quipe:<\/span><\/strong><\/span><span style=\"color: #000080;\"><span style=\"color: #000000;\"> La question des rythmes scolaires a connu une m\u00e9diatisation importante depuis la rentr\u00e9e scolaire 2009-2010.Les articles ont trait\u00e9 principalement l\u2019am\u00e9nagement de la semaine scolaire et le basculement vers le week-end semi-universel et montr\u00e9 l\u2019ambigu\u00eft\u00e9 de la notion des rythmes scolaires. (Testu) note qu\u2019ils peuvent \u00eatre compris de deux fa\u00e7ons ; en relation avec les rythmes de l\u2019environnement, \u00e0 l\u2019alternance des moments de repos et d\u2019activit\u00e9 impos\u00e9s par l\u2019\u00e9cole soit les emplois du temps ou en relation avec les rythmes propres aux individus, ce sont les fluctuations p\u00e9riodiques des processus physiologiques, physiques et psychologiques observables chez l\u2019enfant, l\u2019adolescent, l\u2019adulte plac\u00e9s en situation scolaire. Il s\u2019agit d\u2019harmoniser les rythmes de vie des enfants et les emplois du temps scolaires (Testu &amp; Fotinos, 1996). Cette \u00e9tude s\u2019axe sur l\u2019\u00e9tude des rythmes scolaires chez les apprenants algeriens.<\/span><\/span><\/p>\n<p style=\"text-align: justify;\"><span style=\"text-decoration: underline;\"><strong><span style=\"color: #000080; text-decoration: underline;\">Liste exhaustive des membres permanents de l&rsquo;\u00e9quipe:<\/span><\/strong><\/span><\/p>\n<p style=\"text-align: justify;\">\n<table id=\"tablepress-5\" class=\"tablepress tablepress-id-5\">\n<thead>\n<tr class=\"row-1 odd\">\n\t<th class=\"column-1\">M.\/<br \/>\nMme<br \/>\n<\/th><th class=\"column-2\">Nom et Pr\u00e9nom<\/th><th class=\"column-3\">\u0627\u0644\u0644\u0642\u0628<br \/>\n\u0648\u0627\u0644\u0625\u0633\u0645<\/th><th class=\"column-4\">Date de Nais.<\/th><th class=\"column-5\">Dernier dipl\u00f4me<\/th><th class=\"column-6\">Grade<\/th><th class=\"column-7\">Domaine<\/th><th class=\"column-8\">Structure de rattachement<\/th><th class=\"column-9\">Email actif<\/th>\n<\/tr>\n<\/thead>\n<tbody class=\"row-hover\">\n<tr class=\"row-2 even\">\n\t<td class=\"column-1\">Mme<\/td><td class=\"column-2\">MAROUF Louisa<\/td><td class=\"column-3\">\u0631\u0626\u064a\u0633 \u0641\u0631\u0642\u0629 \u0627\u0644\u0628\u062d\u062b<\/td><td class=\"column-4\">23\/09\/1973<\/td><td class=\"column-5\">Doctorat<\/td><td class=\"column-6\">MCA<\/td><td class=\"column-7\">Sciences Sociales<\/td><td class=\"column-8\">U. TiziOuzou<\/td><td class=\"column-9\">louisamarouf@yahoo.fr<\/td>\n<\/tr>\n<tr class=\"row-3 odd\">\n\t<td class=\"column-1\">Melle<\/td><td class=\"column-2\">BOUBEKRI Lila<\/td><td class=\"column-3\">\u0628\u0648\u0628\u0643\u0631\u064a \u0644\u064a\u0644\u0649<\/td><td class=\"column-4\">21\/05\/1965<\/td><td class=\"column-5\">Magister<\/td><td class=\"column-6\">MAB<\/td><td class=\"column-7\">Sciences Sociales<\/td><td class=\"column-8\">U. TiziOuzou<\/td><td class=\"column-9\">leilaboubekri@hotmail.fr<\/td>\n<\/tr>\n<tr class=\"row-4 even\">\n\t<td class=\"column-1\">Mr<\/td><td class=\"column-2\">IKOUFENE Chafik<\/td><td class=\"column-3\">\u0627\u064a\u0643\u0648\u0641\u0627\u0646 \u0634\u0641\u064a\u0642<\/td><td class=\"column-4\">19\/12\/1981<\/td><td class=\"column-5\">Doctorat<\/td><td class=\"column-6\">MCB<\/td><td class=\"column-7\">Arts et Sciences Humaines<\/td><td class=\"column-8\">U. TiziOuzou<\/td><td class=\"column-9\">ikoufene@yahoo.fr<\/td>\n<\/tr>\n<tr class=\"row-5 odd\">\n\t<td class=\"column-1\">Melle<\/td><td class=\"column-2\">RAHMAOUI Souad<\/td><td class=\"column-3\">\u0631\u062d\u0645\u0627\u0648\u064a \u0633\u0639\u0627\u062f<\/td><td class=\"column-4\">17\/09\/1980<\/td><td class=\"column-5\">Magister<\/td><td class=\"column-6\">MAA<\/td><td class=\"column-7\">Psychologies<\/td><td class=\"column-8\">U. TiziOuzou<\/td><td class=\"column-9\">rahmaouisouad@yahoo.fr<\/td>\n<\/tr>\n<tr class=\"row-6 even\">\n\t<td class=\"column-1\">Melle<\/td><td class=\"column-2\">DAOUD Chafika<\/td><td class=\"column-3\">\u062f\u0627\u0648\u062f \u0634\u0641\u064a\u0642\u0629<\/td><td class=\"column-4\">16\/08\/1982<\/td><td class=\"column-5\">Magister<\/td><td class=\"column-6\">MAB<\/td><td class=\"column-7\">Psychologies<\/td><td class=\"column-8\">U. Khemis Miliana<\/td><td class=\"column-9\">chafika_daoud@yahoo.fr<\/td>\n<\/tr>\n<tr class=\"row-7 odd\">\n\t<td class=\"column-1\">Melle<\/td><td class=\"column-2\">LASLI Ouerdia<\/td><td class=\"column-3\">\u0644\u0639\u0633\u0644\u064a \u0648\u0631\u062f\u064a\u0629<\/td><td class=\"column-4\">09\/01\/1986<\/td><td class=\"column-5\">Magister<\/td><td class=\"column-6\">DOC<\/td><td class=\"column-7\">Sciences<\/td><td class=\"column-8\">U. Alger-2<\/td><td class=\"column-9\">lasli.ouerdia@yahoo.fr<\/td>\n<\/tr>\n<\/tbody>\n<\/table>\n<!-- #tablepress-5 from cache --><\/p>\n<p style=\"text-align: justify;\"><span style=\"text-decoration: underline;\"><strong><span style=\"color: #000080; text-decoration: underline;\">Liste exhaustive des doctorants membres de l&rsquo;\u00e9quipe:<\/span><\/strong><\/span><\/p>\n<p style=\"text-align: justify;\">\n<table id=\"tablepress-6\" class=\"tablepress tablepress-id-6\">\n<thead>\n<tr class=\"row-1 odd\">\n\t<th class=\"column-1\">Nom et Pr\u00e9nom<\/th><th class=\"column-2\">\u0627\u0644\u0644\u0642\u0628 \u0648\u0627\u0644\u0625\u0633\u0645<\/th><th class=\"column-3\">Inscrit depuis (Mois\/Ann\u00e9e)<\/th><th class=\"column-4\">Nom et Pr\u00e9nom du ou des encadreurs<\/th>\n<\/tr>\n<\/thead>\n<tbody class=\"row-hover\">\n<tr class=\"row-2 even\">\n\t<td class=\"column-1\">NOUFEL Djamila<\/td><td class=\"column-2\">\u0646\u0648\u0641\u0644 \u062c\u0645\u064a\u0644\u0629<\/td><td class=\"column-3\">decembre 2015<\/td><td class=\"column-4\">MAROUF Louisa<\/td>\n<\/tr>\n<tr class=\"row-3 odd\">\n\t<td class=\"column-1\">OUALI Lamia <\/td><td class=\"column-2\">\u0648\u0639\u0644\u064a \u0644\u0627\u0645\u064a\u0629<\/td><td class=\"column-3\">decembre 2013<\/td><td class=\"column-4\">MAROUF Louisa<\/td>\n<\/tr>\n<tr class=\"row-4 even\">\n\t<td class=\"column-1\">MELIANI Mouloud <\/td><td class=\"column-2\">\u0645\u0644\u064a\u0627\u0646\u064a \u0645\u0648\u0644\u0648\u062f<\/td><td class=\"column-3\">decembre 2013<\/td><td class=\"column-4\">MAROUF Louisa<\/td>\n<\/tr>\n<\/tbody>\n<\/table>\n<!-- #tablepress-6 from cache --><\/p>\n","protected":false},"excerpt":{"rendered":"<p>Chef d&rsquo;\u00e9quipe: Pr Marouf Louiza Domaine: Sciences Sociale Mot cl\u00e9: Rythmes scolaires, Attention, Sommeil, Comportements en classe, Activit\u00e9s extra-scolaires Description de la th\u00e9matique de recherche de l&rsquo;\u00e9quipe: La question des rythmes scolaires a connu&#46;&#46;&#46;<\/p>\n","protected":false},"author":1,"featured_media":0,"parent":0,"menu_order":0,"comment_status":"closed","ping_status":"closed","template":"","meta":[],"_links":{"self":[{"href":"http:\/\/labs.ummto.dz\/set\/wp-json\/wp\/v2\/pages\/147"}],"collection":[{"href":"http:\/\/labs.ummto.dz\/set\/wp-json\/wp\/v2\/pages"}],"about":[{"href":"http:\/\/labs.ummto.dz\/set\/wp-json\/wp\/v2\/types\/page"}],"author":[{"embeddable":true,"href":"http:\/\/labs.ummto.dz\/set\/wp-json\/wp\/v2\/users\/1"}],"replies":[{"embeddable":true,"href":"http:\/\/labs.ummto.dz\/set\/wp-json\/wp\/v2\/comments?post=147"}],"version-history":[{"count":17,"href":"http:\/\/labs.ummto.dz\/set\/wp-json\/wp\/v2\/pages\/147\/revisions"}],"predecessor-version":[{"id":770,"href":"http:\/\/labs.ummto.dz\/set\/wp-json\/wp\/v2\/pages\/147\/revisions\/770"}],"wp:attachment":[{"href":"http:\/\/labs.ummto.dz\/set\/wp-json\/wp\/v2\/media?parent=147"}],"curies":[{"name":"wp","href":"https:\/\/api.w.org\/{rel}","templated":true}]}}