
{"id":153,"date":"2017-03-22T11:02:25","date_gmt":"2017-03-22T10:02:25","guid":{"rendered":"http:\/\/localhost\/set\/?page_id=153"},"modified":"2017-07-18T11:42:52","modified_gmt":"2017-07-18T09:42:52","slug":"nos-chercheurs","status":"publish","type":"page","link":"http:\/\/labs.ummto.dz\/set\/nos-chercheurs\/","title":{"rendered":"Nos Chercheurs"},"content":{"rendered":"<p><a href=\"http:\/\/labs.ummto.dz\/set\/?page_id=147\"><span style=\"color: #000080;\"><strong><img loading=\"lazy\" class=\"wp-image-432 alignleft\" src=\"http:\/\/labs.ummto.dz\/set\/wp-content\/uploads\/2017\/03\/18034851_408033199553589_1789172270_n.png\" alt=\"\" width=\"114\" height=\"93\" \/><\/strong><strong><span style=\"text-decoration: underline;\">\u00c9quipe 01: Les rythmes scolaires dans le syst\u00e8me \u00e9ducatif alg\u00e9rien<\/span><\/strong><\/span><\/a><\/p>\n<p style=\"text-align: left;\"><strong><span style=\"color: #000000;\">Chef d\u2019\u00e9quipe: <span style=\"color: #3450d8;\">\u00a0Pr. MAROUF\u00a0Louisa<\/span><\/span><\/strong><\/p>\n<p style=\"text-align: left;\"><strong><span style=\"color: #000000;\">Mail:\u00a0<span style=\"color: #3450d8;\">louisamarouf@yahoo.fr<\/span><\/span><\/strong><\/p>\n<p>&#8212;&#8212;&#8212;&#8212;&#8212;&#8212;&#8212;&#8212;&#8212;&#8212;&#8212;&#8212;&#8212;&#8212;&#8212;&#8212;&#8212;&#8212;&#8212;&#8212;&#8212;&#8212;&#8212;&#8212;&#8212;&#8212;&#8212;&#8212;&#8212;&#8212;&#8212;&#8212;&#8212;&#8212;&#8212;&#8212;&#8212;&#8212;&#8212;&#8212;&#8212;&#8212;&#8212;&#8212;&#8212;&#8212;&#8212;&#8212;&#8212;&#8212;&#8212;&#8212;&#8212;&#8212;&#8212;&#8212;&#8212;&#8212;&#8212;-<\/p>\n<p><a href=\"http:\/\/labs.ummto.dz\/set\/?page_id=145\"><span style=\"color: #000080;\"><strong><img loading=\"lazy\" class=\"wp-image-332 alignleft\" src=\"http:\/\/labs.ummto.dz\/set\/wp-content\/uploads\/2017\/03\/17619790_396047834085459_1014631181_n.jpg\" alt=\"\" width=\"118\" height=\"118\" srcset=\"http:\/\/labs.ummto.dz\/set\/wp-content\/uploads\/2017\/03\/17619790_396047834085459_1014631181_n.jpg 204w, http:\/\/labs.ummto.dz\/set\/wp-content\/uploads\/2017\/03\/17619790_396047834085459_1014631181_n-150x150.jpg 150w, http:\/\/labs.ummto.dz\/set\/wp-content\/uploads\/2017\/03\/17619790_396047834085459_1014631181_n-160x160.jpg 160w, http:\/\/labs.ummto.dz\/set\/wp-content\/uploads\/2017\/03\/17619790_396047834085459_1014631181_n-320x320.jpg 320w, http:\/\/labs.ummto.dz\/set\/wp-content\/uploads\/2017\/03\/17619790_396047834085459_1014631181_n-45x45.jpg 45w\" sizes=\"(max-width: 118px) 100vw, 118px\" \/><span style=\"text-decoration: underline; color: #000080;\">\u00c9quipe 02: \u00c9tude des conditions de travail et leurs effets sur la sant\u00e9<\/span><\/strong><\/span><\/a><\/p>\n<p><span style=\"color: #800000;\"><span style=\"color: #000000;\"><strong>Chef d\u2019\u00e9quipe:<\/strong><\/span> <span style=\"color: #3450d8;\"><strong>Dr KHELFANE Rachid<\/strong><\/span><\/span><\/p>\n<p><strong><span style=\"color: #000000;\">Mail: <span style=\"color: #3450d8;\">rachidkh67@yahoo.fr<\/span><\/span><\/strong><\/p>\n<p>&#8212;&#8212;&#8212;&#8212;&#8212;&#8212;&#8212;&#8212;&#8212;&#8212;&#8212;&#8212;&#8212;&#8212;&#8212;&#8212;&#8212;&#8212;&#8212;&#8212;&#8212;&#8212;&#8212;&#8212;&#8212;&#8212;&#8212;&#8212;&#8212;&#8212;&#8212;&#8212;&#8212;&#8212;&#8212;&#8212;&#8212;&#8212;&#8212;&#8212;&#8212;&#8212;&#8212;&#8212;&#8212;&#8212;&#8212;&#8212;&#8212;&#8212;&#8212;&#8212;&#8212;&#8212;&#8212;&#8212;&#8212;&#8212;&#8212;-<\/p>\n<p><a href=\"http:\/\/labs.ummto.dz\/set\/?page_id=143\"><span style=\"color: #000080;\"><strong><img loading=\"lazy\" class=\"wp-image-332 alignleft\" src=\"http:\/\/labs.ummto.dz\/set\/wp-content\/uploads\/2017\/03\/17619790_396047834085459_1014631181_n.jpg\" alt=\"\" width=\"118\" height=\"118\" srcset=\"http:\/\/labs.ummto.dz\/set\/wp-content\/uploads\/2017\/03\/17619790_396047834085459_1014631181_n.jpg 204w, http:\/\/labs.ummto.dz\/set\/wp-content\/uploads\/2017\/03\/17619790_396047834085459_1014631181_n-150x150.jpg 150w, http:\/\/labs.ummto.dz\/set\/wp-content\/uploads\/2017\/03\/17619790_396047834085459_1014631181_n-160x160.jpg 160w, http:\/\/labs.ummto.dz\/set\/wp-content\/uploads\/2017\/03\/17619790_396047834085459_1014631181_n-320x320.jpg 320w, http:\/\/labs.ummto.dz\/set\/wp-content\/uploads\/2017\/03\/17619790_396047834085459_1014631181_n-45x45.jpg 45w\" sizes=\"(max-width: 118px) 100vw, 118px\" \/><span style=\"text-decoration: underline; color: #000080;\">\u00c9quipe 03: Les \u00e9volutions de la famille alg\u00e9rienne<\/span><\/strong><\/span><\/a><\/p>\n<p><strong><span style=\"color: #000000;\">Chef d\u2019\u00e9quipe:\u00a0<span style=\"color: #3450d8;\">Dr CHAFAI Said<\/span><\/span><\/strong><\/p>\n<p><strong><span style=\"color: #000000;\">Mail: <span style=\"color: #3450d8;\">chafaisaid@yahoo.fr<\/span><\/span><\/strong><\/p>\n<p>&#8212;&#8212;&#8212;&#8212;&#8212;&#8212;&#8212;&#8212;&#8212;&#8212;&#8212;&#8212;&#8212;&#8212;&#8212;&#8212;&#8212;&#8212;&#8212;&#8212;&#8212;&#8212;&#8212;&#8212;&#8212;&#8212;&#8212;&#8212;&#8212;&#8212;&#8212;&#8212;&#8212;&#8212;&#8212;&#8212;&#8212;&#8212;&#8212;&#8212;&#8212;&#8212;&#8212;&#8212;&#8212;&#8212;&#8212;&#8212;&#8212;&#8212;&#8212;&#8212;&#8212;&#8212;&#8212;&#8212;&#8212;&#8212;&#8212;-<\/p>\n<p><a href=\"http:\/\/labs.ummto.dz\/set\/?page_id=141\"><strong><span style=\"color: #000080;\"><img loading=\"lazy\" class=\"wp-image-332 alignleft\" src=\"http:\/\/labs.ummto.dz\/set\/wp-content\/uploads\/2017\/03\/17619790_396047834085459_1014631181_n.jpg\" alt=\"\" width=\"121\" height=\"121\" srcset=\"http:\/\/labs.ummto.dz\/set\/wp-content\/uploads\/2017\/03\/17619790_396047834085459_1014631181_n.jpg 204w, http:\/\/labs.ummto.dz\/set\/wp-content\/uploads\/2017\/03\/17619790_396047834085459_1014631181_n-150x150.jpg 150w, http:\/\/labs.ummto.dz\/set\/wp-content\/uploads\/2017\/03\/17619790_396047834085459_1014631181_n-160x160.jpg 160w, http:\/\/labs.ummto.dz\/set\/wp-content\/uploads\/2017\/03\/17619790_396047834085459_1014631181_n-320x320.jpg 320w, http:\/\/labs.ummto.dz\/set\/wp-content\/uploads\/2017\/03\/17619790_396047834085459_1014631181_n-45x45.jpg 45w\" sizes=\"(max-width: 121px) 100vw, 121px\" \/><span style=\"text-decoration: underline;\">\u00c9quipe 04: Secteur Public et Secteur Priv\u00e9 Repr\u00e9sentations, identification et choix du secteur d\u2019activit\u00e9 chez les travailleurs<\/span><\/span><\/strong><\/a><\/p>\n<p><strong><span style=\"color: #000000;\">Chef d&rsquo;\u00e9quipe:<\/span> <span style=\"color: #3450d8;\">Dr CHAOUCHE Hamid <\/span><\/strong><\/p>\n<p><strong><span style=\"color: #000000;\">Mail: <span style=\"color: #3450d8;\">hamid_chaouche@laposte.net<\/span><br \/>\n<\/span><\/strong><\/p>\n<p>&#8212;&#8212;&#8212;&#8212;&#8212;&#8212;&#8212;&#8212;&#8212;&#8212;&#8212;&#8212;&#8212;&#8212;&#8212;&#8212;&#8212;&#8212;&#8212;&#8212;&#8212;&#8212;&#8212;&#8212;&#8212;&#8212;&#8212;&#8212;&#8212;&#8212;&#8212;&#8212;&#8212;&#8212;&#8212;&#8212;&#8212;&#8212;&#8212;&#8212;&#8212;&#8212;&#8212;&#8212;&#8212;&#8212;&#8212;&#8212;&#8212;-<\/p>\n","protected":false},"excerpt":{"rendered":"<p>\u00c9quipe 01: Les rythmes scolaires dans le syst\u00e8me \u00e9ducatif alg\u00e9rien Chef d\u2019\u00e9quipe: \u00a0Pr. MAROUF\u00a0Louisa Mail:\u00a0louisamarouf@yahoo.fr &#8212;&#8212;&#8212;&#8212;&#8212;&#8212;&#8212;&#8212;&#8212;&#8212;&#8212;&#8212;&#8212;&#8212;&#8212;&#8212;&#8212;&#8212;&#8212;&#8212;&#8212;&#8212;&#8212;&#8212;&#8212;&#8212;&#8212;&#8212;&#8212;&#8212;&#8212;&#8212;&#8212;&#8212;&#8212;&#8212;&#8212;&#8212;&#8212;&#8212;&#8212;&#8212;&#8212;&#8212;&#8212;&#8212;&#8212;&#8212;&#8212;&#8212;&#8212;&#8212;&#8212;&#8212;&#8212;&#8212;&#8212;&#8212;&#8212;- \u00c9quipe 02: \u00c9tude des conditions de travail et leurs effets sur la sant\u00e9 Chef d\u2019\u00e9quipe: Dr KHELFANE Rachid&#46;&#46;&#46;<\/p>\n","protected":false},"author":1,"featured_media":0,"parent":0,"menu_order":0,"comment_status":"closed","ping_status":"closed","template":"","meta":[],"_links":{"self":[{"href":"http:\/\/labs.ummto.dz\/set\/wp-json\/wp\/v2\/pages\/153"}],"collection":[{"href":"http:\/\/labs.ummto.dz\/set\/wp-json\/wp\/v2\/pages"}],"about":[{"href":"http:\/\/labs.ummto.dz\/set\/wp-json\/wp\/v2\/types\/page"}],"author":[{"embeddable":true,"href":"http:\/\/labs.ummto.dz\/set\/wp-json\/wp\/v2\/users\/1"}],"replies":[{"embeddable":true,"href":"http:\/\/labs.ummto.dz\/set\/wp-json\/wp\/v2\/comments?post=153"}],"version-history":[{"count":35,"href":"http:\/\/labs.ummto.dz\/set\/wp-json\/wp\/v2\/pages\/153\/revisions"}],"predecessor-version":[{"id":786,"href":"http:\/\/labs.ummto.dz\/set\/wp-json\/wp\/v2\/pages\/153\/revisions\/786"}],"wp:attachment":[{"href":"http:\/\/labs.ummto.dz\/set\/wp-json\/wp\/v2\/media?parent=153"}],"curies":[{"name":"wp","href":"https:\/\/api.w.org\/{rel}","templated":true}]}}