
{"id":177,"date":"2017-03-22T11:21:08","date_gmt":"2017-03-22T10:21:08","guid":{"rendered":"http:\/\/localhost\/set\/?page_id=177"},"modified":"2017-05-24T16:11:32","modified_gmt":"2017-05-24T14:11:32","slug":"seminaires-2","status":"publish","type":"page","link":"http:\/\/labs.ummto.dz\/set\/seminaires-2\/","title":{"rendered":"S\u00e9minaires"},"content":{"rendered":"<p><strong><span style=\"color: #000000;\"><img loading=\"lazy\" class=\"alignnone size-medium wp-image-738 alignright\" src=\"http:\/\/set.ummto.dz\/wp-content\/uploads\/2017\/03\/Audience1-300x200.jpg\" alt=\"\" width=\"300\" height=\"200\" srcset=\"http:\/\/labs.ummto.dz\/set\/wp-content\/uploads\/2017\/03\/Audience1-300x200.jpg 300w, http:\/\/labs.ummto.dz\/set\/wp-content\/uploads\/2017\/03\/Audience1-768x511.jpg 768w, http:\/\/labs.ummto.dz\/set\/wp-content\/uploads\/2017\/03\/Audience1-1024x682.jpg 1024w, http:\/\/labs.ummto.dz\/set\/wp-content\/uploads\/2017\/03\/Audience1.jpg 1200w\" sizes=\"(max-width: 300px) 100vw, 300px\" \/>Ann\u00e9e:<\/span><\/strong><\/p>\n<p><strong><span style=\"color: #000000;\">Th\u00e8me:<\/span><\/strong><\/p>\n<p><strong><span style=\"color: #000000;\">Partenaire:<\/span><\/strong><\/p>\n<p><strong><span style=\"color: #000000;\">Probl\u00e9matique:<\/span><\/strong><\/p>\n<p><strong><span style=\"color: #000000;\">Axes:<\/span><\/strong><\/p>\n<p><strong><span style=\"color: #000000;\">Comit\u00e9 scientifique:<\/span><\/strong><\/p>\n<p><strong><span style=\"color: #000000;\">Communication:<\/span><\/strong><\/p>\n<p><strong><span style=\"color: #000000;\">Intitul\u00e9:<\/span><\/strong><\/p>\n","protected":false},"excerpt":{"rendered":"<p>Ann\u00e9e: Th\u00e8me: Partenaire: Probl\u00e9matique: Axes: Comit\u00e9 scientifique: Communication: Intitul\u00e9:<\/p>\n","protected":false},"author":1,"featured_media":0,"parent":0,"menu_order":0,"comment_status":"closed","ping_status":"closed","template":"","meta":[],"_links":{"self":[{"href":"http:\/\/labs.ummto.dz\/set\/wp-json\/wp\/v2\/pages\/177"}],"collection":[{"href":"http:\/\/labs.ummto.dz\/set\/wp-json\/wp\/v2\/pages"}],"about":[{"href":"http:\/\/labs.ummto.dz\/set\/wp-json\/wp\/v2\/types\/page"}],"author":[{"embeddable":true,"href":"http:\/\/labs.ummto.dz\/set\/wp-json\/wp\/v2\/users\/1"}],"replies":[{"embeddable":true,"href":"http:\/\/labs.ummto.dz\/set\/wp-json\/wp\/v2\/comments?post=177"}],"version-history":[{"count":3,"href":"http:\/\/labs.ummto.dz\/set\/wp-json\/wp\/v2\/pages\/177\/revisions"}],"predecessor-version":[{"id":741,"href":"http:\/\/labs.ummto.dz\/set\/wp-json\/wp\/v2\/pages\/177\/revisions\/741"}],"wp:attachment":[{"href":"http:\/\/labs.ummto.dz\/set\/wp-json\/wp\/v2\/media?parent=177"}],"curies":[{"name":"wp","href":"https:\/\/api.w.org\/{rel}","templated":true}]}}