
{"id":209,"date":"2017-03-22T13:55:34","date_gmt":"2017-03-22T12:55:34","guid":{"rendered":"http:\/\/localhost\/set\/?page_id=209"},"modified":"2017-10-04T14:09:37","modified_gmt":"2017-10-04T12:09:37","slug":"fiche-descriptive-du-laboratoire-set","status":"publish","type":"page","link":"http:\/\/labs.ummto.dz\/set\/","title":{"rendered":""},"content":{"rendered":"<ul>\n<li><span style=\"color: #000000;\">\u00a0 <strong>\u00c9tablissement de tutelle:<\/strong> Universit\u00e9 Mouloud MAMMERI de Tizi-Ouzou \u00ab\u00a0UMMTO\u00a0\u00bb<img loading=\"lazy\" class=\"alignnone wp-image-646 alignright\" src=\"http:\/\/labs.ummto.dz\/set\/wp-content\/uploads\/2017\/03\/logo-300x292.jpg\" alt=\"\" width=\"207\" height=\"201\" srcset=\"http:\/\/labs.ummto.dz\/set\/wp-content\/uploads\/2017\/03\/logo-300x292.jpg 300w, http:\/\/labs.ummto.dz\/set\/wp-content\/uploads\/2017\/03\/logo-45x45.jpg 45w, http:\/\/labs.ummto.dz\/set\/wp-content\/uploads\/2017\/03\/logo.jpg 640w\" sizes=\"(max-width: 207px) 100vw, 207px\" \/><\/span><\/li>\n<li><span style=\"color: #000000;\">\u00a0<strong> Directeur: <\/strong>Pr MAROUF Louisa<\/span><\/li>\n<li><span style=\"color: #000000;\">\u00a0 <strong>Th\u00e9matiques: <span style=\"color: #0000ff;\">S<\/span><\/strong>oci\u00e9t\u00e9 &#8211;<span style=\"color: #0000ff;\"><strong> \u00c9<\/strong><\/span>ducation &#8211; <span style=\"color: #0000ff;\"><strong>T<\/strong><\/span>ravail<\/span><\/li>\n<li><span style=\"color: #000000;\">\u00a0<strong> Adresse:<\/strong> Facult\u00e9 des Sciences Humaines et Sociales Campus TAMDA,Universit\u00e9 Mouloud MAMMERi B.P.17 RP, 15000 Tizi-Ouzou (ALGERIE).<\/span><\/li>\n<li><span style=\"color: #000000;\">\u00a0 <strong>Courriel: <\/strong>laboratoireset@ummto.dz<\/span><\/li>\n<li><span style=\"color: #000000;\">\u00a0 <strong>Site web: <span style=\"color: #0000ff;\"><a style=\"color: #0000ff;\" href=\"http:\/\/labs.ummto.dz\/set\/\">http:\/\/labs.ummto.dz\/set\/<\/a><\/span><\/strong> <\/span><\/li>\n<\/ul>\n<p>&nbsp;<\/p>\n<div class=\"wrapper01\">\n<p><!-- IMG 01 --><\/p>\n<div class=\"cadre_1\">\n<div class=\"titre\">EQUIPE 01<\/div>\n<div class=\"img_header\"><img src=\"wp-content\/uploads\/2017\/03\/17965293_407553426268233_59847150_n-2.png\" \/><\/div>\n<div class=\"texte\"><strong><span style=\"color: #0000ff;\"><a style=\"color: #0000ff;\" href=\"http:\/\/labs.ummto.dz\/set\/?page_id=147\">Les rythmes scolaires dans le syst\u00e8me \u00e9ducatif alg\u00e9rien<\/a><\/span><\/strong><\/div>\n<\/div>\n<p><!-- End: IMG 01 --><\/p>\n<p><!-- IMG 02 --><\/p>\n<div class=\"cadre_1\">\n<div class=\"titre\">EQUIPE 02<\/div>\n<div class=\"img_header\"><img src=\"wp-content\/uploads\/2017\/03\/18009794_407553409601568_1464600204_n-3.png\" \/><\/div>\n<div class=\"texte\"><strong><span style=\"color: #0000ff;\"><a style=\"color: #0000ff;\" href=\"http:\/\/labs.ummto.dz\/set\/?page_id=145\">\u00c9tude des conditions de travail et leurs effets sur la sant\u00e9<\/a><\/span><\/strong><\/div>\n<\/div>\n<p><!-- End: IMG 02 --><\/p>\n<p><!-- IMG 03 --><\/p>\n<div class=\"cadre_1\">\n<div class=\"titre\">EQUIPE 03<\/div>\n<div class=\"img_header\"><img src=\"wp-content\/uploads\/2017\/03\/17965175_407553412934901_1260875055_n.png\" \/><\/div>\n<div class=\"texte\"><strong><span style=\"color: #0000ff;\"><a style=\"color: #0000ff;\" href=\"http:\/\/labs.ummto.dz\/set\/?page_id=143\">Les \u00e9volutions de la famille alg\u00e9rienne<\/a><\/span><\/strong><\/div>\n<\/div>\n<p><!-- End: IMG 03 --><\/p>\n<p><!-- IMG 03 --><\/p>\n<div class=\"cadre_1\">\n<div class=\"titre\">EQUIPE 04<\/div>\n<div class=\"img_header\"><img src=\"wp-content\/uploads\/2017\/03\/17974941_407553416268234_1617654482_n.png\" \/><\/div>\n<div class=\"texte\"><strong><span style=\"color: #0000ff;\"><a style=\"color: #0000ff;\" href=\"http:\/\/labs.ummto.dz\/set\/?page_id=141\">Secteur Public et Secteur Priv\u00e9 Repr\u00e9sentations, identification et choix du secteur d\u2019activit\u00e9 chez les travailleurs<\/a><\/span><\/strong><\/div>\n<\/div>\n<p><!-- End: IMG 02 --><\/p>\n<\/div>\n<p>&nbsp;<\/p>\n<p>&nbsp;<\/p>\n","protected":false},"excerpt":{"rendered":"<p>\u00a0 \u00c9tablissement de tutelle: Universit\u00e9 Mouloud MAMMERI de Tizi-Ouzou \u00ab\u00a0UMMTO\u00a0\u00bb \u00a0 Directeur: Pr MAROUF Louisa \u00a0 Th\u00e9matiques: Soci\u00e9t\u00e9 &#8211; \u00c9ducation &#8211; Travail \u00a0 Adresse: Facult\u00e9 des Sciences Humaines et Sociales Campus TAMDA,Universit\u00e9 Mouloud MAMMERi&#46;&#46;&#46;<\/p>\n","protected":false},"author":1,"featured_media":0,"parent":0,"menu_order":0,"comment_status":"closed","ping_status":"closed","template":"","meta":[],"_links":{"self":[{"href":"http:\/\/labs.ummto.dz\/set\/wp-json\/wp\/v2\/pages\/209"}],"collection":[{"href":"http:\/\/labs.ummto.dz\/set\/wp-json\/wp\/v2\/pages"}],"about":[{"href":"http:\/\/labs.ummto.dz\/set\/wp-json\/wp\/v2\/types\/page"}],"author":[{"embeddable":true,"href":"http:\/\/labs.ummto.dz\/set\/wp-json\/wp\/v2\/users\/1"}],"replies":[{"embeddable":true,"href":"http:\/\/labs.ummto.dz\/set\/wp-json\/wp\/v2\/comments?post=209"}],"version-history":[{"count":105,"href":"http:\/\/labs.ummto.dz\/set\/wp-json\/wp\/v2\/pages\/209\/revisions"}],"predecessor-version":[{"id":356,"href":"http:\/\/labs.ummto.dz\/set\/wp-json\/wp\/v2\/pages\/209\/revisions\/356"}],"wp:attachment":[{"href":"http:\/\/labs.ummto.dz\/set\/wp-json\/wp\/v2\/media?parent=209"}],"curies":[{"name":"wp","href":"https:\/\/api.w.org\/{rel}","templated":true}]}}