
{"id":38,"date":"2017-02-15T11:14:33","date_gmt":"2017-02-15T10:14:33","guid":{"rendered":"http:\/\/localhost\/set\/?page_id=38"},"modified":"2017-05-28T12:08:40","modified_gmt":"2017-05-28T10:08:40","slug":"projets-de-recherche","status":"publish","type":"page","link":"http:\/\/labs.ummto.dz\/set\/projets-de-recherche\/","title":{"rendered":"Nos Projets"},"content":{"rendered":"<div class=\"padd-post-item-entry\">\n<div class=\"texte\">\n<p><strong>1.<\/strong><span style=\"color: #000000;\"> Fluctuation journali\u00e8res et hebdomadaires des performances des \u00e9l\u00e8ves et am\u00e9nagement du temps scolaire \u00e0 l\u2019\u00e9cole fondamentale, Rapports de recherche, Programme National de Recherche en Education (PNR3) au profit du minist\u00e8re de l\u2019enseignement sup\u00e9rieur et de la recherche scientifique, Code du Projet\u00a0: 09\/15\/24\/99 pilot\u00e9 par l\u2019Institut National de Recherche en Education, 2001-2004.<img loading=\"lazy\" class=\"alignnone size-medium wp-image-39 alignright\" src=\"http:\/\/localhost\/set\/wp-content\/uploads\/2017\/02\/cerveaupirate-300x175.jpg\" alt=\"\" width=\"300\" height=\"175\" srcset=\"http:\/\/labs.ummto.dz\/set\/wp-content\/uploads\/2017\/02\/cerveaupirate-300x175.jpg 300w, http:\/\/labs.ummto.dz\/set\/wp-content\/uploads\/2017\/02\/cerveaupirate.jpg 640w\" sizes=\"(max-width: 300px) 100vw, 300px\" \/><\/span><\/p>\n<p><span style=\"color: #000000;\"><strong>2.<\/strong> Les rythmes scolaires \u00e0 l\u2019\u00e9cole Alg\u00e9rienne, Rapports de recherche,(CNEPRU n\u00b0R1501 \/50\/05), Universit\u00e9 Mouloud Mammeri de Tizi-Ouzou, Minist\u00e8re alg\u00e9rien de l\u2019enseignement sup\u00e9rieur et de la recherche scientifique, 2006-2009.<\/span><\/p>\n<p><span style=\"color: #000000;\"><strong>3.<\/strong> Impact des nouvelles mesures concernant l\u2019utilisation du temps scolaire sur les performances scolaires des \u00e9l\u00e8ves dans le cycle primaire, Projet Institut National de Recherche en Education, 2009.<\/span><\/p>\n<p><span style=\"color: #000000;\"><strong>4.<\/strong> Etudes chrono-psychologiques \u00e0 l\u2019\u00e9cole alg\u00e9rienne\u00a0: Attention, Comportement en classe, Sommeil, et activit\u00e9s extrascolaires\u00a0\u00bb (CNEPRU N\u00b0\u00a0R00520080024) Universit\u00e9 Mouloud Mammeri MESRS 2009-2012.<\/span><\/p>\n<p><span style=\"color: #000000;\"><strong>5.<\/strong> Evaluation des rythmes scolaires dans le cycle moyen, (CNEPRU N\u00b0\u00a0R00520110027), Universit\u00e9 Mouloud Mammeri de Tizi-Ouzou, Minist\u00e8re alg\u00e9rien de l\u2019enseignement sup\u00e9rieur et de la recherche scientifique, 2012-2014.<\/span><\/p>\n<p><span style=\"color: #000000;\"><strong>6.<\/strong> Etude des rythmes scolaires en Alg\u00e9rie, Programme National de Recherche en Education (PNR20) au profit du minist\u00e8re de l\u2019enseignement sup\u00e9rieur et de la recherche scientifique, n\u00b075\/ 20 pilot\u00e9 par le Minist\u00e8re alg\u00e9rien de l\u2019enseignement sup\u00e9rieur et de la recherche scientifique, domicili\u00e9 au Centre National de Recherche en Anthropologie Sociale et Culturelle, 2011-2013.<\/span><\/p>\n<p><span style=\"color: #000000;\"><strong>7.<\/strong> Etude Chronopsychologique dans le syst\u00e8me \u00e9ducatif alg\u00e9rien, (CNEPRU N\u00b0\u00a0R00520140019), Universit\u00e9 Mouloud Mammeri de Tizi-Ouzou, Minist\u00e8re alg\u00e9rien de l\u2019enseignement sup\u00e9rieur et de la recherche scientifique, 2015-2018.<\/span><\/p>\n<p><span style=\"color: #000000;\"><strong>8.<\/strong> Etude des conditions de travail et leur impact sur la sant\u00e9, (CNEPRU N\u00b0\u00a0R00520130049), Universit\u00e9 Mouloud Mammeri de Tizi-Ouzou, Minist\u00e8re alg\u00e9rien de l\u2019enseignement sup\u00e9rieur et de la recherche scientifique, 2014-2017.<\/span><\/p>\n<\/div>\n<\/div>\n","protected":false},"excerpt":{"rendered":"<p>1. Fluctuation journali\u00e8res et hebdomadaires des performances des \u00e9l\u00e8ves et am\u00e9nagement du temps scolaire \u00e0 l\u2019\u00e9cole fondamentale, Rapports de recherche, Programme National de Recherche en Education (PNR3) au profit du minist\u00e8re de l\u2019enseignement sup\u00e9rieur&#46;&#46;&#46;<\/p>\n","protected":false},"author":1,"featured_media":0,"parent":0,"menu_order":0,"comment_status":"closed","ping_status":"closed","template":"","meta":[],"_links":{"self":[{"href":"http:\/\/labs.ummto.dz\/set\/wp-json\/wp\/v2\/pages\/38"}],"collection":[{"href":"http:\/\/labs.ummto.dz\/set\/wp-json\/wp\/v2\/pages"}],"about":[{"href":"http:\/\/labs.ummto.dz\/set\/wp-json\/wp\/v2\/types\/page"}],"author":[{"embeddable":true,"href":"http:\/\/labs.ummto.dz\/set\/wp-json\/wp\/v2\/users\/1"}],"replies":[{"embeddable":true,"href":"http:\/\/labs.ummto.dz\/set\/wp-json\/wp\/v2\/comments?post=38"}],"version-history":[{"count":2,"href":"http:\/\/labs.ummto.dz\/set\/wp-json\/wp\/v2\/pages\/38\/revisions"}],"predecessor-version":[{"id":744,"href":"http:\/\/labs.ummto.dz\/set\/wp-json\/wp\/v2\/pages\/38\/revisions\/744"}],"wp:attachment":[{"href":"http:\/\/labs.ummto.dz\/set\/wp-json\/wp\/v2\/media?parent=38"}],"curies":[{"name":"wp","href":"https:\/\/api.w.org\/{rel}","templated":true}]}}