
{"id":54,"date":"2017-02-15T11:32:54","date_gmt":"2017-02-15T10:32:54","guid":{"rendered":"http:\/\/localhost\/set\/?page_id=54"},"modified":"2017-07-19T15:46:11","modified_gmt":"2017-07-19T13:46:11","slug":"conventions","status":"publish","type":"page","link":"http:\/\/labs.ummto.dz\/set\/conventions\/","title":{"rendered":"Conventions"},"content":{"rendered":"<p><strong><span style=\"color: #000080;\"><span style=\"text-decoration: underline;\">Conventions nationales et internationales<\/span><\/span><\/strong><b><span style=\"color: #000080;\"><img loading=\"lazy\" class=\"wp-image-735 size-full alignright\" src=\"http:\/\/labs.ummto.dz\/set\/wp-content\/uploads\/2017\/02\/convention1.png\" alt=\"\" width=\"232\" height=\"223\" \/><\/span><\/b><\/p>\n<p><strong>1.<\/strong> Accord cadre Universit\u00e9 Mouloud Mammeri Tizi-Ouzou &amp; Universit\u00e9 Fran\u00e7ois Rabelais de Tours France, 2006 Responsables Pr Fran\u00e7ois TESTU &amp; Pr Louisa MAROUF<\/p>\n<div class=\"padd-post-item-entry\">\n<div class=\"texte\">\n<p><span style=\"color: #000000;\"><strong>2.<\/strong> Convention Formation \u2013Recherche Universit\u00e9 Mouloud Mammeri Tizi-Ouzou &amp; universit\u00e9 Fran\u00e7ois Rabelais de Tours France 2008 responsable de la convention Pr Fran\u00e7ois TESTU &amp; Pr Louisa MAROUF, 2008<\/span><\/p>\n<p><span style=\"color: #000000;\"><strong>3.<\/strong> Convention Recherche Laboratoire des \u00e2ges de la vie PAV et le laboratoire Soci\u00e9t\u00e9-Education-Travail SET, Responsables de la convention Pr Roger FONTAINE, Dr CLARISSE Ren\u00e9, Dr LEFLOC\u2019H Nadine, Pr Louisa MAROUF, Dr KHELFANE Rachid, 2014.<\/span><\/p>\n<p><span style=\"color: #000000;\"><strong>4.<\/strong> Convention Institut Nationale de Recherche en Education, minist\u00e8re de l\u2019\u00e9ducation Nationale, et le laboratoire SET soutien \u00e0 la formation Doctorale LMD Sciences de l\u2019\u00e9ducation.<\/span><\/p>\n<p><span style=\"color: #000000;\"><strong>5.<\/strong> Membre Fondateur de l\u2019Observatoire international des Rythmes et des Temps de vie des Enfants et des Jeunes ORTEJ pr\u00e9sid\u00e9 par le Pr TESTU Fran\u00e7ois depuis 2014.<\/span><\/p>\n<\/div>\n<\/div>\n<p>&nbsp;<\/p>\n","protected":false},"excerpt":{"rendered":"<p>Conventions nationales et internationales 1. Accord cadre Universit\u00e9 Mouloud Mammeri Tizi-Ouzou &amp; Universit\u00e9 Fran\u00e7ois Rabelais de Tours France, 2006 Responsables Pr Fran\u00e7ois TESTU &amp; Pr Louisa MAROUF 2. Convention Formation \u2013Recherche Universit\u00e9 Mouloud Mammeri&#46;&#46;&#46;<\/p>\n","protected":false},"author":1,"featured_media":0,"parent":0,"menu_order":0,"comment_status":"closed","ping_status":"closed","template":"","meta":[],"_links":{"self":[{"href":"http:\/\/labs.ummto.dz\/set\/wp-json\/wp\/v2\/pages\/54"}],"collection":[{"href":"http:\/\/labs.ummto.dz\/set\/wp-json\/wp\/v2\/pages"}],"about":[{"href":"http:\/\/labs.ummto.dz\/set\/wp-json\/wp\/v2\/types\/page"}],"author":[{"embeddable":true,"href":"http:\/\/labs.ummto.dz\/set\/wp-json\/wp\/v2\/users\/1"}],"replies":[{"embeddable":true,"href":"http:\/\/labs.ummto.dz\/set\/wp-json\/wp\/v2\/comments?post=54"}],"version-history":[{"count":15,"href":"http:\/\/labs.ummto.dz\/set\/wp-json\/wp\/v2\/pages\/54\/revisions"}],"predecessor-version":[{"id":788,"href":"http:\/\/labs.ummto.dz\/set\/wp-json\/wp\/v2\/pages\/54\/revisions\/788"}],"wp:attachment":[{"href":"http:\/\/labs.ummto.dz\/set\/wp-json\/wp\/v2\/media?parent=54"}],"curies":[{"name":"wp","href":"https:\/\/api.w.org\/{rel}","templated":true}]}}