
{"id":7,"date":"2017-02-14T13:01:24","date_gmt":"2017-02-14T12:01:24","guid":{"rendered":"http:\/\/localhost\/set\/?page_id=7"},"modified":"2017-05-11T15:01:16","modified_gmt":"2017-05-11T13:01:16","slug":"objectifs","status":"publish","type":"page","link":"http:\/\/labs.ummto.dz\/set\/objectifs\/","title":{"rendered":"Nos Objectifs"},"content":{"rendered":"<p><b><img loading=\"lazy\" class=\"alignright wp-image-32 \" src=\"http:\/\/set.ummto.dz\/wp-content\/uploads\/2017\/02\/objectif-650x380-300x175.jpg\" alt=\"\" width=\"278\" height=\"162\" srcset=\"http:\/\/labs.ummto.dz\/set\/wp-content\/uploads\/2017\/02\/objectif-650x380-300x175.jpg 300w, http:\/\/labs.ummto.dz\/set\/wp-content\/uploads\/2017\/02\/objectif-650x380.jpg 650w\" sizes=\"(max-width: 278px) 100vw, 278px\" \/><\/b><\/p>\n<p style=\"text-align: left;\"><strong><span style=\"text-decoration: underline; color: #000080;\">Objectifs de recherche scientifique et de d\u00e9veloppement technologique<\/span><\/strong><\/p>\n<p style=\"text-align: left;\"><span style=\"color: #000000;\">\u00a0 \u00a0 \u00a0 \u00a0 \u00a0 \u00a0 \u00a0Le laboratoire Soci\u00e9t\u00e9-Education-Travail SET s\u2019articule autour des th\u00e9matiques li\u00e9es \u00e0 la soci\u00e9t\u00e9, l\u2019\u00e9ducation et le travail. Il englobe la recherche dans le domaine des sciences humaines et sociales en s\u2019int\u00e9ressant pr\u00e9cis\u00e9ment aux probl\u00e9matiques de la sant\u00e9 au travail et des rythmes scolaires en s\u2019appuyant sur le d\u00e9veloppement et le changement de la soci\u00e9t\u00e9 alg\u00e9rienne. Dans le domaine de la formation, le laboratoire SET offre \u00e0 l\u2019universit\u00e9 Mouloud Mammeri une opportunit\u00e9 tant sur le plan de la recherche scientifique que sur le plan de la formation doctorale dans la mesure o\u00f9 elle ne dispose pas de laboratoire dans la discipline. Dans le m\u00eame sens, Il constitue un soutien aux diverses formations propos\u00e9es en licence, master et doctorat au sein de la Facult\u00e9 des Sciences Humaines et Sociales. Sur le plan de la coop\u00e9ration internationale, le laboratoire de par ses \u00e9quipes pluridisciplinaires assure la continuit\u00e9 des conventions sign\u00e9es entre l\u2019universit\u00e9 Mouloud Mammeri et d\u2019autres universit\u00e9s \u00e9trang\u00e8res dans le domaine des sciences humaines et sociales et ouvre des perspectives nouvelles en mati\u00e8re de collaboration scientifique. Le laboratoire SET ambitionne de faire de la recherche scientifique dans le domaine des Sciences Humaines et Sociales et d\u2019accompagner la formation au sein de l\u2019universit\u00e9 Mouloud Mammeri de Tizi-Ouzou cela permettra de participer au rayonnement de l\u2019universit\u00e9 alg\u00e9rienne.<\/span><\/p>\n","protected":false},"excerpt":{"rendered":"<p>Objectifs de recherche scientifique et de d\u00e9veloppement technologique \u00a0 \u00a0 \u00a0 \u00a0 \u00a0 \u00a0 \u00a0Le laboratoire Soci\u00e9t\u00e9-Education-Travail SET s\u2019articule autour des th\u00e9matiques li\u00e9es \u00e0 la soci\u00e9t\u00e9, l\u2019\u00e9ducation et le travail. Il englobe la recherche&#46;&#46;&#46;<\/p>\n","protected":false},"author":1,"featured_media":0,"parent":0,"menu_order":0,"comment_status":"closed","ping_status":"closed","template":"","meta":[],"_links":{"self":[{"href":"http:\/\/labs.ummto.dz\/set\/wp-json\/wp\/v2\/pages\/7"}],"collection":[{"href":"http:\/\/labs.ummto.dz\/set\/wp-json\/wp\/v2\/pages"}],"about":[{"href":"http:\/\/labs.ummto.dz\/set\/wp-json\/wp\/v2\/types\/page"}],"author":[{"embeddable":true,"href":"http:\/\/labs.ummto.dz\/set\/wp-json\/wp\/v2\/users\/1"}],"replies":[{"embeddable":true,"href":"http:\/\/labs.ummto.dz\/set\/wp-json\/wp\/v2\/comments?post=7"}],"version-history":[{"count":19,"href":"http:\/\/labs.ummto.dz\/set\/wp-json\/wp\/v2\/pages\/7\/revisions"}],"predecessor-version":[{"id":724,"href":"http:\/\/labs.ummto.dz\/set\/wp-json\/wp\/v2\/pages\/7\/revisions\/724"}],"wp:attachment":[{"href":"http:\/\/labs.ummto.dz\/set\/wp-json\/wp\/v2\/media?parent=7"}],"curies":[{"name":"wp","href":"https:\/\/api.w.org\/{rel}","templated":true}]}}