
{"id":91,"date":"2017-02-15T13:27:50","date_gmt":"2017-02-15T12:27:50","guid":{"rendered":"http:\/\/localhost\/set\/?page_id=91"},"modified":"2017-06-28T15:58:10","modified_gmt":"2017-06-28T13:58:10","slug":"sites-utiles","status":"publish","type":"page","link":"http:\/\/labs.ummto.dz\/set\/sites-utiles\/","title":{"rendered":"Sites Utiles"},"content":{"rendered":"<div id=\"footer-content-wrapper\">\n<div class=\"padd-box padd-box-small padd-footer-pages\">\n<p><img loading=\"lazy\" class=\"alignnone wp-image-437 size-full\" src=\"http:\/\/labs.ummto.dz\/set\/wp-content\/uploads\/2017\/02\/18035551_408045056219070_1339468279_n.png\" alt=\"\" width=\"106\" height=\"96\" \/><span style=\"color: #000080;\">\u00a0\u00a0 \u00a0\u00a0 \u00a0 <span style=\"color: #333399;\"><strong><a style=\"color: #333399;\" title=\"Minist\u00e8re de l'Enseignement Sup\u00e9rieur et de la Recherche Scientifique\" href=\"https:\/\/www.mesrs.dz\/\" target=\"_blank\" rel=\"noopener noreferrer\">Minist\u00e8re de l\u2019Enseignement Sup\u00e9rieur et de la Recherche Scientifique<\/a><\/strong><\/span><\/span><\/p>\n<p style=\"text-align: center;\"><span style=\"color: #000080;\"><strong>&#8212;&#8212;&#8212;&#8212;&#8212;&#8212;&#8212;&#8212;&#8212;&#8212;&#8212;&#8212;&#8212;&#8212;&#8212;&#8212;&#8212;&#8212;&#8212;&#8212;&#8212;&#8212;&#8212;&#8212;&#8212;&#8212;&#8212;&#8212;&#8212;&#8212;&#8212;&#8212;&#8212;&#8212;&#8212;&#8212;&#8212;&#8212;&#8212;&#8212;&#8212;&#8212;&#8212;&#8212;&#8212;&#8212;&#8212;&#8212;&#8212;&#8212;&#8212;&#8212;&#8212;&#8212;&#8212;&#8212;&#8212;&#8212;&#8212;&#8211;<\/strong><\/span><\/p>\n<\/div>\n<div class=\"padd-box padd-box-small padd-footer-pages\">\n<p><strong><span style=\"color: #000080;\"><a style=\"color: #000080;\" title=\"Direction G\u00e9n\u00e9rale de la Recherche Scientifique et du D\u00e9veloppement Technologique\" href=\"http:\/\/www.dgrsdt.dz\/\"> <img loading=\"lazy\" class=\"wp-image-435 alignleft\" src=\"http:\/\/labs.ummto.dz\/set\/wp-content\/uploads\/2017\/02\/18035513_408033196220256_1033710486_n.png\" alt=\"\" width=\"114\" height=\"64\" \/><\/a> \u00a0 \u00a0\u00a0 \u00a0 \u00a0<\/span><\/strong><\/p>\n<p><strong><span style=\"color: #000080;\">\u00a0 <span style=\"color: #333399;\"><a style=\"color: #333399;\" title=\"Direction G\u00e9n\u00e9rale de la Recherche Scientifique et du D\u00e9veloppement Technologique\" href=\"http:\/\/www.dgrsdt.dz\/\" target=\"_blank\" rel=\"noopener noreferrer\">Direction G\u00e9n\u00e9rale de la Recherche Scientifique et du D\u00e9veloppement Technologique<\/a><\/span><\/span><\/strong><\/p>\n<p>&nbsp;<\/p>\n<p style=\"text-align: center;\"><strong><span style=\"color: #000080;\">&#8212;&#8212;&#8212;&#8212;&#8212;&#8212;&#8212;&#8212;&#8212;&#8212;&#8212;&#8212;&#8212;&#8212;&#8212;&#8212;&#8212;&#8212;&#8212;&#8212;&#8212;&#8212;&#8212;&#8212;&#8212;&#8212;&#8212;&#8212;&#8212;&#8212;&#8212;&#8212;&#8212;&#8212;&#8212;&#8212;&#8212;&#8212;&#8212;&#8212;&#8212;&#8212;&#8212;&#8212;&#8212;&#8212;&#8212;&#8212;&#8212;&#8212;&#8212;&#8212;&#8212;&#8212;&#8212;&#8212;&#8212;&#8212;&#8212;&#8211;<\/span><\/strong><\/p>\n<\/div>\n<\/div>\n<div id=\"footer-content-wrapper\">\n<p><strong><span style=\"color: #000080;\"><img loading=\"lazy\" class=\"wp-image-438 alignleft\" src=\"http:\/\/labs.ummto.dz\/set\/wp-content\/uploads\/2017\/02\/17965100_408045159552393_473231206_n.png\" alt=\"\" width=\"107\" height=\"83\" \/>\u00a0\u00a0\u00a0\u00a0 \u00a0 \u00a0 <\/span><\/strong><\/p>\n<p><strong><span style=\"color: #000080;\">\u00a0 \u00a0 \u00a0 <span style=\"color: #333399;\"><a style=\"color: #333399;\" title=\"Portail ARN\" href=\"http:\/\/www.arn.dz\/\" target=\"_blank\" rel=\"noopener noreferrer\">Portail ARN<\/a><\/span><\/span><\/strong><\/p>\n<p>&nbsp;<\/p>\n<\/div>\n<p><strong><span style=\"color: #000080;\">&#8212;&#8212;&#8212;&#8212;&#8212;&#8212;&#8212;&#8212;&#8212;&#8212;&#8212;&#8212;&#8212;&#8212;&#8212;&#8212;&#8212;&#8212;&#8212;&#8212;&#8212;&#8212;&#8212;&#8212;&#8212;&#8212;&#8212;&#8212;&#8212;&#8212;&#8212;&#8212;&#8212;&#8212;&#8212;&#8212;&#8212;&#8212;&#8212;&#8212;&#8212;&#8212;&#8212;&#8212;&#8212;&#8212;&#8212;&#8212;&#8212;&#8212;&#8212;&#8212;&#8212;&#8212;&#8212;&#8212;&#8212;&#8212;&#8212;&#8212;<\/span><\/strong><\/p>\n<div id=\"footer-content-wrapper\">\n<div class=\"padd-box padd-box-small padd-footer-pages\">\n<p><strong><span style=\"color: #000080;\"><img loading=\"lazy\" class=\"wp-image-434 size-full alignleft\" src=\"http:\/\/labs.ummto.dz\/set\/wp-content\/uploads\/2017\/02\/17974334_408033192886923_403362257_n.png\" alt=\"\" width=\"117\" height=\"100\" \/><\/span><\/strong><\/p>\n<p>&nbsp;<\/p>\n<p><strong><span style=\"color: #000080;\"><span style=\"color: #333399;\"><a style=\"color: #333399;\" title=\"Journal Officiel\" href=\"http:\/\/www.joradp.dz\/HAR\/Index.htm\" target=\"_blank\" rel=\"noopener noreferrer\">\u00a0Journal Officiel<\/a><\/span><\/span><\/strong><\/p>\n<\/div>\n<div class=\"padd-box padd-box-small padd-footer-pages\">\n<div class=\"padd-interior\">\n<div id=\"nav1\">\n<p>&nbsp;<\/p>\n<div id=\"footer-content-wrapper\"><\/div>\n<\/div>\n<\/div>\n<\/div>\n<\/div>\n","protected":false},"excerpt":{"rendered":"<p>\u00a0\u00a0 \u00a0\u00a0 \u00a0 Minist\u00e8re de l\u2019Enseignement Sup\u00e9rieur et de la Recherche Scientifique &#8212;&#8212;&#8212;&#8212;&#8212;&#8212;&#8212;&#8212;&#8212;&#8212;&#8212;&#8212;&#8212;&#8212;&#8212;&#8212;&#8212;&#8212;&#8212;&#8212;&#8212;&#8212;&#8212;&#8212;&#8212;&#8212;&#8212;&#8212;&#8212;&#8212;&#8212;&#8212;&#8212;&#8212;&#8212;&#8212;&#8212;&#8212;&#8212;&#8212;&#8212;&#8212;&#8212;&#8212;&#8212;&#8212;&#8212;&#8212;&#8212;&#8212;&#8212;&#8212;&#8212;&#8212;&#8212;&#8212;&#8212;&#8212;&#8212;&#8211; \u00a0 \u00a0\u00a0 \u00a0 \u00a0 \u00a0 Direction G\u00e9n\u00e9rale de la Recherche Scientifique et du D\u00e9veloppement Technologique &nbsp; &#8212;&#8212;&#8212;&#8212;&#8212;&#8212;&#8212;&#8212;&#8212;&#8212;&#8212;&#8212;&#8212;&#8212;&#8212;&#8212;&#8212;&#8212;&#8212;&#8212;&#8212;&#8212;&#8212;&#8212;&#8212;&#8212;&#8212;&#8212;&#8212;&#8212;&#8212;&#8212;&#8212;&#8212;&#8212;&#8212;&#8212;&#8212;&#8212;&#8212;&#8212;&#8212;&#8212;&#8212;&#8212;&#8212;&#8212;&#8212;&#8212;&#8212;&#8212;&#8212;&#8212;&#8212;&#8212;&#8212;&#8212;&#8212;&#8212;&#8211; \u00a0\u00a0\u00a0\u00a0 \u00a0 \u00a0 \u00a0&#46;&#46;&#46;<\/p>\n","protected":false},"author":1,"featured_media":0,"parent":0,"menu_order":0,"comment_status":"closed","ping_status":"closed","template":"","meta":[],"_links":{"self":[{"href":"http:\/\/labs.ummto.dz\/set\/wp-json\/wp\/v2\/pages\/91"}],"collection":[{"href":"http:\/\/labs.ummto.dz\/set\/wp-json\/wp\/v2\/pages"}],"about":[{"href":"http:\/\/labs.ummto.dz\/set\/wp-json\/wp\/v2\/types\/page"}],"author":[{"embeddable":true,"href":"http:\/\/labs.ummto.dz\/set\/wp-json\/wp\/v2\/users\/1"}],"replies":[{"embeddable":true,"href":"http:\/\/labs.ummto.dz\/set\/wp-json\/wp\/v2\/comments?post=91"}],"version-history":[{"count":39,"href":"http:\/\/labs.ummto.dz\/set\/wp-json\/wp\/v2\/pages\/91\/revisions"}],"predecessor-version":[{"id":782,"href":"http:\/\/labs.ummto.dz\/set\/wp-json\/wp\/v2\/pages\/91\/revisions\/782"}],"wp:attachment":[{"href":"http:\/\/labs.ummto.dz\/set\/wp-json\/wp\/v2\/media?parent=91"}],"curies":[{"name":"wp","href":"https:\/\/api.w.org\/{rel}","templated":true}]}}